{"id":7982,"date":"2023-09-21T19:55:19","date_gmt":"2023-09-21T18:55:19","guid":{"rendered":"https:\/\/www.la-academia-tango.net\/cms\/?page_id=7982"},"modified":"2023-09-21T21:42:32","modified_gmt":"2023-09-21T20:42:32","slug":"iron-tango-crete-2","status":"publish","type":"page","link":"https:\/\/www.la-academia-tango.net\/cms\/iron-tango-crete-2\/","title":{"rendered":"iron tango crete &#8211;"},"content":{"rendered":"<p><span style=\"color: #ff0000; font-size: 20px;\">IRON TANGO CRETE<\/span><\/p>\n<p><span style=\"color: #ff0000; font-size: 20px;\">30. August bis 7. September 2024<\/span><\/p>\n<p><span style=\"font-size: 19px;\">Liebe IRON TANGO FREUNDE;<\/span><\/p>\n<p>wir freuen uns darauf, n\u00e4chstes Jahr an einem besonderen Ort einen zweiten IRON TANGO\u00a0 feiern zu d\u00fcrfen und unseren Geburtstag.<\/p>\n<p>Vielleicht habt ihr Lust, dabei zu sein.<\/p>\n<p>Wir freuen uns auf eine gemeinsame Woche auf der wundersch\u00f6nen Insel Kreta in einer idyllischen Bucht im S\u00fcden der Insel.<\/p>\n<p>Es eine kleine \u00fcberschaubare\u00a0 Bucht ohne gro\u00dfe Hotels.<\/p>\n<p><strong><span style=\"color: #ff0000;\">!!! Lasst euch nicht zu lange Zeit &#8211; diese Reisezeit ist\u00a0 sehr beliebt<\/span><\/strong> und die Bucht ist mit fu\u00dfl\u00e4ufigen Unterk\u00fcnften nicht so \u00fcppig ausgestattet.<\/p>\n<pre><span style=\"color: #333333; font-family: georgia, palatino; font-size: 18px;\"><a style=\"color: #333333;\" href=\"https:\/\/www.la-academia-tango.net\/cms\/iron-tango-crete\/iron-tango-crete-info\/\">\u00bb Alle Infos\u00a0 zum IRON TANGO CRETE  + Anmeldung findet ihr hier<\/a><\/span><\/pre>\n<p>&nbsp;<\/p>\n<p style=\"text-align: center;\"><span style=\"color: #ff0000;\">\u00a0 \u00a0 \u00a0 \u00a0 \u00a0 \u00a0 ooooooooooooooooooooooooo<\/span><\/p>\n<p>&nbsp;<\/p>\n<p><span style=\"font-size: 16px;\"><em><span style=\"color: #ff0000;\">IRON TANGO CRETE<\/span><\/em><\/span><\/p>\n<p><span style=\"font-size: 16px;\"><em><span style=\"color: #ff0000;\">from 30 August to 7 September 2024<\/span><\/em><\/span><\/p>\n<p><span style=\"font-size: 16px; color: #808080;\"><em>We are looking forward to celebrating a second IRON TANGO and our birthday next year at the beautiful island of Crete with an idyllic bay in the south of island.<\/em><\/span><\/p>\n<p><span style=\"font-size: 16px; color: #808080;\"><em>It is a small manageable bay without big\u00a0 hotels.<\/em><\/span><\/p>\n<p><span style=\"font-size: 16px;\"><em><span style=\"color: #ff0000;\">!!! Don&#8217;t take too long &#8211; this travel time is very popular<\/span> <span style=\"color: #333333;\">and the bay is not so abundantly equipped with accommodations within walking distance.<\/span><\/em><\/span><\/p>\n<pre><span style=\"font-family: georgia, palatino;\"><em><span style=\"color: #808080;\"><a style=\"color: #808080;\" href=\"https:\/\/www.la-academia-tango.net\/cms\/iron-tango-crete\/iron-tango-crete-engl\/\">\u00bb IRON TANGO CRETE - Infos  + Registration Engl<\/a><\/span><\/em><\/span><\/pre>\n<p style=\"text-align: center;\"><span style=\"color: #ff0000;\">\u00a0 \u00a0 \u00a0 \u00a0 \u00a0 \u00a0 ooooooooooooooooooooooooo<\/span><\/p>\n<p style=\"text-align: center;\"><span style=\"color: #ffffff;\">.<\/span><\/p>\n<p>&nbsp;<\/p>\n<p style=\"text-align: center;\"><strong><span style=\"color: #ff0000; font-size: 35px;\"><a style=\"color: #ff0000;\" href=\"https:\/\/www.la-academia-tango.net\/cms\/iron-tango-crete\/\" target=\"_blank\" rel=\"noopener\">\u00bb Registration<\/a><\/span><\/strong><\/p>\n<p>&nbsp;<\/p>\n<p style=\"text-align: center;\"><span style=\"color: #ffffff;\">.<\/span><\/p>\n<p>&nbsp;<\/p>\n<p style=\"text-align: center;\"><iframe loading=\"lazy\" title=\"YouTube video player\" src=\"https:\/\/www.youtube.com\/embed\/ZxKcSGe1lyA?si=MKrqA1h1UzJCgrtX\" width=\"560\" height=\"315\" frameborder=\"0\" allowfullscreen=\"allowfullscreen\"><\/iframe><\/p>\n<p>&nbsp;<\/p>\n<p style=\"text-align: center;\"><span style=\"color: #ffffff;\">.<\/span><\/p>\n<p>&nbsp;<\/p>\n<p>&nbsp;<\/p>\n<p><a href=\"https:\/\/www.la-academia-tango.net\/cms\/iron-tango-crete\/\"><img loading=\"lazy\" decoding=\"async\" class=\"prozent aligncenter wp-image-7733 size-large\" src=\"https:\/\/www.la-academia-tango.net\/cms\/wp-content\/uploads\/iron-tango-crete-1-vorder-flyer-1024x483.jpg\" alt=\"\" width=\"1024\" height=\"483\" \/><\/a><\/p>\n<p style=\"text-align: center;\"><span style=\"color: #ffffff;\">.<\/span><\/p>\n<p><a href=\"https:\/\/www.la-academia-tango.net\/cms\/iron-tango-crete\/\"><span style=\"color: #808080; font-size: 8px;\">\u00bb\u00a0 IRON TANGO CRETE\u00a0<\/span><\/a><\/p>\n<p>&nbsp;<\/p>\n<p>&nbsp;<\/p>\n<p>&nbsp;<\/p>\n<p>&nbsp;<\/p>\n<p>&nbsp;<\/p>\n<p>&nbsp;<\/p>\n<p>&nbsp;<\/p>\n<p>&nbsp;<\/p>\n<p>&nbsp;<\/p>\n<p style=\"text-align: center;\"><span style=\"color: #ffffff;\">.<\/span><\/p>\n<p style=\"text-align: center;\"><span style=\"color: #ffffff;\">.<\/span><\/p>\n<p style=\"text-align: center;\"><span style=\"color: #ffffff;\">.<\/span><\/p>\n<p style=\"text-align: center;\"><img loading=\"lazy\" decoding=\"async\" class=\"wp-image-4275 aligncenter\" src=\"https:\/\/www.la-academia-tango.net\/cms\/wp-content\/uploads\/Werbung-Schnirkel-klein2.png\" alt=\"\" width=\"226\" height=\"34\" srcset=\"https:\/\/www.la-academia-tango.net\/cms\/wp-content\/uploads\/Werbung-Schnirkel-klein2.png 962w, https:\/\/www.la-academia-tango.net\/cms\/wp-content\/uploads\/Werbung-Schnirkel-klein2-300x45.png 300w, https:\/\/www.la-academia-tango.net\/cms\/wp-content\/uploads\/Werbung-Schnirkel-klein2-768x116.png 768w\" sizes=\"auto, (max-width: 226px) 100vw, 226px\" \/><\/p>\n<p style=\"text-align: center;\"><span style=\"color: #ffffff;\">.<\/span><\/p>\n<div class=\"line-red\" style=\"text-align: center;\"><\/div>\n<pre><span style=\"color: #ff0000;\"><a style=\"color: #ff0000;\" href=\"http:\/\/www.la-academia-tango.net\/cms\/newsletter-anmeldung\/\">\u00bb Wer vorzeitig per Mail \u00fcber Termine informiert werden m\u00f6chte, klickt bitte \u00a0hier<\/a><\/span><\/pre>\n<address>\u00a0<\/address>\n<pre><span style=\"color: #ff0000;\"><a style=\"color: #ff0000;\" href=\"https:\/\/www.la-academia-tango.net\/cms\/keinen-newsletter-mehr\/\">\u00bb Hier kannst du den Newsletter abbestellen<\/a><\/span><\/pre>\n<address>\u00a0<\/address>\n<address>\u00a0<\/address>\n<p>&nbsp;<\/p>\n","protected":false},"excerpt":{"rendered":"<p>IRON TANGO CRETE 30. August bis 7. September 2024 Liebe IRON TANGO FREUNDE; wir freuen uns darauf, n\u00e4chstes Jahr an einem besonderen Ort einen zweiten IRON TANGO\u00a0 feiern zu d\u00fcrfen und unseren Geburtstag. Vielleicht habt[&#8230;]<\/p>\n","protected":false},"author":2,"featured_media":0,"parent":0,"menu_order":0,"comment_status":"closed","ping_status":"closed","template":"","meta":{"footnotes":""},"class_list":["post-7982","page","type-page","status-publish","hentry"],"_links":{"self":[{"href":"https:\/\/www.la-academia-tango.net\/cms\/wp-json\/wp\/v2\/pages\/7982","targetHints":{"allow":["GET"]}}],"collection":[{"href":"https:\/\/www.la-academia-tango.net\/cms\/wp-json\/wp\/v2\/pages"}],"about":[{"href":"https:\/\/www.la-academia-tango.net\/cms\/wp-json\/wp\/v2\/types\/page"}],"author":[{"embeddable":true,"href":"https:\/\/www.la-academia-tango.net\/cms\/wp-json\/wp\/v2\/users\/2"}],"replies":[{"embeddable":true,"href":"https:\/\/www.la-academia-tango.net\/cms\/wp-json\/wp\/v2\/comments?post=7982"}],"version-history":[{"count":10,"href":"https:\/\/www.la-academia-tango.net\/cms\/wp-json\/wp\/v2\/pages\/7982\/revisions"}],"predecessor-version":[{"id":8001,"href":"https:\/\/www.la-academia-tango.net\/cms\/wp-json\/wp\/v2\/pages\/7982\/revisions\/8001"}],"wp:attachment":[{"href":"https:\/\/www.la-academia-tango.net\/cms\/wp-json\/wp\/v2\/media?parent=7982"}],"curies":[{"name":"wp","href":"https:\/\/api.w.org\/{rel}","templated":true}]}}