{"id":7838,"date":"2023-08-21T17:06:12","date_gmt":"2023-08-21T16:06:12","guid":{"rendered":"https:\/\/www.la-academia-tango.net\/cms\/?page_id=7838"},"modified":"2025-08-07T09:46:49","modified_gmt":"2025-08-07T08:46:49","slug":"iron-tango-crete-uebernachtung","status":"publish","type":"page","link":"https:\/\/www.la-academia-tango.net\/cms\/iron-tango-crete\/iron-tango-crete-uebernachtung\/","title":{"rendered":"iron tango crete &#8211; \u00dcbernachtung"},"content":{"rendered":"<p>Die Zimmer und Studios die wir hier aufgef\u00fchrt haben, sind\u00a0 alle sehr h\u00fcbsch und einfach eingerichtet. Beim Anklicken des Namens gelangt ihr zur Webseite. Wenn nicht, kann man sie nur \u00fcber Portale buchen. Den Link zu Google Maps habt ihr auch dabei.<\/p>\n<p>&nbsp;<\/p>\n<p>Im Voukelari bei Athanasia und Stelios finden die Milongas und Praktikas statt. Die beschriebenen Fu\u00dfminuten beziehen sich immer auf diesen Ort.<\/p>\n<p>Im Voukelari und Alikes\u00a0 alle verf\u00fcgbaren Zimmer bereits ausgebucht<\/p>\n<p>Auch wenn ihr wo anders \u00fcbernachtet, freuen\u00a0 sich Athanasia und Stelios \u00fcber eure Fr\u00fchst\u00fccksbuchung.<br \/>\nDas Fr\u00fchst\u00fcck ist sooooooo lecker und reichhaltig mit diversen Pancakes, verschiedenen griechischen K\u00e4sesorten, Oliven, Brot, Eierspeisen, griechischem Joghurt, den wunderbaren griechischen Tomaten, mindestens 2 oder 3 Sorten selbstgemachter Marmelade, frisch gepresster Orangensaft, Melone und anderes Obst, und und und<\/p>\n<p>Au\u00dferdem beginnen wir nach dem Fr\u00fchst\u00fcck gleich mit der Praktika.<\/p>\n<p>Wenn ihr fr\u00fcher anreisen wollt oder l\u00e4nger bleiben wollt, schreibt das in eure Anmeldung im Formular mit hinein. Wir fragen dann konkret an.<\/p>\n<p>&nbsp;<\/p>\n<p><span style=\"color: #ff0000;\"><a style=\"color: #ff0000;\" href=\"https:\/\/voukelari.gr\/\" target=\"_blank\" rel=\"noopener nofollow\">\u00bb Voukelari Studios &amp; Taverna &#8211; Milonga- und Veranstungsort<\/a><\/span><span style=\"color: #333333;\"><br \/>\n<span style=\"font-size: 14px;\">Die Zimmerbuchung erfolgt \u00fcber uns<\/span><a class=\"fs-14 bold custom_font_color\" style=\"color: #333333;\" href=\"mailto:info@voukelari.gr\"><br \/>\n<\/a><\/span><a href=\"https:\/\/www.google.com\/maps\/place\/Voukelari+Rooms\/@35.1921531,24.3664168,18z\/data=!4m17!1m7!3m6!1s0x149b6ff5ad7dac23:0x71f53491ef0ddcc3!2sSene+villa!8m2!3d35.1920383!4d24.3687189!16s%2Fg%2F11pv57h1tr!3m8!1s0x149b6f17928e193d:0xe4c93ee792137e86!5m2!4m1!1i2!8m2!3d35.1918809!4d24.3689901!16s%2Fg%2F11b73qdn89?authuser=0&amp;entry=ttu\" target=\"_blank\" rel=\"noopener nofollow\"><span style=\"font-size: 10px; color: #808080;\">google map Voukelari <\/span><\/a><span style=\"color: #808080; font-size: 9px;\">\u00a0 \u00a0 \u00a0 \u00a0<\/span><\/p>\n<p><span style=\"color: #ffffff;\">.<\/span><\/p>\n<p><a href=\"http:\/\/www.villaalykesplakias.gr\/default.aspx\" target=\"_blank\" rel=\"noopener nofollow\"><span style=\"color: #ff0000;\">\u00bb Villa Alikes <\/span><\/a><br \/>\n<span style=\"font-size: 14px;\"><span style=\"color: #333333;\">Die Zimmerbuchung erfolgt \u00fcber uns<\/span><\/span><br \/>\n<a href=\"https:\/\/www.google.com\/maps\/place\/Villa+Alykes\/@35.1921531,24.3664168,18z\/data=!4m14!1m7!3m6!1s0x149b6ff5ad7dac23:0x71f53491ef0ddcc3!2sSene+villa!8m2!3d35.1920383!4d24.3687189!16s%2Fg%2F11pv57h1tr!3m5!1s0x149b6f17f31befcb:0x7fb230cc9953bccc!8m2!3d35.191595!4d24.369267!16s%2Fg%2F11b5wkl49g?authuser=0&amp;entry=ttu\" target=\"_blank\" rel=\"noopener nofollow\"><span style=\"font-size: 10px; color: #808080;\">google map <\/span><\/a><span style=\"color: #808080; font-size: 9px;\">\u00a0 \u00a0 \u00a0 \u00a0 \u00a0 \u00a0 \u00a0 \u00a0entfernt zu Voukelari \/Distance to walk: 1 Fu\u00dfminute -direkt nebenan<\/span><\/p>\n<p><span style=\"color: #ffffff;\">.<\/span><\/p>\n<p><a href=\"https:\/\/senevilla.com\/\" target=\"_blank\" rel=\"noopener nofollow\"><span style=\"color: #ff0000;\">\u00bb Sene Villa\u00a0<\/span><\/a><br \/>\n<span style=\"font-size: 14px; color: #333333;\">\u00a0<span style=\"color: #808080; font-size: 12px;\">&#x1f4de;<\/span> +30 6947040534\u00a0 \u00a0 \u00a0<span style=\"color: #993366;\">&#x2709;<\/span> contact@senevilla.com<\/span><br \/>\n<span style=\"font-size: 10px; color: #808080;\"><a style=\"color: #808080;\" href=\"https:\/\/www.google.com\/maps\/place\/Sene+villa\/@35.1921531,24.3664168,18z\/data=!4m6!3m5!1s0x149b6ff5ad7dac23:0x71f53491ef0ddcc3!8m2!3d35.1920383!4d24.3687189!16s%2Fg%2F11pv57h1tr?authuser=0&amp;entry=ttu\" target=\"_blank\" rel=\"noopener nofollow\">google map Sene Villa\u00a0 <\/a><\/span><span style=\"color: #808080; font-size: 9px;\">\u00a0 \u00a0 \u00a0 \u00a0 \u00a0 \u00a0 \u00a0entfernt zu Voukelari \/Distance to: 1 Fu\u00dfminute direkt daneben<\/span><\/p>\n<p>&nbsp;<\/p>\n<p><a href=\"http:\/\/amalia-studios-plakias.gr\/\" target=\"_blank\" rel=\"noopener nofollow\"><span style=\"color: #ff0000;\">\u00bb Amalia<\/span><\/a><br \/>\n<span style=\"font-size: 14px;\"> <span style=\"font-size: 14px; color: #333333;\"><span style=\"color: #808080; font-size: 12px;\">&#x1f4de;<\/span><\/span><span style=\"color: #808080;\">\u00a0<\/span>Lenka &amp; Vangelis Roukounakis \u00a0 +30-28320-32107\u00a0 \u00a0 <span style=\"font-size: 14px; color: #333333;\"><span style=\"color: #993366;\">&#x2709;<\/span><\/span> amaliarooms@yahoo.com<\/span><br \/>\n<a href=\"https:\/\/www.google.com\/maps\/place\/Amalia+Studios\/@35.1921531,24.3664168,18z\/data=!4m14!1m7!3m6!1s0x149b6ff5ad7dac23:0x71f53491ef0ddcc3!2sSene+villa!8m2!3d35.1920383!4d24.3687189!16s%2Fg%2F11pv57h1tr!3m5!1s0x149b6f1654cd710d:0x99b3bfa94249b2ef!8m2!3d35.1932061!4d24.365728!16s%2Fg%2F1hf3kz_vd?authuser=0&amp;entry=ttu\" target=\"_blank\" rel=\"noopener nofollow\"><span style=\"font-size: 10px; color: #808080;\">google map <\/span><\/a><span style=\"color: #808080; font-size: 9px;\">\u00a0 \u00a0 \u00a0 \u00a0 \u00a0 \u00a0 \u00a0 \u00a0entfernt zu Voukelari \/Distance to walk: 7 Fu\u00dfminute direkt daneben<\/span><\/p>\n<p><span style=\"color: #ffffff;\">.<\/span><\/p>\n<p><a href=\"https:\/\/akrogiali.de\/\" target=\"_blank\" rel=\"noopener nofollow\"><span style=\"color: #ff0000;\">\u00bb Akrogiali<\/span><\/a><br \/>\n<span style=\"font-size: 14px;\"> <span style=\"font-size: 14px; color: #333333;\"><span style=\"color: #808080; font-size: 12px;\">&#x1f4de;<\/span><\/span>\u00a0Silke &amp; Pandelis Diakoumakis +30-28320-32097\u00a0 <span style=\"font-size: 14px; color: #333333;\"><span style=\"color: #993366;\">&#x2709;<\/span><\/span> \u00a0akrogiali70@hotmail.com<\/span><br \/>\n<a href=\"https:\/\/www.google.com\/maps\/place\/Studios+Akrogiali\/@35.1926087,24.3658049,18.52z\/data=!4m6!3m5!1s0x149b6f0b56413af5:0xd73f6bcfa6a14028!8m2!3d35.1934198!4d24.3653567!16s%2Fg%2F11td0vm9y3?authuser=0&amp;entry=ttu\" target=\"_blank\" rel=\"noopener nofollow\"><span style=\"font-size: 10px; color: #808080;\">google map <\/span><\/a><span style=\"color: #808080; font-size: 9px;\">\u00a0 \u00a0 \u00a0 \u00a0 \u00a0 \u00a0 \u00a0 \u00a0entfernt zu Voukelari \/Distance to walk: 7 Fu\u00dfminute<\/span><\/p>\n<p><span style=\"color: #ffffff;\">.<\/span><\/p>\n<p><span style=\"color: #ff0000;\">\u00bb Eolia studios <span style=\"font-size: 13px; color: #808080;\">(keine Webseite gefunden)<\/span><\/span><br \/>\n<span style=\"font-size: 14px;\"><span style=\"font-size: 14px; color: #333333;\"><span style=\"color: #808080; font-size: 12px;\">&#x1f4de; <\/span><\/span>+302832032102\u00a0 <span style=\"font-size: 14px; color: #333333;\"><span style=\"color: #993366;\">&#x2709;<\/span><\/span> info@eoliastudios.com<\/span><br \/>\n<a href=\"https:\/\/www.google.com\/maps\/place\/Eolia+Studios\/@35.1926087,24.3658049,18.52z\/data=!4m6!3m5!1s0x149b6f1651ace895:0xb8c778f49c7688a9!8m2!3d35.1930851!4d24.3662825!16s%2Fg%2F11crxs6kk9?authuser=0&amp;entry=ttu\" target=\"_blank\" rel=\"noopener nofollow\"><span style=\"font-size: 10px; color: #808080;\">google map <\/span><\/a><span style=\"color: #808080; font-size: 9px;\">\u00a0 \u00a0 \u00a0 \u00a0 \u00a0 \u00a0 \u00a0 \u00a0entfernt zu Voukelari \/Distance to walk: <\/span><\/p>\n<p><span style=\"color: #ffffff;\">.<\/span><\/p>\n<p><a href=\"https:\/\/www.facebook.com\/people\/studio-pelagos-souda-rethymno\/100063511422402\/\" target=\"_blank\" rel=\"noopener nofollow\"><span style=\"color: #ff0000;\">\u00bb Pelagos<\/span><\/a><br \/>\n<span style=\"font-size: 14px;\">\u00a0 <span style=\"font-size: 14px; color: #333333;\"><span style=\"color: #808080; font-size: 12px;\">&#x1f4de;<\/span><\/span>+30 697 233 5956\u00a0 <span style=\"font-size: 14px; color: #333333;\"><span style=\"color: #993366;\">&#x2709;<\/span><\/span> \u00a0pelagostirakis@gmail.com<\/span><br \/>\n<span style=\"font-size: 10px; color: #808080;\">g<a href=\"https:\/\/www.google.com\/maps\/place\/Hotel+Pelagos\/@35.1938889,24.3653413,18.52z\/data=!4m5!3m4!1s0x149b6f167cfe1db3:0xda73b6c5eb4ac81c!8m2!3d35.1939208!4d24.3644662?authuser=0&amp;entry=ttu\" target=\"_blank\" rel=\"noopener nofollow\">oogle map <\/a><\/span><span style=\"color: #808080; font-size: 9px;\">\u00a0 \u00a0 \u00a0 \u00a0 \u00a0 \u00a0 \u00a0 \u00a0entfernt zu Voukelari \/Distance to walk: 10 Fu\u00dfminuten<\/span><\/p>\n<p><span style=\"color: #ffffff;\">.<\/span><\/p>\n<p><a href=\"https:\/\/www.nostalgia-plakias.gr\/\" target=\"_blank\" rel=\"noopener nofollow\"><span style=\"color: #ff0000;\">\u00bb Nostalgia<\/span><\/a><br \/>\n<span style=\"font-size: 14px;\"> <span style=\"font-size: 14px; color: #333333;\"><span style=\"color: #808080; font-size: 12px;\">&#x1f4de;<\/span><\/span> +30-28320-31590\u00a0 <span style=\"font-size: 14px; color: #333333;\"><span style=\"color: #993366;\">&#x2709;<\/span><\/span> info@nostalgia-plakias.gr<\/span><br \/>\n<a href=\"https:\/\/www.google.com\/maps\/place\/%CE%94%CE%B9%CE%B1%CE%BC%CE%B5%CF%81%CE%AF%CF%83%CE%BC%CE%B1%CF%84%CE%B1+%CE%9D%CE%BF%CF%83%CF%84%CE%B1%CE%BB%CE%B3%CE%AF%CE%B1-Nostalgia+apartments\/@35.1945665,24.3692714,18.26z\/data=!4m9!3m8!1s0x149b6f19db29d047:0xcbfb5212d5d3bcc9!5m2!4m1!1i2!8m2!3d35.1936341!4d24.3707346!16s%2Fg%2F1hd__fjyv?authuser=0&amp;entry=ttu\" target=\"_blank\" rel=\"noopener nofollow\"><span style=\"font-size: 10px; color: #808080;\">google map <\/span><\/a><span style=\"color: #808080; font-size: 9px;\">\u00a0 \u00a0 \u00a0 \u00a0 \u00a0 \u00a0 \u00a0 \u00a0entfernt zu Voukelari \/Distance to walk: 12 Fu\u00dfminuten<\/span><\/p>\n<p><span style=\"color: #ffffff;\">.<\/span><\/p>\n<p><a href=\"https:\/\/www.google.com\/maps\/place\/Souda+Mare\/@35.191303,24.3643544,17z\/data=!4m13!1m2!2m1!1sHotels!3m9!1s0x149b6f1817ed36b5:0xcaf2cdfdbd51f820!5m2!4m1!1i2!8m2!3d35.1911909!4d24.370795!15sCgZIb3RlbHOSAQVob3RlbOABAA!16s%2Fg%2F11xnq95sn?authuser=0&amp;entry=ttu\" target=\"_blank\" rel=\"noopener nofollow\"><span style=\"color: #ff0000;\">\u00bb Hotel Souda Mare <\/span><\/a><span style=\"font-size: 14px;\"><span style=\"color: #ff0000;\"><span style=\"font-size: 13px; color: #808080;\">(keine Webseite gefunden)<\/span><\/span><br \/>\n<span style=\"font-size: 14px; color: #333333;\"><span style=\"color: #808080; font-size: 12px;\">&#x1f4de; <\/span><\/span>+30 2832 031931<\/span><br \/>\n<a href=\"https:\/\/www.google.com\/maps\/place\/Souda+Mare\/@35.1924674,24.3721564,17z\/data=!4m9!3m8!1s0x149b6f1817ed36b5:0xcaf2cdfdbd51f820!5m2!4m1!1i2!8m2!3d35.1911909!4d24.370795!16s%2Fg%2F11xnq95sn?authuser=0&amp;entry=ttu\" target=\"_blank\" rel=\"noopener nofollow\"><span style=\"font-size: 10px; color: #808080;\">google map <\/span><\/a><span style=\"color: #808080; font-size: 9px;\">\u00a0 \u00a0 \u00a0 \u00a0 \u00a0 \u00a0 \u00a0 \u00a0entfernt zu Voukelari \/Distance to walk: 7 Fu\u00dfminuten<\/span><\/p>\n<p><span style=\"color: #ffffff;\">.<\/span><\/p>\n<p><a href=\"https:\/\/pureliving.center\/phoenix-hotel\/\" target=\"_blank\" rel=\"noopener nofollow\"><span style=\"color: #ff0000;\">\u00bb Phoenix<\/span><\/a><br \/>\n<span style=\"font-size: 14px;\"><span style=\"font-size: 14px; color: #333333;\"><span style=\"color: #808080; font-size: 12px;\">&#x1f4de;<\/span><\/span>+302832031331\u00a0 &amp; +49\/170\/7222079\u00a0 Katrin Kammermeier\u00a0 \u00a0 <span style=\"font-size: 14px; color: #333333;\"><span style=\"color: #993366;\">&#x2709;<\/span><\/span> info@PureLiving.Center<\/span><br \/>\n<span style=\"font-size: 10px; color: #808080;\"><a href=\"https:\/\/www.google.com\/maps\/place\/Hotel+Phoenix\/@35.1915585,24.3685879,17z\/data=!3m1!4b1!4m10!3m9!1s0x149b6f1844036401:0x8cbc4cf923666f6f!5m3!1s2023-09-18!4m1!1i2!8m2!3d35.1915541!4d24.3711682!16s%2Fg%2F11c536ml4n?authuser=0&amp;entry=ttu\" target=\"_blank\" rel=\"noopener nofollow\">google map<\/a> <\/span><span style=\"color: #808080; font-size: 9px;\">\u00a0 \u00a0 \u00a0 \u00a0 \u00a0 \u00a0 \u00a0 \u00a0entfernt zu Voukelari \/Distance to walk: 7 Fu\u00dfminuten<\/span><\/p>\n<p><span style=\"color: #ffffff;\">.<\/span><\/p>\n<p><a href=\"https:\/\/cretamareplakias.com\/\" target=\"_blank\" rel=\"noopener nofollow\"><span style=\"color: #ff0000;\">\u00bb Creta Mare<\/span><\/a><br \/>\n<span style=\"font-size: 14px;\">\u00a0&#x1f4de; (+30) 2832032239,\u00a0\u00a0&#x1f4de;(+30) 6978303680\u00a0 \u00a0&#x2709;\u00a0 info@cretamareplakias.com<\/span><br \/>\n<a href=\"https:\/\/www.google.com\/maps\/place\/Creta+Mare\/@35.1915599,24.3910515,19.86z\/data=!4m15!1m5!3m4!2zMzXCsDExJzMwLjciTiAyNMKwMjMnMjcuOSJF!8m2!3d35.1918518!4d24.3910724!3m8!1s0x149b6ee5cf4c552f:0x2d1c4f1274a1be27!5m2!4m1!1i2!8m2!3d35.1918408!4d24.3910295!16s%2Fg%2F1vntxvmw?entry=ttu\" target=\"_blank\" rel=\"noopener nofollow\"><span style=\"font-size: 10px; color: #808080;\">google map <\/span><\/a><span style=\"color: #808080; font-size: 9px;\">\u00a0 \u00a0 \u00a0 \u00a0 \u00a0 \u00a0 \u00a0 \u00a0entfernt zu Voukelari \/Distance to walk:\u00a0 30 Fu\u00dfminuten<\/span><\/p>\n<p><span style=\"color: #ffffff;\">.<\/span><\/p>\n<p><a href=\"https:\/\/cretaspirit.com\/\" target=\"_blank\" rel=\"noopener nofollow\"><span style=\"color: #ff0000;\">\u00bb Creta Spirit<\/span><\/a><br \/>\n<span style=\"font-size: 14px;\"><span style=\"font-size: 14px; color: #333333;\"><span style=\"color: #808080; font-size: 12px;\">&#x1f4de;\u00a0<\/span><\/span> 2832032115\u00a0 <span style=\"font-size: 14px; color: #333333;\"><span style=\"color: #993366;\">&#x2709;<\/span><\/span> \u00a0arabatz6@otenet.gr<\/span><br \/>\n<span style=\"font-size: 10px; color: #808080;\"><a href=\"https:\/\/www.google.com\/maps\/place\/Creta+Spirit\/@35.19168,24.3685601,17z\/data=!4m13!1m2!2m1!1sHotels!3m9!1s0x149b6f17f4e8aeab:0xd27ddfc9fed534cd!5m2!4m1!1i2!8m2!3d35.1922272!4d24.3745987!15sCgZIb3RlbHOSAQVob3RlbOABAA!16s%2Fg%2F113fj4_4y?authuser=0&amp;entry=ttu\" target=\"_blank\" rel=\"noopener nofollow\">google map<\/a> <\/span><span style=\"color: #808080; font-size: 9px;\">\u00a0 \u00a0 \u00a0 \u00a0 \u00a0 \u00a0 \u00a0 \u00a0entfernt zu Voukelari \/Distance to walk: 15 Fu\u00dfminuten<\/span><\/p>\n<p><span style=\"color: #ffffff;\">.<\/span><\/p>\n<p><span style=\"color: #ff0000;\"><a style=\"color: #ff0000;\" href=\"https:\/\/fotinarimare.com\/\" target=\"_blank\" rel=\"noopener nofollow\">\u00bb Fotinari Mare Villa<\/a><br \/>\n<\/span><span style=\"font-size: 14px;\"> <span style=\"font-size: 14px; color: #333333;\"><span style=\"color: #808080; font-size: 12px;\">&#x1f4de;<\/span><\/span><span style=\"color: #808080;\">\u00a0+306978012449\u00a0 \u00a0 \u00a0 \u00a0 \u00a0 <span style=\"font-size: 14px; color: #333333;\"><span style=\"color: #993366;\">&#x2709;<\/span><\/span> info@fotinarimare.com<\/span><\/span><br \/>\n<a href=\"https:\/\/www.google.com\/maps\/place\/Fotinari+Mare+Villa\/@35.192038,24.3717133,17.78z\/data=!4m12!1m2!2m1!1sHotels!3m8!1s0x149b6f250d1f4235:0x7ef2a6b1ecddd26d!5m2!4m1!1i2!8m2!3d35.192674!4d24.3729364!16s%2Fg%2F11fmbkr2bg?authuser=0&amp;entry=ttu\" target=\"_blank\" rel=\"noopener nofollow\"><span style=\"font-size: 10px; color: #808080;\">google map <\/span><\/a><span style=\"color: #808080; font-size: 9px;\">\u00a0 \u00a0 \u00a0 \u00a0 \u00a0 \u00a0 \u00a0 \u00a0entfernt zu Voukelari \/Distance to walk:\u00a0 7 Fu\u00dfminuten<\/span><\/p>\n<p><span style=\"color: #ffffff;\">.<\/span><\/p>\n<p><span style=\"color: #ff0000;\">\u00bb Souda Bay<br \/>\n<\/span><span style=\"font-size: 14px;\"> <span style=\"font-size: 14px; color: #333333;\"><span style=\"color: #808080; font-size: 12px;\">&#x1f4de;<\/span><\/span><span style=\"color: #808080;\">\u00a0 \u00a0+302832031911\u00a0 \u00a0 \u00a0 <span style=\"font-size: 14px; color: #333333;\"><span style=\"color: #993366;\">&#x2709;<\/span><\/span><\/span><\/span><br \/>\n<a href=\"https:\/\/www.google.com\/maps\/place\/Apartment+Souda+Bay\/@35.1927825,24.3741347,18.78z\/data=!4m16!1m6!2m5!1sHotels!5m3!5m2!4m1!1i2!3m8!1s0x149b6f19493f6851:0x11b88e2d12b47e0f!5m2!4m1!1i2!8m2!3d35.1931312!4d24.3751919!16s%2Fg%2F11g9jm7sds?authuser=0&amp;entry=ttu\" target=\"_blank\" rel=\"noopener nofollow\"><span style=\"font-size: 10px; color: #808080;\">google map <\/span><\/a><span style=\"color: #808080; font-size: 9px;\">\u00a0 \u00a0 \u00a0 \u00a0 \u00a0 \u00a0 \u00a0 \u00a0entfernt zu Voukelari \/Distance to walk: 12 Fu\u00dfminuten<\/span><\/p>\n<p><span style=\"color: #ffffff;\">.<\/span><\/p>\n<p><span style=\"color: #ff0000;\"><a style=\"color: #ff0000;\" href=\"https:\/\/skinos-plakias.com\/\" target=\"_blank\" rel=\"noopener nofollow\">\u00bb Skinos Apartments<\/a><br \/>\n<\/span><span style=\"font-size: 14px;\"> <span style=\"font-size: 14px; color: #333333;\"><span style=\"color: #808080; font-size: 12px;\">&#x1f4de;<\/span><\/span><span style=\"color: #808080;\">\u00a0(+30) 6974191242\u00a0 \u00a0 \u00a0 \u00a0 \u00a0 <span style=\"font-size: 14px; color: #333333;\"><span style=\"color: #993366;\">&#x2709;<\/span><\/span> \u00a0info@skinos-plakias.com<\/span><\/span><br \/>\n<a href=\"https:\/\/www.google.com\/maps\/place\/Skinos+Apartments\/@35.19316,24.3860167,17z\/data=!3m1!4b1!4m10!3m9!1s0x149b6ee46efbea3f:0xf92d54d09cdf0b04!5m3!1s2023-09-05!4m1!1i2!8m2!3d35.19316!4d24.388597!16s%2Fg%2F1vgx2yfh?authuser=0&amp;entry=ttu\" target=\"_blank\" rel=\"noopener nofollow\"><span style=\"font-size: 10px; color: #808080;\">google map <\/span><\/a><span style=\"color: #808080; font-size: 9px;\">\u00a0 \u00a0 \u00a0 \u00a0 \u00a0 \u00a0 \u00a0 \u00a0entfernt zu Voukelari \/Distance to walk:\u00a0 26 Fu\u00dfminuten<\/span><\/p>\n<p><span style=\"color: #ffffff;\">.<\/span><\/p>\n<p><span style=\"color: #ff0000;\"><a style=\"color: #ff0000;\" href=\"http:\/\/www.fotmar.gr\/contact.aspx?lan=Ger\" target=\"_blank\" rel=\"noopener nofollow\">\u00bb Fotmar<\/a><br \/>\n<\/span><span style=\"font-size: 14px;\"> <span style=\"font-size: 14px; color: #333333;\"><span style=\"color: #808080; font-size: 12px;\">&#x1f4de;<\/span><\/span><span style=\"color: #808080;\">\u00a0 \u00a0 +30 6945951038\u00a0 \u00a0 \u00a0 <span style=\"font-size: 14px; color: #333333;\"><span style=\"color: #993366;\">&#x2709;<\/span><\/span> \u00a0info@fotmar.gr<\/span><\/span><br \/>\n<span style=\"font-size: 10px; color: #808080;\"><a href=\"https:\/\/www.google.com\/maps\/place\/Fotmar\/@35.1935563,24.3760351,19.04z\/data=!4m17!1m6!2m5!1sHotels!5m3!5m2!4m1!1i2!3m9!1s0x149b6f1eb4e29857:0x4cde29759fc9284a!5m2!4m1!1i2!8m2!3d35.1931016!4d24.3758503!15sCgZIb3RlbHOSAQ5pbmRvb3JfbG9kZ2luZ-ABAA!16s%2Fg%2F11b73jhtj4?authuser=0&amp;entry=ttu\" target=\"_blank\" rel=\"noopener nofollow\">google map<\/a> <\/span><span style=\"color: #808080; font-size: 9px;\">\u00a0 \u00a0 \u00a0 \u00a0 \u00a0 \u00a0 \u00a0 \u00a0entfernt zu Voukelari \/Distance to walk: 13 Fu\u00dfminuten<\/span><\/p>\n<p><span style=\"color: #ffffff;\">.<\/span><\/p>\n<p><span style=\"color: #ff0000;\">\u00bb Elena Phoenix Apartments<br \/>\n<\/span><span style=\"font-size: 14px;\"><span style=\"color: #808080;\"><span style=\"font-size: 14px; color: #333333;\"><span style=\"color: #808080; font-size: 12px;\">&#x1f4de;<\/span><\/span> \u00a0 \u00a0+30 2832 032108\u00a0 \u00a0 \u00a0 <span style=\"font-size: 14px; color: #333333;\"><span style=\"color: #993366;\">&#x2709;<\/span><\/span><\/span><\/span><br \/>\n<span style=\"font-size: 10px; color: #808080;\"><a href=\"https:\/\/www.google.com\/maps\/place\/Elena+Phoenix+Apartments\/@35.1933324,24.3735417,17.48z\/data=!4m16!1m6!2m5!1sHotels!5m3!5m2!4m1!1i2!3m8!1s0x149b6f194468d7ed:0xea4bc13a0af2c105!5m2!4m1!1i2!8m2!3d35.194245!4d24.3742489!16s%2Fg%2F12hkfhx9x?authuser=0&amp;entry=ttu\" target=\"_blank\" rel=\"noopener nofollow\">google map<\/a> <\/span><span style=\"color: #808080; font-size: 9px;\">\u00a0 \u00a0 \u00a0 \u00a0 \u00a0 \u00a0 \u00a0 \u00a0entfernt zu Voukelari \/Distance to walk: 30 Fu\u00dfminuten<\/span><\/p>\n<p><span style=\"color: #ffffff;\">.<\/span><\/p>\n<p><span style=\"color: #ff0000;\">\u00bb Hier wird die Liste in Zukunft vervollst\u00e4ndigt<br \/>\n<\/span><span style=\"font-size: 14px;\"> <span style=\"font-size: 14px; color: #333333;\"><span style=\"color: #808080; font-size: 12px;\">&#x1f4de;<\/span><\/span><span style=\"color: #808080;\">\u00a0 \u00a0 \u00a0 \u00a0 \u00a0 \u00a0 <span style=\"font-size: 14px; color: #333333;\"><span style=\"color: #993366;\">&#x2709;<\/span><\/span><\/span><\/span><br \/>\n<span style=\"font-size: 10px; color: #808080;\">google map <\/span><span style=\"color: #808080; font-size: 9px;\">\u00a0 \u00a0 \u00a0 \u00a0 \u00a0 \u00a0 \u00a0 \u00a0entfernt zu Voukelari \/Distance to walk:&#8230;&#8230;&#8230;&#8230;<\/span><\/p>\n<p><span style=\"color: #ffffff;\">.<\/span><\/p>\n<p style=\"text-align: center;\"><span style=\"color: #ffffff;\">.<\/span><\/p>\n<p style=\"text-align: center;\"><iframe loading=\"lazy\" style=\"border: 0;\" src=\"https:\/\/www.google.com\/maps\/embed?pb=!1m18!1m12!1m3!1d3260.5855558660724!2d24.366415176993904!3d35.19188087274927!2m3!1f0!2f0!3f0!3m2!1i1024!2i768!4f13.1!3m3!1m2!1s0x149b6f17928e193d%3A0xe4c93ee792137e86!2sVoukelari%20Rooms!5e0!3m2!1sde!2sde!4v1692715181956!5m2!1sde!2sde\" width=\"600\" height=\"450\" allowfullscreen=\"allowfullscreen\"><\/iframe><\/p>\n<p style=\"text-align: center;\"><span style=\"color: #ffffff;\">.\u00a0<\/span><\/p>\n<p style=\"text-align: center;\"><span style=\"color: #ffffff;\">.<\/span><\/p>\n<p>&nbsp;<\/p>\n<p><a href=\"https:\/\/www.la-academia-tango.net\/cms\/iron-tango-crete\/\"><img loading=\"lazy\" decoding=\"async\" class=\"prozent aligncenter wp-image-7733 size-large\" src=\"https:\/\/www.la-academia-tango.net\/cms\/wp-content\/uploads\/iron-tango-crete-1-vorder-flyer-1024x483.jpg\" alt=\"\" width=\"1024\" height=\"483\" \/><\/a><\/p>\n<p style=\"text-align: center;\"><span style=\"color: #ffffff;\">.<\/span><\/p>\n<p><span style=\"color: #333333;\"><a style=\"color: #333333;\" href=\"https:\/\/www.la-academia-tango.net\/cms\/iron-tango-crete-info\/\">\u00bb zur\u00fcck zu IRON TANGO CRETE infos<\/a><\/span><\/p>\n<p style=\"text-align: center;\"><span style=\"color: #ffffff;\">.<\/span><\/p>\n<p style=\"text-align: center;\"><img loading=\"lazy\" decoding=\"async\" class=\"wp-image-4275 aligncenter\" src=\"https:\/\/www.la-academia-tango.net\/cms\/wp-content\/uploads\/Werbung-Schnirkel-klein2.png\" alt=\"\" width=\"226\" height=\"34\" srcset=\"https:\/\/www.la-academia-tango.net\/cms\/wp-content\/uploads\/Werbung-Schnirkel-klein2.png 962w, https:\/\/www.la-academia-tango.net\/cms\/wp-content\/uploads\/Werbung-Schnirkel-klein2-300x45.png 300w, https:\/\/www.la-academia-tango.net\/cms\/wp-content\/uploads\/Werbung-Schnirkel-klein2-768x116.png 768w\" sizes=\"auto, (max-width: 226px) 100vw, 226px\" \/><\/p>\n<p style=\"text-align: center;\"><span style=\"color: #ffffff;\">.<\/span><\/p>\n<div class=\"line-red\" style=\"text-align: center;\"><\/div>\n<pre><span style=\"color: #ff0000;\"><a style=\"color: #ff0000;\" href=\"http:\/\/www.la-academia-tango.net\/cms\/newsletter-anmeldung\/\">\u00bb Wer vorzeitig per Mail \u00fcber Termine informiert werden m\u00f6chte, klickt bitte \u00a0hier<\/a><\/span><\/pre>\n<address>\u00a0<\/address>\n<pre><span style=\"color: #ff0000;\"><a style=\"color: #ff0000;\" href=\"https:\/\/www.la-academia-tango.net\/cms\/keinen-newsletter-mehr\/\">\u00bb Hier kannst du den Newsletter abbestellen<\/a><\/span><\/pre>\n<address>\u00a0<\/address>\n<address>\u00a0<\/address>\n<p>&nbsp;<\/p>\n","protected":false},"excerpt":{"rendered":"<p>Die Zimmer und Studios die wir hier aufgef\u00fchrt haben, sind\u00a0 alle sehr h\u00fcbsch und einfach eingerichtet. Beim Anklicken des Namens gelangt ihr zur Webseite. Wenn nicht, kann man sie nur \u00fcber Portale buchen. Den Link[&#8230;]<\/p>\n","protected":false},"author":2,"featured_media":0,"parent":7668,"menu_order":6,"comment_status":"closed","ping_status":"closed","template":"","meta":{"footnotes":""},"class_list":["post-7838","page","type-page","status-publish","hentry"],"_links":{"self":[{"href":"https:\/\/www.la-academia-tango.net\/cms\/wp-json\/wp\/v2\/pages\/7838","targetHints":{"allow":["GET"]}}],"collection":[{"href":"https:\/\/www.la-academia-tango.net\/cms\/wp-json\/wp\/v2\/pages"}],"about":[{"href":"https:\/\/www.la-academia-tango.net\/cms\/wp-json\/wp\/v2\/types\/page"}],"author":[{"embeddable":true,"href":"https:\/\/www.la-academia-tango.net\/cms\/wp-json\/wp\/v2\/users\/2"}],"replies":[{"embeddable":true,"href":"https:\/\/www.la-academia-tango.net\/cms\/wp-json\/wp\/v2\/comments?post=7838"}],"version-history":[{"count":31,"href":"https:\/\/www.la-academia-tango.net\/cms\/wp-json\/wp\/v2\/pages\/7838\/revisions"}],"predecessor-version":[{"id":9417,"href":"https:\/\/www.la-academia-tango.net\/cms\/wp-json\/wp\/v2\/pages\/7838\/revisions\/9417"}],"up":[{"embeddable":true,"href":"https:\/\/www.la-academia-tango.net\/cms\/wp-json\/wp\/v2\/pages\/7668"}],"wp:attachment":[{"href":"https:\/\/www.la-academia-tango.net\/cms\/wp-json\/wp\/v2\/media?parent=7838"}],"curies":[{"name":"wp","href":"https:\/\/api.w.org\/{rel}","templated":true}]}}