{"id":7807,"date":"2023-08-16T20:30:12","date_gmt":"2023-08-16T19:30:12","guid":{"rendered":"https:\/\/www.la-academia-tango.net\/cms\/?page_id=7807"},"modified":"2025-12-09T17:14:32","modified_gmt":"2025-12-09T16:14:32","slug":"iron-tango-crete-registration","status":"publish","type":"page","link":"https:\/\/www.la-academia-tango.net\/cms\/iron-tango-crete\/iron-tango-crete-registration\/","title":{"rendered":"iron tango crete &#8211; registration"},"content":{"rendered":"<p>&nbsp;<\/p>\n<div>\n<p style=\"color: #ff0000; text-align: center;\"><span style=\"font-size: 14pt;\"><strong>Anmeldung \/ Registration: <\/strong><\/span><\/p>\n<p style=\"color: #ff0000; text-align: center;\"><span style=\"font-size: 18.6667px;\"><b>IRON TANGO CRETE 2026<\/b><\/span><\/p>\n<p style=\"color: #ff0000; text-align: center;\"><span style=\"color: #ff0000;\">\u2022<br \/>\n<span style=\"color: #000000;\">Als Paar \u00a0(leader \/ follower) Jeder von euch meldet sich separat im Formular an &#8211; vom\u00a0Partner wird lediglich der\u00a0Name angegeben, damit die Zuordnung passt.<br \/>\n<\/span><\/span><span style=\"color: #ff0000;\"><span style=\"font-size: 12pt;\"><em><span style=\"color: #808080;\">Couples (leader \/ follower): each partner submits a separate form (noting the name of the other partner)<\/span><\/em><\/span><br \/>\n\u2022<br \/>\n<span style=\"color: #000000;\">Ohne PartnerIn mit Warteliste bis zur Zuordnung Leader\/ Follower.<br \/>\n<\/span><\/span><em><span style=\"color: #808080;\">Single dancers (without a partner) will be put on a waiting list until matched to a leader \/ follower (you will receive an e-mail from us when there is space for you)<\/span><\/em><br \/>\n<span style=\"color: #ff0000;\">\u2022<\/span><br \/>\n<span style=\"color: #000000;\">Als <strong>erfahrene\u00a0<\/strong> Doppelrollent\u00e4nzer*In, wenn du tats\u00e4chlich in beiden Rollen tanzen m\u00f6chtest \u00a0und die Lage von \u201eNotwendigkeiten\u201c zur Veranstaltung erkennst<br \/>\n<\/span><em><span style=\"color: #808080;\">If you are a <strong>experienced<\/strong> double-roll-dancer and are willing to dance in either roles depending on the role balance at the time, please indicate on your registration\u00a0<\/span><\/em><\/p>\n<p style=\"text-align: center;\"><span style=\"color: #ff0000;\">\u2022<\/span><\/p>\n<p style=\"text-align: center;\">Habt ihr Fragen, ruft an oder schreibt an uns<br \/>\nKontakt IRON TANGO Carsta &amp; Alex:<span style=\"color: #ff0000;\"> iron [at] la-academia-tango-dresden.de<\/span><\/p>\n<\/div>\n<h2 style=\"color: #ff0000; text-align: center;\"><\/h2>\n<div>\n<div><span style=\"color: #ffffff;\">.<\/span><\/div>\n<\/div>\n<p>&nbsp;<\/p>\n<p>&nbsp;<\/p>\n<p>&nbsp;<\/p>\n<div class=\"blackform\">\n<div class=\"wpcf7 no-js\" id=\"wpcf7-f7803-o1\" lang=\"de-DE\" dir=\"ltr\" data-wpcf7-id=\"7803\">\n<div class=\"screen-reader-response\"><p role=\"status\" aria-live=\"polite\" aria-atomic=\"true\"><\/p> <ul><\/ul><\/div>\n<form action=\"\/cms\/wp-json\/wp\/v2\/pages\/7807#wpcf7-f7803-o1\" method=\"post\" class=\"wpcf7-form init\" aria-label=\"Kontaktformular\" novalidate=\"novalidate\" data-status=\"init\">\n<div style=\"display: none;\">\n<input type=\"hidden\" name=\"_wpcf7\" value=\"7803\" \/>\n<input type=\"hidden\" name=\"_wpcf7_version\" value=\"6.0.5\" \/>\n<input type=\"hidden\" name=\"_wpcf7_locale\" value=\"de_DE\" \/>\n<input type=\"hidden\" name=\"_wpcf7_unit_tag\" value=\"wpcf7-f7803-o1\" \/>\n<input type=\"hidden\" name=\"_wpcf7_container_post\" value=\"0\" \/>\n<input type=\"hidden\" name=\"_wpcf7_posted_data_hash\" value=\"\" \/>\n<\/div>\n<p><label> Deine Registrierung f\u00fcr IRON TANGO CRETE 2026 | Your Registry <\/label>\n<\/p>\n<p><span class=\"wpcf7-form-control-wrap\" data-name=\"booking\"><span class=\"wpcf7-form-control wpcf7-checkbox wpcf7-validates-as-required wpcf7-exclusive-checkbox\"><span class=\"wpcf7-list-item first\"><label><input type=\"checkbox\" name=\"booking\" value=\"Buchung mit Partner - Booking With Partner\" \/><span class=\"wpcf7-list-item-label\">Buchung mit Partner - Booking With Partner<\/span><\/label><\/span><span class=\"wpcf7-list-item\"><label><input type=\"checkbox\" name=\"booking\" value=\"Buchung allein mit Warteliste - Single-Booking With Waitinglist\" \/><span class=\"wpcf7-list-item-label\">Buchung allein mit Warteliste - Single-Booking With Waitinglist<\/span><\/label><\/span><span class=\"wpcf7-list-item last\"><label><input type=\"checkbox\" name=\"booking\" value=\"Buchung als Doppelrollent\u00e4nzer(in) - Single-Booking for Double-Role-Dancer - Waitinglist\" \/><span class=\"wpcf7-list-item-label\">Buchung als Doppelrollent\u00e4nzer(in) - Single-Booking for Double-Role-Dancer - Waitinglist<\/span><\/label><\/span><\/span><\/span>\n<\/p>\n<p><label> Dein Vorname - Your First Name *<br \/>\n<span class=\"wpcf7-form-control-wrap\" data-name=\"first-name\"><input size=\"40\" maxlength=\"400\" class=\"wpcf7-form-control wpcf7-text wpcf7-validates-as-required\" aria-required=\"true\" aria-invalid=\"false\" value=\"\" type=\"text\" name=\"first-name\" \/><\/span> <\/label>\n<\/p>\n<p><label> Dein Nachname - Your Surname *<br \/>\n<span class=\"wpcf7-form-control-wrap\" data-name=\"sur-name\"><input size=\"40\" maxlength=\"400\" class=\"wpcf7-form-control wpcf7-text wpcf7-validates-as-required\" aria-required=\"true\" aria-invalid=\"false\" value=\"\" type=\"text\" name=\"sur-name\" \/><\/span> <\/label>\n<\/p>\n<p><label> Facebook Username - Facebook-Username<br \/>\n<span class=\"wpcf7-form-control-wrap\" data-name=\"fb-name\"><input size=\"40\" maxlength=\"400\" class=\"wpcf7-form-control wpcf7-text\" aria-invalid=\"false\" value=\"\" type=\"text\" name=\"fb-name\" \/><\/span> <\/label>\n<\/p>\n<div id=\"partneranmeldung\">\n\t<p><label> Name Partner - Name Of Your Partner<br \/>\n<span class=\"wpcf7-form-control-wrap\" data-name=\"name-partner\"><input size=\"40\" maxlength=\"400\" class=\"wpcf7-form-control wpcf7-text\" aria-invalid=\"false\" value=\"\" type=\"text\" name=\"name-partner\" \/><\/span> <\/label>\n\t<\/p>\n\t<p><label> E-Mailadresse des Partners \/ E-Mail-Adress Of Partner<br \/>\n<span class=\"wpcf7-form-control-wrap\" data-name=\"E-MailPartner-451\"><input size=\"40\" maxlength=\"400\" class=\"wpcf7-form-control wpcf7-text\" aria-invalid=\"false\" value=\"\" type=\"text\" name=\"E-MailPartner-451\" \/><\/span> <\/label>\n\t<\/p>\n<\/div><!-- #Partneranmeldung -->\n<p>.<br \/>\n<label> Deine Email - Your Mail *<br \/>\n<span class=\"wpcf7-form-control-wrap\" data-name=\"your-email\"><input size=\"40\" maxlength=\"400\" class=\"wpcf7-form-control wpcf7-email wpcf7-validates-as-required wpcf7-text wpcf7-validates-as-email\" aria-required=\"true\" aria-invalid=\"false\" value=\"\" type=\"email\" name=\"your-email\" \/><\/span> <\/label><br \/>\n.\n<\/p>\n<p><label> Bitte Email best\u00e4tigen - Confirm Your Mail *<br \/>\n<span class=\"wpcf7-form-control-wrap\" data-name=\"confirm-email\"><input size=\"40\" maxlength=\"400\" class=\"wpcf7-form-control wpcf7-email wpcf7-validates-as-required wpcf7-text wpcf7-validates-as-email\" aria-required=\"true\" aria-invalid=\"false\" value=\"\" type=\"email\" name=\"confirm-email\" \/><\/span> <\/label><br \/>\n.\n<\/p>\n<p><label> Deine vollst\u00e4ndige Adresse \/ Your complete Address *<br \/>\n<span class=\"wpcf7-form-control-wrap\" data-name=\"residence\"><input size=\"40\" maxlength=\"400\" class=\"wpcf7-form-control wpcf7-text wpcf7-validates-as-required\" aria-required=\"true\" aria-invalid=\"false\" value=\"\" type=\"text\" name=\"residence\" \/><\/span> <\/label><br \/>\n.\n<\/p>\n<p><label> Telefonnummer *<br \/>\n<span class=\"wpcf7-form-control-wrap\" data-name=\"Telefonnummer-863\"><input size=\"40\" maxlength=\"400\" class=\"wpcf7-form-control wpcf7-text wpcf7-validates-as-required\" aria-required=\"true\" aria-invalid=\"false\" value=\"\" type=\"text\" name=\"Telefonnummer-863\" \/><\/span> <\/label>\n<\/p>\n<p>.\n<\/p>\n<p><label> Deine bevorzugte Tanzrolle | Your Preferred Role:<\/label><br \/>\n<span class=\"wpcf7-form-control-wrap\" data-name=\"role\"><span class=\"wpcf7-form-control wpcf7-checkbox wpcf7-exclusive-checkbox\"><span class=\"wpcf7-list-item first\"><label><input type=\"checkbox\" name=\"role\" value=\"Folgende Rolle - Following Role\" \/><span class=\"wpcf7-list-item-label\">Folgende Rolle - Following Role<\/span><\/label><\/span><span class=\"wpcf7-list-item last\"><label><input type=\"checkbox\" name=\"role\" value=\"F\u00fchrende Rolle - Leading Role\" \/><span class=\"wpcf7-list-item-label\">F\u00fchrende Rolle - Leading Role<\/span><\/label><\/span><\/span><\/span><br \/>\n<span class=\"wpcf7-form-control-wrap\" data-name=\"beiderollen\"><span class=\"wpcf7-form-control wpcf7-checkbox wpcf7-exclusive-checkbox\"><span class=\"wpcf7-list-item first last\"><label><input type=\"checkbox\" name=\"beiderollen\" value=\"Ich tanze beide Rollen gleich und gleichwertig gern - I Love and Dance To Dance Both Roles\" \/><span class=\"wpcf7-list-item-label\">Ich tanze beide Rollen gleich und gleichwertig gern - I Love and Dance To Dance Both Roles<\/span><\/label><\/span><\/span><\/span>\n<\/p>\n<p>.\n<\/p>\n<p><label> Bevorzugst Du vegetarisches Essen? Andere W\u00fcnsche kannst du in die Mitteilungen schreiben - Do You Prefer Veggie Food? <\/label><br \/>\n<span class=\"wpcf7-form-control-wrap\" data-name=\"veggie\"><span class=\"wpcf7-form-control wpcf7-checkbox wpcf7-validates-as-required wpcf7-exclusive-checkbox\"><span class=\"wpcf7-list-item first\"><label><input type=\"checkbox\" name=\"veggie\" value=\"Ja - Yes\" \/><span class=\"wpcf7-list-item-label\">Ja - Yes<\/span><\/label><\/span><span class=\"wpcf7-list-item last\"><label><input type=\"checkbox\" name=\"veggie\" value=\"Nein - No\" \/><span class=\"wpcf7-list-item-label\">Nein - No<\/span><\/label><\/span><\/span><\/span>\n<\/p>\n<p>.\n<\/p>\n<p><label> Ich w\u00fcrde gern ein Zimmer vorbuchen - I Would Like To Book a Room <\/label><br \/>\n<span class=\"wpcf7-form-control-wrap\" data-name=\"Raumanfrage-959\"><span class=\"wpcf7-form-control wpcf7-checkbox wpcf7-validates-as-required wpcf7-exclusive-checkbox\"><span class=\"wpcf7-list-item first\"><label><input type=\"checkbox\" name=\"Raumanfrage-959\" value=\"Ja ein Doppelzimmer \/ Yes a Dobble Room\" \/><span class=\"wpcf7-list-item-label\">Ja ein Doppelzimmer \/ Yes a Dobble Room<\/span><\/label><\/span><span class=\"wpcf7-list-item\"><label><input type=\"checkbox\" name=\"Raumanfrage-959\" value=\"Ja ein Zimmer (DZ) f\u00fcr mich allein \/ Yes a Room for me only (Dobble-Room)\" \/><span class=\"wpcf7-list-item-label\">Ja ein Zimmer (DZ) f\u00fcr mich allein \/ Yes a Room for me only (Dobble-Room)<\/span><\/label><\/span><span class=\"wpcf7-list-item last\"><label><input type=\"checkbox\" name=\"Raumanfrage-959\" value=\"Nein \/ No\" \/><span class=\"wpcf7-list-item-label\">Nein \/ No<\/span><\/label><\/span><\/span><\/span>\n<\/p>\n<p>.\n<\/p>\n<p><label> Ich \u00fcbernachte ausw\u00e4rts und buche das Fr\u00fchst\u00fcck extra <\/label><br \/>\n<span class=\"wpcf7-form-control-wrap\" data-name=\"breakfast-575\"><span class=\"wpcf7-form-control wpcf7-checkbox wpcf7-validates-as-required wpcf7-exclusive-checkbox\"><span class=\"wpcf7-list-item first\"><label><input type=\"checkbox\" name=\"breakfast-575\" value=\"Ja \/ Yes\" \/><span class=\"wpcf7-list-item-label\">Ja \/ Yes<\/span><\/label><\/span><span class=\"wpcf7-list-item last\"><label><input type=\"checkbox\" name=\"breakfast-575\" value=\"Nein \/ No\" \/><span class=\"wpcf7-list-item-label\">Nein \/ No<\/span><\/label><\/span><\/span><\/span>\n<\/p>\n<p>.\n<\/p>\n<p><label> Deine Mitteilungen f\u00fcr uns \/ Your Message <\/label><br \/>\n<span class=\"wpcf7-form-control-wrap\" data-name=\"bemerkungen\"><textarea cols=\"40\" rows=\"10\" maxlength=\"2000\" class=\"wpcf7-form-control wpcf7-textarea\" aria-invalid=\"false\" name=\"bemerkungen\"><\/textarea><\/span>\n<\/p>\n<p>.\n<\/p>\n<p><label> <span class=\"wpcf7-form-control-wrap\" data-name=\"acceptancezustimmung-793\"><span class=\"wpcf7-form-control wpcf7-acceptance\"><span class=\"wpcf7-list-item\"><label><input type=\"checkbox\" name=\"acceptancezustimmung-793\" value=\"1\" aria-invalid=\"false\" \/><span class=\"wpcf7-list-item-label\">Ich bin mit den Teilnamebedingungen der Veranstaltung einverstanden - I Agree With The Terms Of The Event<\/span><\/label><\/span><\/span><\/span> <\/label>\n<\/p>\n<p>.<br \/>\n<label class=\"quiz\">Sorry f\u00fcr die letzte Frage, es gab zu viele Spam-Nachrichten \/ Sorry for the last question. There were too many spam messages....<br \/>\nBitte beantworte noch diese Frage \/ Please answer additional this question:<br \/>\n<span class=\"wpcf7-form-control-wrap\" data-name=\"quiz-836\"><label><span class=\"wpcf7-quiz-label\">In welcher Stadt haben wir unser Tanzstudio\/Wich german city our studio is located in?<\/span> <input size=\"40\" class=\"wpcf7-form-control wpcf7-quiz\" autocomplete=\"off\" aria-required=\"true\" aria-invalid=\"false\" type=\"text\" name=\"quiz-836\" \/><\/label><input type=\"hidden\" name=\"_wpcf7_quiz_answer_quiz-836\" value=\"b49a3e6476090f4d3eb3a034d4d91394\" \/><\/span><\/label>\n<\/p>\n<p><input class=\"wpcf7-form-control wpcf7-submit has-spinner\" type=\"submit\" value=\"Anmeldung absenden\" \/>\n<\/p><div class=\"wpcf7-response-output\" aria-hidden=\"true\"><\/div>\n<\/form>\n<\/div>\n<\/div>\n<p>&nbsp;<\/p>\n<div><a href=\"https:\/\/www.la-academia-tango.net\/cms\/iron-tango-crete\/iron-tango-crete-terms\/\" target=\"_blank\" rel=\"noopener\"><span style=\"color: #ff0000; font-size: 18px;\">\u00bb Teilnahmebedingungen \/ terms<\/span><\/a><\/div>\n<div>Bei erfolgreicher Registrierung erh\u00e4lst du automatisch und umgehend eine Kopie deiner Antworten an deine \u00a0E-Mail-Adresse geschickt. Wenn das nicht innerhalb von 3 Stunden passiert, \u00a0hattest du einen Tippfehler in deiner Mailadresse. Bitte wiederhole in diesem Fall den Registrierungsvorgang.<\/div>\n<div>Eine pers\u00f6nliche Antwort bekommst du dann sp\u00e4ter auch noch von uns. Sollte die Anmeldung \u00fcber das Formular nicht klappen, schreibt uns eine Mail mit allen Angaben.<\/div>\n<div><span style=\"color: #ffffff;\">.<\/span><\/div>\n<div style=\"text-align: left;\"><em><span style=\"color: #808080;\">Upon successful registration you will automatically and immediately receive a copy of your answers sent to your e-mail address.<\/span><\/em><br \/>\n<em><span style=\"color: #808080;\">If this does not happen within 3 hours, you had a typo in your email address. Please repeat the registration process in this case.<\/span><\/em><br \/>\n<em><span style=\"color: #808080;\">You will receive a personal answer from us later.<\/span><\/em><\/div>\n<div><\/div>\n<div><span style=\"font-size: 6px; color: #ffffff;\">.<\/span><\/div>\n<div><\/div>\n<div><span style=\"color: #ffffff;\">.<\/span><\/div>\n<div><span style=\"color: #ffffff; font-size: 6px;\">.<\/span><\/div>\n<div><span style=\"color: #ffffff; font-size: 6px;\">.<\/span><\/div>\n<div><span style=\"color: #ffffff; font-size: 6px;\">.<\/span><\/div>\n<div><span style=\"color: #ffffff; font-size: 6px;\">.<\/span><\/div>\n<div><span style=\"color: #ffffff; font-size: 6px;\">.<\/span><\/div>\n<div><span style=\"color: #ffffff; font-size: 6px;\">.<\/span><\/div>\n<div><span style=\"color: #ffffff; font-size: 6px;\">.<\/span><\/div>\n<div><\/div>\n<div><a href=\"https:\/\/www.la-academia-tango.net\/cms\/iron-tango-crete-registration\/\"><span style=\"font-size: 10px; color: #808080;\">\u00bb Registration IRON TANGO CRETE\u00a0 online-link<\/span><\/a><\/div>\n<div><span style=\"color: #ffffff;\">.<\/span><\/div>\n","protected":false},"excerpt":{"rendered":"<p>&nbsp; Anmeldung \/ Registration: IRON TANGO CRETE 2026 \u2022 Als Paar \u00a0(leader \/ follower) Jeder von euch meldet sich separat im Formular an &#8211; vom\u00a0Partner wird lediglich der\u00a0Name angegeben, damit die Zuordnung passt. Couples (leader[&#8230;]<\/p>\n","protected":false},"author":2,"featured_media":0,"parent":7668,"menu_order":9,"comment_status":"closed","ping_status":"closed","template":"","meta":{"footnotes":""},"class_list":["post-7807","page","type-page","status-publish","hentry"],"_links":{"self":[{"href":"https:\/\/www.la-academia-tango.net\/cms\/wp-json\/wp\/v2\/pages\/7807","targetHints":{"allow":["GET"]}}],"collection":[{"href":"https:\/\/www.la-academia-tango.net\/cms\/wp-json\/wp\/v2\/pages"}],"about":[{"href":"https:\/\/www.la-academia-tango.net\/cms\/wp-json\/wp\/v2\/types\/page"}],"author":[{"embeddable":true,"href":"https:\/\/www.la-academia-tango.net\/cms\/wp-json\/wp\/v2\/users\/2"}],"replies":[{"embeddable":true,"href":"https:\/\/www.la-academia-tango.net\/cms\/wp-json\/wp\/v2\/comments?post=7807"}],"version-history":[{"count":21,"href":"https:\/\/www.la-academia-tango.net\/cms\/wp-json\/wp\/v2\/pages\/7807\/revisions"}],"predecessor-version":[{"id":9651,"href":"https:\/\/www.la-academia-tango.net\/cms\/wp-json\/wp\/v2\/pages\/7807\/revisions\/9651"}],"up":[{"embeddable":true,"href":"https:\/\/www.la-academia-tango.net\/cms\/wp-json\/wp\/v2\/pages\/7668"}],"wp:attachment":[{"href":"https:\/\/www.la-academia-tango.net\/cms\/wp-json\/wp\/v2\/media?parent=7807"}],"curies":[{"name":"wp","href":"https:\/\/api.w.org\/{rel}","templated":true}]}}