{"id":7697,"date":"2023-06-12T13:11:01","date_gmt":"2023-06-12T12:11:01","guid":{"rendered":"https:\/\/www.la-academia-tango.net\/cms\/?page_id=7697"},"modified":"2023-06-12T13:59:49","modified_gmt":"2023-06-12T12:59:49","slug":"silent-kopfhoerer-milonga","status":"publish","type":"page","link":"https:\/\/www.la-academia-tango.net\/cms\/silent-kopfhoerer-milonga\/","title":{"rendered":"Silent Kopfh\u00f6rer Milonga"},"content":{"rendered":"<p style=\"text-align: center;\"><span style=\"color: #333333;\"><span style=\"font-size: 20px;\"><strong><span style=\"color: #ff0000;\">Kopfh\u00f6rer \/ Silent &#8211; Zeiten<\/span><\/strong><\/span><br \/>\nZu den gesetzlichen n\u00e4chtlichen Ruhezeiten ab 22 Uhr und sonntags 13 &#8211; 15 Uhr k\u00f6nnen wir trotzdem drau\u00dfen weiter tanzen. Dank Nicos Hilfe haben wir diese coole M\u00f6glichkeit geschaffen.<br \/>\nDer DJ spielt die Musik zur App, ihr nutzt euer Handy und k\u00f6nnt mit euren Kopfh\u00f6rern die Musik zum Tanzen h\u00f6ren.<br \/>\nBetrachtet es als witziges Experiment um weiter drau\u00dfen\u00a0 Spa\u00df haben zu k\u00f6nnen.<\/span><\/p>\n<p style=\"text-align: center;\"><span style=\"color: #333333;\">\u00a0Ihr braucht:<br \/>\nein <span style=\"color: #ff0000;\">Handy und Kopfh\u00f6rer<\/span> m\u00f6glichst <span style=\"color: #ff0000;\">mit Schnur <span style=\"color: #333333;\">&#8211; zum Umh\u00e4ngen w\u00e4hrend des Tanzens. Ihr k\u00f6nnt einen wundersch\u00f6n kreierten IRON &#8211; Rucksack f\u00fcr 5\u20ac erwerben oder eure eigene Umh\u00e4ngem\u00f6glichkeit mitbringen.<\/span><\/span><\/span><\/p>\n<p style=\"text-align: center;\"><span style=\"color: #333333;\">Die Anleitung mit Bildern findet ihr gleich darunter &#8211; auch mit einem Klick als PDF zum Herunterladen.<\/span><\/p>\n<p style=\"text-align: center;\"><span style=\"color: #333333;\"><strong>Vorbereitungen<\/strong> &#8211; das k\u00f6nnt ihr auch gern schon zu Hause erledigen.<br \/>\n1.) Ladet euch die <span style=\"color: #ff0000;\">kostenfreie APP \u201eVBAN Receptor Lite\u201c<\/span> auf euer Handy herunter<br \/>\n2.) Einrichten WLAN-Netzwerk \u201eMilonga\u201c &#8211; dieses Netzwerk stellt keinen Internetzugang bereit.<br \/>\nAuch das Passwort k\u00f6nnt ihr schon eingeben. Es lautet:\u00a0 <span style=\"color: #ff0000;\">Carsta&amp;Alex:Kopfhoerer-Milonga2023<\/span><br \/>\n3.) APP \u00f6ffnen<br \/>\n4.) Im Men\u00fc (D) die Einstellung \u201everry slow\u201c vornehmen (E)<br \/>\n<strong>Dann vor Ort zur Milonga:<\/strong><br \/>\n<\/span>5.) Wenn die Musik vom DJ eingespielt wird, auf Connect (F) klicken<\/p>\n<p style=\"text-align: center;\">Wenn die Musik nach einiger Zeit nicht mehr spielt und sich der Bildschirm wie Abbildung G zeigt, dann klickt \u201enot now\u201c und ihr k\u00f6nnt kostenfrei die APP weiter nutzen. <span style=\"font-size: 10pt;\">(Ohne diese Unterbrechung kostet diese APP 5\u20ac)<\/span><\/p>\n<p>&nbsp;<\/p>\n<p style=\"text-align: center;\"><img loading=\"lazy\" decoding=\"async\" class=\"aligncenter wp-image-7624\" src=\"https:\/\/www.la-academia-tango.net\/cms\/wp-content\/uploads\/vban-audio-app.jpg\" alt=\"\" width=\"183\" height=\"227\" \/><\/p>\n<p style=\"text-align: center;\"><span style=\"color: #ffffff;\">.<\/span><span style=\"color: #333333;\"><span style=\"color: #ffffff;\">.<\/span><\/span><\/p>\n<p style=\"text-align: center;\"><a href=\"https:\/\/www.la-academia-tango.net\/cms\/wp-content\/uploads\/Silent-Kopfhoerer-Zeiten-Anleitung.pdf\" target=\"_blank\" rel=\"noopener\"><img loading=\"lazy\" decoding=\"async\" class=\"prozent aligncenter wp-image-7685\" src=\"https:\/\/www.la-academia-tango.net\/cms\/wp-content\/uploads\/Silent-Kopfhoerer-Zeiten-Anleitung-735x1024.jpg\" alt=\"\" width=\"314\" height=\"437\" \/><\/a><\/p>\n<p>&nbsp;<\/p>\n<p style=\"text-align: center;\"><span style=\"color: #ffffff;\">|||<\/span><\/p>\n<p style=\"text-align: center;\"><img loading=\"lazy\" decoding=\"async\" class=\"wp-image-4275 aligncenter\" src=\"https:\/\/www.la-academia-tango.net\/cms\/wp-content\/uploads\/Werbung-Schnirkel-klein2.png\" alt=\"\" width=\"173\" height=\"26\" srcset=\"https:\/\/www.la-academia-tango.net\/cms\/wp-content\/uploads\/Werbung-Schnirkel-klein2.png 962w, https:\/\/www.la-academia-tango.net\/cms\/wp-content\/uploads\/Werbung-Schnirkel-klein2-300x45.png 300w, https:\/\/www.la-academia-tango.net\/cms\/wp-content\/uploads\/Werbung-Schnirkel-klein2-768x116.png 768w\" sizes=\"auto, (max-width: 173px) 100vw, 173px\" \/><\/p>\n<p style=\"text-align: center;\"><span style=\"color: #ffffff;\">|||<\/span><\/p>\n<p style=\"text-align: center;\"><span style=\"color: #999999;\"><em><span style=\"font-size: 12pt;\">During the legal nightly quiet hours from 10pm and Sundays 1-3pm, we can still continue dancing outside. Thanks to Nico&#8217;s help, we have created this cool possibility. The DJ plays the music to the app, you use your mobile phone and can listen to the music with your headphones to dance.<br \/>\nThink of it as a fun experiment to keep having fun outside.<\/span><\/em><\/span><\/p>\n<p style=\"text-align: center;\"><span style=\"color: #999999;\"><em><span style=\"font-size: 12pt;\">You need your mobile phone, an (IRON) shoulder bag, headphones with cable if possible and a good mood.<br \/>\nPreparation (at home if possible):<br \/>\n1) Download APP &#8222;VBAN Receptor Lite<br \/>\n2) Set up the WLAN network &#8222;Milonga&#8220; &#8211; this network does not provide Internet access.<br \/>\nYou can also enter the password<br \/>\n<span style=\"color: #ff0000;\">Carsta&amp;Alex:Kopfhoerer-Milonga2023<\/span><br \/>\n3) Open APP<br \/>\n4) In the menu (D), make the setting &#8222;verry slow&#8220; (E).<br \/>\nOn site:<br \/>\n5) When the music is played by the DJ, click on Connect (F).<br \/>\nIf the music stops playing and the screen looks like figure G, click &#8222;not now&#8220; and you can continue to use the APP free of charge. (Without this interruption, this APP costs \u20ac5)<\/span><\/em><\/span><a href=\"https:\/\/www.la-academia-tango.net\/cms\/wp-content\/uploads\/silent-headphones-time-guide.pdf\" target=\"_blank\" rel=\"noopener\"><img loading=\"lazy\" decoding=\"async\" class=\"prozent aligncenter wp-image-7687\" src=\"https:\/\/www.la-academia-tango.net\/cms\/wp-content\/uploads\/silent-headphones-time-guide-735x1024.jpg\" alt=\"\" width=\"292\" height=\"406\" \/><\/a><\/p>\n","protected":false},"excerpt":{"rendered":"<p>Kopfh\u00f6rer \/ Silent &#8211; Zeiten Zu den gesetzlichen n\u00e4chtlichen Ruhezeiten ab 22 Uhr und sonntags 13 &#8211; 15 Uhr k\u00f6nnen wir trotzdem drau\u00dfen weiter tanzen. Dank Nicos Hilfe haben wir diese coole M\u00f6glichkeit geschaffen. Der[&#8230;]<\/p>\n","protected":false},"author":2,"featured_media":0,"parent":0,"menu_order":0,"comment_status":"closed","ping_status":"closed","template":"","meta":{"footnotes":""},"class_list":["post-7697","page","type-page","status-publish","hentry"],"_links":{"self":[{"href":"https:\/\/www.la-academia-tango.net\/cms\/wp-json\/wp\/v2\/pages\/7697","targetHints":{"allow":["GET"]}}],"collection":[{"href":"https:\/\/www.la-academia-tango.net\/cms\/wp-json\/wp\/v2\/pages"}],"about":[{"href":"https:\/\/www.la-academia-tango.net\/cms\/wp-json\/wp\/v2\/types\/page"}],"author":[{"embeddable":true,"href":"https:\/\/www.la-academia-tango.net\/cms\/wp-json\/wp\/v2\/users\/2"}],"replies":[{"embeddable":true,"href":"https:\/\/www.la-academia-tango.net\/cms\/wp-json\/wp\/v2\/comments?post=7697"}],"version-history":[{"count":5,"href":"https:\/\/www.la-academia-tango.net\/cms\/wp-json\/wp\/v2\/pages\/7697\/revisions"}],"predecessor-version":[{"id":7703,"href":"https:\/\/www.la-academia-tango.net\/cms\/wp-json\/wp\/v2\/pages\/7697\/revisions\/7703"}],"wp:attachment":[{"href":"https:\/\/www.la-academia-tango.net\/cms\/wp-json\/wp\/v2\/media?parent=7697"}],"curies":[{"name":"wp","href":"https:\/\/api.w.org\/{rel}","templated":true}]}}