{"id":6566,"date":"2021-09-14T15:24:40","date_gmt":"2021-09-14T14:24:40","guid":{"rendered":"http:\/\/www.la-academia-tango.net\/cms\/?page_id=6566"},"modified":"2025-08-07T12:15:14","modified_gmt":"2025-08-07T11:15:14","slug":"uebernachtung","status":"publish","type":"page","link":"https:\/\/www.la-academia-tango.net\/cms\/uebernachtung\/","title":{"rendered":"\u00dcbernachtung"},"content":{"rendered":"<p><span style=\"color: #ff0000; font-size: 18pt;\">\u00dcbernachtung | Accommodation<\/span><\/p>\n<p>\u00dcbernachten k\u00f6nnt ihr bei uns im Garten im eigenen Zelt oder Camper (Durchfahrt Breite 2,40 m H\u00f6he 3 m)\u00a0 <span style=\"color: #808080; font-size: 14px;\"><em>| You can spend the night in your own tent in our garden or camper van (passage width 2,40 m height 3 m).<\/em><\/span><\/p>\n<p>Eine weitere M\u00f6glichkeit ist das Dorm in der Scheune. Dort ist Platz f\u00fcr ca 9 Personen. Das Dorm nicht beheizbar, deshalb eher in der w\u00e4rmeren Zeit interessant. <span style=\"color: #808080; font-size: 14px;\"><em>| Another option is a dormitory in the barn. There is space for about 9 people. The dormitory cannot be heated, so it is more interesting in the warmer months.<\/em><\/span><\/p>\n<p>Auch im Tanzraum kann \u00fcbernachtet werden. <span style=\"color: #808080; font-size: 14px;\"><em>| You can also spend the night in the dance room.<\/em><\/span><\/p>\n<p>Duschen und Toiletten sind\u00a0 vor Ort. <span style=\"color: #808080; font-size: 14px;\"><em>| Showers and toilets are\u00a0 available.<\/em><\/span><\/p>\n<p>&nbsp;<\/p>\n<p>\u00bb tel +49 172 363 57 42 oder per Mail: \u00bb info [at] la-academia-tango-dresden.de<\/p>\n<p><span style=\"color: #ffffff;\">.<\/span><\/p>\n<p><span style=\"color: #ffffff;\">.<\/span><\/p>\n<p><strong>Weitere \u00dcbernachtungsm\u00f6glichkeiten in der Umgebung | Other accommodation options in the area:<\/strong><\/p>\n<p><a href=\"https:\/\/www.gaestehaus-am-klosterteichplatz.de\/preise.html\" target=\"_blank\" rel=\"noopener noreferrer nofollow\">\u00bb G\u00e4stehaus Sch\u00fctze<\/a> <span style=\"color: #808080; font-size: 8pt;\">( 1Min. zu Fu\u00df von uns | 1 minutes walk)<\/span><br \/>\n<span style=\"font-size: 10pt;\">Klosterteichplatz 3, 01219 Dresden<br \/>\n<span style=\"font-size: 12px; color: #333333;\"><span style=\"color: #808080;\">&#x1f4de;<\/span><\/span>+49 351 47965250<\/span><\/p>\n<p><a href=\"https:\/\/www.uebernachtung-dd.de\" target=\"_blank\" rel=\"noopener noreferrer nofollow\">\u00bb G\u00e4stehaus Am Heiligenborn<\/a> <span style=\"color: #808080; font-size: 8pt;\">( 1Min. zu Fu\u00df von uns | 1 minutes walk)<\/span><br \/>\n<span style=\"font-size: 10pt;\">Heiligenbornstr. 2, 01219 Dresden<br \/>\n<span style=\"font-size: 12px; color: #333333;\"><span style=\"color: #808080;\">&#x1f4de;<\/span><\/span> +49 351 4676680<\/span><\/p>\n<p><a href=\"http:\/\/www.gaestewohnung-in-dresden.de\" target=\"_blank\" rel=\"noopener nofollow\">\u00bb G\u00e4stewohnung Sch\u00e4fer<\/a> <span style=\"color: #808080; font-size: 8pt;\">( 1Min. zu Fu\u00df von uns | 1 minutes walk)<\/span><br \/>\n<span style=\"font-size: 10pt;\">Neuostra 2, 01219 Dresden<br \/>\n<span style=\"font-size: 12px; color: #333333;\"><span style=\"color: #808080;\">&#x1f4de;<\/span><\/span> +49 351 479 49 89 \u00a0\u00a0<\/span><\/p>\n<p><a href=\"https:\/\/altleubnitz8.de\/apartments.html\" target=\"_blank\" rel=\"noopener nofollow\">\u00bb Ferienwohnungen Altleubnitz 8<\/a> <span style=\"color: #808080; font-size: 8pt;\">( 1Min. zu Fu\u00df von uns | 1 minutes walk)<\/span><br \/>\n<span style=\"font-size: 10pt;\">Neuostra 2, 01219 Dresden<br \/>\n<span style=\"font-size: 12px; color: #333333;\"><span style=\"color: #808080;\">&#x1f4de;<\/span><\/span>+49 351 479 49 89 \u00a0\u00a0<\/span><\/p>\n<p><a href=\"http:\/\/www.dresden-besuchen.de\" target=\"_blank\" rel=\"noopener noreferrer nofollow\">\u00bb Leubnitz Pension<\/a> <span style=\"color: #808080; font-size: 8pt;\">(1 Min. zu Fu\u00df von uns | 1 minutes walk)<\/span><br \/>\n<span style=\"font-size: 10pt;\">Altleubnitz 8, 01219 Dresden<br \/>\n<span style=\"color: #333333;\"><a style=\"color: #333333;\" href=\"tel:+491624215940\"><span style=\"font-size: 12px; color: #333333;\"><span style=\"color: #808080;\">&#x1f4de;<\/span><\/span>+49 162 4215940<br \/>\n<\/a><span style=\"font-size: 14px; color: #993366;\">&#x2709;<\/span>\u00a0<a href=\"mailto:m%61%69l@%61ltleub%6eitz8.%64e\" rel=\"nofollow\">mail@altleubnitz8.de<\/a><\/span><\/span><\/p>\n<p><a href=\"http:\/\/www.dresden-klosterhof.de\" target=\"_blank\" rel=\"noopener noreferrer nofollow\">\u00bb Hotel Klosterhof<\/a> <span style=\"color: #808080; font-size: 8pt;\">(direkt gegen\u00fcber| in front of us)<\/span><br \/>\n<span style=\"font-size: 10pt;\">Altleubnitz 8, 01219 Dresden<br \/>\n<span style=\"font-size: 12px; color: #333333;\"><span style=\"color: #808080;\">&#x1f4de;<\/span><\/span> +49 351 32016-500<br \/>\n<a href=\"mailto:info@dresden-klosterhof.de\" target=\"_blank\" rel=\"noopener noreferrer\"><span style=\"color: #333333;\"><span style=\"font-size: 14px; color: #993366;\">&#x2709; <\/span><\/span>info@dresden-klosterhof.de<\/a><\/span><\/p>\n<p><a href=\"http:\/\/www.leubnitzer-hoehe.de\" target=\"_blank\" rel=\"noopener noreferrer nofollow\">\u00bb Hotel Restaurant Leubnitzer H\u00f6he<\/a>\u00a0<span style=\"color: #808080; font-size: 8pt;\">(3 min bergauf | uphill 3 min walk)<\/span><br \/>\n<span style=\"font-size: 10pt;\">Altleubnitz 8, 01219 Dresden<br \/>\n<span style=\"font-size: 12px; color: #333333;\"><span style=\"color: #808080;\">&#x1f4de;<\/span><\/span> +49 351 470 65 73<\/span><\/p>\n<p><a href=\"https:\/\/www.wyndhamhotels.com\/de-de?cid=PS:qr1jywptz0deto1&amp;gclsrc=aw.ds&amp;gclid=Cj0KCQjwkIGKBhCxARIsAINMioLCTtX0QWWWE3dN1HMVMozMW80uoALdORY9zW4GDVI7NetHgp8KOeEaAjk-EALw_wcB\" target=\"_blank\" rel=\"noopener noreferrer nofollow\">\u00bb Wyndham Garden Hotels ****\u00a0<\/a>\u00a0<span style=\"color: #808080; font-size: 8pt;\">\u00a0( 7min zu Fu\u00df Berg auf \u00a0| uphill 7 minutes walk)<\/span><br \/>\n<span style=\"font-size: 10pt;\">Wilhelm-Franke-Str. 40, 01219 Dresden<br \/>\n<span style=\"font-size: 12px; color: #333333;\"><span style=\"color: #808080;\">&#x1f4de; <\/span><\/span>0800 181 90 98<\/span><\/p>\n<p><span style=\"font-size: 14pt;\"><a href=\"https:\/\/www.cbm-camping.de\/dresden\/\" target=\"_blank\" rel=\"noopener nofollow\"><span style=\"color: #ff0000;\">\u00bb Campingplatz Mockritz | Camp site<\/span>\u00a0<\/a><\/span> <span style=\"color: #808080; font-size: 8pt;\">( 20 min zu Fu\u00df\u00a0 |\u00a0 20 minutes walk)<br \/>\n<\/span><span style=\"font-size: 10pt;\">Boderitzer Str. 30, 01217 Dresden .<br \/>\nDirekt daneben befindet sich\u00a0 das Naturbad Mockritz (M\u00fcnzteichweg 22b) <span style=\"color: #808080;\"><em>|\u00a0Mockritz natural swimming pool is next door <\/em><\/span>\u00a0\u00a0<a href=\"https:\/\/www.cbm-camping.de\/dresden\/\" target=\"_blank\" rel=\"noopener nofollow\"><br \/>\n<span style=\"font-size: 10pt;\">\u00bb Campingplatz Mockritz <\/span><\/a><br \/>\n<a href=\"https:\/\/dresdner-baeder.de\/freibaeder\/naturbad-mockritz\/\" target=\"_blank\" rel=\"noopener nofollow\">\u00bb Naturbad Mockritz<\/a><\/span><\/p>\n<p><span style=\"color: #ffffff;\">.<\/span><\/p>\n<p><span style=\"color: #ffffff;\">.<\/span><\/p>\n<p><span style=\"color: #ffffff;\">.<\/span><\/p>\n<p><span style=\"color: #ffffff;\">.<\/span><\/p>\n<p><span style=\"color: #ffffff;\">.<\/span><\/p>\n<p><a href=\"https:\/\/www.la-academia-tango.net\/cms\/iron-tango\/\"><img loading=\"lazy\" decoding=\"async\" class=\"prozent aligncenter wp-image-7742 size-large\" src=\"https:\/\/www.la-academia-tango.net\/cms\/wp-content\/uploads\/Zelten-im-Garten-1024x473.jpg\" alt=\"\" width=\"1024\" height=\"473\" \/><\/a><\/p>\n<p>&nbsp;<\/p>\n<p>&nbsp;<\/p>\n<p>&nbsp;<\/p>\n<p><span style=\"color: #ffffff;\">.<\/span><\/p>\n<p><span style=\"color: #ffffff;\">.<\/span><\/p>\n<p><span style=\"color: #ffffff;\">.<\/span><\/p>\n<p>&nbsp;<\/p>\n<p><span style=\"color: #808080; font-size: 8pt;\"><a style=\"color: #808080;\" href=\"https:\/\/www.la-academia-tango.net\/cms\/uebernachtung\/\">\u00bb \u00dcbernachtungsm\u00f6glichkeiten &#8211; Link<\/a><\/span><\/p>\n","protected":false},"excerpt":{"rendered":"<p>\u00dcbernachtung | Accommodation \u00dcbernachten k\u00f6nnt ihr bei uns im Garten im eigenen Zelt oder Camper (Durchfahrt Breite 2,40 m H\u00f6he 3 m)\u00a0 | You can spend the night in your own tent in our garden[&#8230;]<\/p>\n","protected":false},"author":2,"featured_media":0,"parent":0,"menu_order":0,"comment_status":"closed","ping_status":"closed","template":"","meta":{"footnotes":""},"class_list":["post-6566","page","type-page","status-publish","hentry"],"_links":{"self":[{"href":"https:\/\/www.la-academia-tango.net\/cms\/wp-json\/wp\/v2\/pages\/6566","targetHints":{"allow":["GET"]}}],"collection":[{"href":"https:\/\/www.la-academia-tango.net\/cms\/wp-json\/wp\/v2\/pages"}],"about":[{"href":"https:\/\/www.la-academia-tango.net\/cms\/wp-json\/wp\/v2\/types\/page"}],"author":[{"embeddable":true,"href":"https:\/\/www.la-academia-tango.net\/cms\/wp-json\/wp\/v2\/users\/2"}],"replies":[{"embeddable":true,"href":"https:\/\/www.la-academia-tango.net\/cms\/wp-json\/wp\/v2\/comments?post=6566"}],"version-history":[{"count":26,"href":"https:\/\/www.la-academia-tango.net\/cms\/wp-json\/wp\/v2\/pages\/6566\/revisions"}],"predecessor-version":[{"id":9419,"href":"https:\/\/www.la-academia-tango.net\/cms\/wp-json\/wp\/v2\/pages\/6566\/revisions\/9419"}],"wp:attachment":[{"href":"https:\/\/www.la-academia-tango.net\/cms\/wp-json\/wp\/v2\/media?parent=6566"}],"curies":[{"name":"wp","href":"https:\/\/api.w.org\/{rel}","templated":true}]}}