{"id":6465,"date":"2021-08-20T21:40:11","date_gmt":"2021-08-20T20:40:11","guid":{"rendered":"http:\/\/www.la-academia-tango.net\/cms\/?page_id=6465"},"modified":"2025-05-20T17:27:27","modified_gmt":"2025-05-20T16:27:27","slug":"carsta","status":"publish","type":"page","link":"https:\/\/www.la-academia-tango.net\/cms\/carsta\/","title":{"rendered":"Carsta"},"content":{"rendered":"<p>Bei Carsta steht der Spa\u00df beim Tanzen und Lernen immer im Mittelpunkt.<\/p>\n<p>Open Role im Unterricht ist seit Anbeginn ihre Leidenschaft.<\/p>\n<p>Unabh\u00e4ngig von der Tanzrolle stehen Kreativit\u00e4t, Tanzfreiheit, komfortables Tanzen und ein harmonisches respektvolles Miteinander im Fokus.<\/p>\n<p>Alte Bewegungsmuster werden immer wieder \u201egecrasht\u201c und umgeschrieben oder neu interpretiert.<\/p>\n<p>So werden alle Lernenden ermutigt, ihre eigenen Wege zu finden, ihren Tanz als eine lebendige und wandelbare Sprache zu verstehen und die eigene Vielfalt des Tango zu entdecken.<\/p>\n<p><a href=\"https:\/\/www.la-academia-tango.net\/cms\/wp-content\/uploads\/DSC06969-scaled.jpg\" target=\"_blank\" rel=\"noopener\"><img loading=\"lazy\" decoding=\"async\" class=\"prozent aligncenter wp-image-9287 size-large\" src=\"https:\/\/www.la-academia-tango.net\/cms\/wp-content\/uploads\/DSC06969-1024x683.jpg\" alt=\"\" width=\"1024\" height=\"683\" \/><\/a><\/p>\n<p>&nbsp;<\/p>\n<p>&nbsp;<\/p>\n<p><a href=\"https:\/\/www.la-academia-tango.net\/cms\/wp-content\/uploads\/IMG_9105-scaled.jpg\" target=\"_blank\" rel=\"noopener\"><img loading=\"lazy\" decoding=\"async\" class=\"prozent aligncenter wp-image-9285 size-large\" src=\"https:\/\/www.la-academia-tango.net\/cms\/wp-content\/uploads\/IMG_9105-1024x683.jpg\" alt=\"\" width=\"1024\" height=\"683\" srcset=\"https:\/\/www.la-academia-tango.net\/cms\/wp-content\/uploads\/IMG_9105-1024x683.jpg 1024w, https:\/\/www.la-academia-tango.net\/cms\/wp-content\/uploads\/IMG_9105-300x200.jpg 300w, https:\/\/www.la-academia-tango.net\/cms\/wp-content\/uploads\/IMG_9105-768x512.jpg 768w, https:\/\/www.la-academia-tango.net\/cms\/wp-content\/uploads\/IMG_9105-1536x1024.jpg 1536w, https:\/\/www.la-academia-tango.net\/cms\/wp-content\/uploads\/IMG_9105-2048x1365.jpg 2048w, https:\/\/www.la-academia-tango.net\/cms\/wp-content\/uploads\/IMG_9105-370x247.jpg 370w, https:\/\/www.la-academia-tango.net\/cms\/wp-content\/uploads\/IMG_9105-1040x693.jpg 1040w\" sizes=\"auto, (max-width: 1024px) 100vw, 1024px\" \/><\/a><\/p>\n<p>&nbsp;<\/p>\n<p><a href=\"https:\/\/www.la-academia-tango.net\/cms\/wp-content\/uploads\/IMG_9125-scaled.jpg\" target=\"_blank\" rel=\"noopener\"><img loading=\"lazy\" decoding=\"async\" class=\"prozent aligncenter wp-image-9286 size-large\" src=\"https:\/\/www.la-academia-tango.net\/cms\/wp-content\/uploads\/IMG_9125-1024x683.jpg\" alt=\"\" width=\"1024\" height=\"683\" srcset=\"https:\/\/www.la-academia-tango.net\/cms\/wp-content\/uploads\/IMG_9125-1024x683.jpg 1024w, https:\/\/www.la-academia-tango.net\/cms\/wp-content\/uploads\/IMG_9125-300x200.jpg 300w, https:\/\/www.la-academia-tango.net\/cms\/wp-content\/uploads\/IMG_9125-768x512.jpg 768w, https:\/\/www.la-academia-tango.net\/cms\/wp-content\/uploads\/IMG_9125-1536x1024.jpg 1536w, https:\/\/www.la-academia-tango.net\/cms\/wp-content\/uploads\/IMG_9125-2048x1365.jpg 2048w, https:\/\/www.la-academia-tango.net\/cms\/wp-content\/uploads\/IMG_9125-370x247.jpg 370w, https:\/\/www.la-academia-tango.net\/cms\/wp-content\/uploads\/IMG_9125-1040x693.jpg 1040w\" sizes=\"auto, (max-width: 1024px) 100vw, 1024px\" \/><\/a><\/p>\n<p>&nbsp;<\/p>\n<p>&nbsp;<\/p>\n","protected":false},"excerpt":{"rendered":"<p>Bei Carsta steht der Spa\u00df beim Tanzen und Lernen immer im Mittelpunkt. Open Role im Unterricht ist seit Anbeginn ihre Leidenschaft. Unabh\u00e4ngig von der Tanzrolle stehen Kreativit\u00e4t, Tanzfreiheit, komfortables Tanzen und ein harmonisches respektvolles Miteinander[&#8230;]<\/p>\n","protected":false},"author":2,"featured_media":0,"parent":0,"menu_order":0,"comment_status":"closed","ping_status":"closed","template":"","meta":{"footnotes":""},"class_list":["post-6465","page","type-page","status-publish","hentry"],"_links":{"self":[{"href":"https:\/\/www.la-academia-tango.net\/cms\/wp-json\/wp\/v2\/pages\/6465","targetHints":{"allow":["GET"]}}],"collection":[{"href":"https:\/\/www.la-academia-tango.net\/cms\/wp-json\/wp\/v2\/pages"}],"about":[{"href":"https:\/\/www.la-academia-tango.net\/cms\/wp-json\/wp\/v2\/types\/page"}],"author":[{"embeddable":true,"href":"https:\/\/www.la-academia-tango.net\/cms\/wp-json\/wp\/v2\/users\/2"}],"replies":[{"embeddable":true,"href":"https:\/\/www.la-academia-tango.net\/cms\/wp-json\/wp\/v2\/comments?post=6465"}],"version-history":[{"count":4,"href":"https:\/\/www.la-academia-tango.net\/cms\/wp-json\/wp\/v2\/pages\/6465\/revisions"}],"predecessor-version":[{"id":9289,"href":"https:\/\/www.la-academia-tango.net\/cms\/wp-json\/wp\/v2\/pages\/6465\/revisions\/9289"}],"wp:attachment":[{"href":"https:\/\/www.la-academia-tango.net\/cms\/wp-json\/wp\/v2\/media?parent=6465"}],"curies":[{"name":"wp","href":"https:\/\/api.w.org\/{rel}","templated":true}]}}