{"id":6182,"date":"2020-12-16T16:52:23","date_gmt":"2020-12-16T15:52:23","guid":{"rendered":"http:\/\/www.la-academia-tango.net\/cms\/?page_id=6182"},"modified":"2023-12-20T23:14:40","modified_gmt":"2023-12-20T22:14:40","slug":"gutschein","status":"publish","type":"page","link":"https:\/\/www.la-academia-tango.net\/cms\/gutschein\/","title":{"rendered":"Gutschein"},"content":{"rendered":"<p style=\"text-align: center;\"><span style=\"font-size: 18pt; color: #ff0000;\"><span style=\"caret-color: #000000;\"><b>Spa\u00df und Freude f\u00fcr die Seele &#8211;\u00a0 verschenke einen Gutschein\u00a0<\/b><\/span><\/span><\/p>\n<p style=\"text-align: center;\"><span style=\"color: #ffffff;\">.<\/span><\/p>\n<p style=\"text-align: center;\"><span style=\"color: #333333;\">Verschenke Spa\u00df, Freude, Leidenschaft, magische Momente und magische Energie, Verf\u00fchrerisches, tiefes Erleben, Sch\u00f6nheit, Ver\u00e4nderung, Bewegung und noch so viel mehr Wohlf\u00fchlen f\u00fcr die Seele.<\/span><\/p>\n<p style=\"text-align: center;\"><span style=\"color: #333333;\">Verschenke einen Gutschein f\u00fcr Tango argentino\u00a0 f\u00fcr dich selbst oder an liebe Freunde.<\/span><\/p>\n<p style=\"text-align: center;\"><span style=\"color: #333333;\">Melde dich bei uns &#8211; wir gestalten dir gern einen individuellen Gutschein<br \/>\nf\u00fcr eine Einzelstunde<br \/>\noder<br \/>\neinen Kurs<br \/>\noder<br \/>\nein Event<br \/>\noder&#8230;oder&#8230;oder<\/span><\/p>\n<p>&nbsp;<\/p>\n<p>&nbsp;<\/p>\n<p>&nbsp;<\/p>\n<p style=\"text-align: center;\"><span style=\"color: #000000;\"><strong>Kontakt<br \/>\n<\/strong>per Mail an info[at]la-academia-tango-dresden.de<span style=\"color: #0000ff;\">\u00a0<\/span>oder per Telefon<span style=\"color: #008080;\"> <a style=\"color: #008080;\" href=\"http:\/\/www.la-academia-tango.net\/cms\/kontakt\/\">\u00bb Kontakt<\/a><\/span><\/span><\/p>\n<p>&nbsp;<\/p>\n<p style=\"text-align: center;\"><span style=\"color: #ffffff;\">.<\/span><span style=\"color: #ff0000;\"><span style=\"color: #000000;\"><strong><span style=\"font-size: 10pt; color: #ffffff;\">.<\/span><\/strong><\/span><\/span><\/p>\n<p style=\"text-align: center;\"><a href=\"https:\/\/www.la-academia-tango.net\/cms\/gutschein\/\"><img loading=\"lazy\" decoding=\"async\" class=\"prozent aligncenter wp-image-8218 size-large\" src=\"https:\/\/www.la-academia-tango.net\/cms\/wp-content\/uploads\/Flyer-Gutschein-verschenke-magische-Momente-1024x496.jpg\" alt=\"\" width=\"1024\" height=\"496\" srcset=\"https:\/\/www.la-academia-tango.net\/cms\/wp-content\/uploads\/Flyer-Gutschein-verschenke-magische-Momente-1024x496.jpg 1024w, https:\/\/www.la-academia-tango.net\/cms\/wp-content\/uploads\/Flyer-Gutschein-verschenke-magische-Momente-300x145.jpg 300w, https:\/\/www.la-academia-tango.net\/cms\/wp-content\/uploads\/Flyer-Gutschein-verschenke-magische-Momente-768x372.jpg 768w, https:\/\/www.la-academia-tango.net\/cms\/wp-content\/uploads\/Flyer-Gutschein-verschenke-magische-Momente-1536x744.jpg 1536w, https:\/\/www.la-academia-tango.net\/cms\/wp-content\/uploads\/Flyer-Gutschein-verschenke-magische-Momente-2048x991.jpg 2048w, https:\/\/www.la-academia-tango.net\/cms\/wp-content\/uploads\/Flyer-Gutschein-verschenke-magische-Momente-370x179.jpg 370w, https:\/\/www.la-academia-tango.net\/cms\/wp-content\/uploads\/Flyer-Gutschein-verschenke-magische-Momente-1040x503.jpg 1040w\" sizes=\"auto, (max-width: 1024px) 100vw, 1024px\" \/><\/a><\/p>\n<h3 style=\"text-align: center;\"><span style=\"color: #ff0000;\"><span style=\"color: #000000;\"><strong><span style=\"font-size: 10pt; color: #ffffff;\">.<\/span><\/strong><\/span><\/span><\/h3>\n<p style=\"text-align: center;\"><span style=\"color: #ffffff;\">.<\/span><\/p>\n<p>&nbsp;<\/p>\n<p style=\"text-align: center;\"><span style=\"color: #ffffff;\">.<\/span><\/p>\n<p>&nbsp;<\/p>\n<p>&nbsp;<\/p>\n<div class=\"line-red\" style=\"text-align: center;\"><\/div>\n<pre><span style=\"color: #ff0000;\"><a style=\"color: #ff0000;\" href=\"http:\/\/www.la-academia-tango.net\/cms\/newsletter-anmeldung\/\">\u00bb Wer vorzeitig per Mail \u00fcber Termine, Veranstaltungen... informiert werden m\u00f6chte, klickt bitte \u00a0hier<\/a><\/span><\/pre>\n<address>\u00a0<\/address>\n<p>&nbsp;<\/p>\n<pre><span style=\"color: #ff0000;\"><a style=\"color: #ff0000;\" href=\"https:\/\/www.la-academia-tango.net\/cms\/keinen-newsletter-mehr\/\">\u00bb Hier kannst du den Newsletter abbestellen<\/a><\/span><\/pre>\n<p>&nbsp;<\/p>\n<p>&nbsp;<\/p>\n<p style=\"text-align: left;\"><a href=\"https:\/\/www.la-academia-tango.net\/cms\/gutschein\/\"><span style=\"color: #808080; font-size: 10pt;\">\u00bb \u00a0..<\/span><\/a><\/p>\n<p style=\"text-align: center;\"><span style=\"color: #ffffff;\">.<\/span><\/p>\n<p>&nbsp;<\/p>\n","protected":false},"excerpt":{"rendered":"<p>Spa\u00df und Freude f\u00fcr die Seele &#8211;\u00a0 verschenke einen Gutschein\u00a0 . Verschenke Spa\u00df, Freude, Leidenschaft, magische Momente und magische Energie, Verf\u00fchrerisches, tiefes Erleben, Sch\u00f6nheit, Ver\u00e4nderung, Bewegung und noch so viel mehr Wohlf\u00fchlen f\u00fcr die Seele.[&#8230;]<\/p>\n","protected":false},"author":2,"featured_media":0,"parent":0,"menu_order":0,"comment_status":"closed","ping_status":"closed","template":"","meta":{"footnotes":""},"class_list":["post-6182","page","type-page","status-publish","hentry"],"_links":{"self":[{"href":"https:\/\/www.la-academia-tango.net\/cms\/wp-json\/wp\/v2\/pages\/6182","targetHints":{"allow":["GET"]}}],"collection":[{"href":"https:\/\/www.la-academia-tango.net\/cms\/wp-json\/wp\/v2\/pages"}],"about":[{"href":"https:\/\/www.la-academia-tango.net\/cms\/wp-json\/wp\/v2\/types\/page"}],"author":[{"embeddable":true,"href":"https:\/\/www.la-academia-tango.net\/cms\/wp-json\/wp\/v2\/users\/2"}],"replies":[{"embeddable":true,"href":"https:\/\/www.la-academia-tango.net\/cms\/wp-json\/wp\/v2\/comments?post=6182"}],"version-history":[{"count":15,"href":"https:\/\/www.la-academia-tango.net\/cms\/wp-json\/wp\/v2\/pages\/6182\/revisions"}],"predecessor-version":[{"id":8357,"href":"https:\/\/www.la-academia-tango.net\/cms\/wp-json\/wp\/v2\/pages\/6182\/revisions\/8357"}],"wp:attachment":[{"href":"https:\/\/www.la-academia-tango.net\/cms\/wp-json\/wp\/v2\/media?parent=6182"}],"curies":[{"name":"wp","href":"https:\/\/api.w.org\/{rel}","templated":true}]}}