{"id":6162,"date":"2020-11-02T21:32:05","date_gmt":"2020-11-02T20:32:05","guid":{"rendered":"http:\/\/www.la-academia-tango.net\/cms\/?page_id=6162"},"modified":"2020-11-10T11:56:09","modified_gmt":"2020-11-10T10:56:09","slug":"vermietung","status":"publish","type":"page","link":"https:\/\/www.la-academia-tango.net\/cms\/vermietung\/","title":{"rendered":"Vermietung"},"content":{"rendered":"<p style=\"text-align: center;\">Der Raum kann \u00a0stundenweise oder tageweise angemietet werden f\u00fcr Kurse, Seminare oder individuelles \u00dcben.<br \/>\nM\u00f6gliche Zeiten und Preise auf Anfrage bei Carsta &#8211; Tel +49 172 363 57 42<\/p>\n<h3 style=\"text-align: center;\"><span style=\"color: #ff0000;\"><span style=\"color: #000000;\"><strong><span style=\"font-size: 10pt; color: #ffffff;\">.<\/span><\/strong><\/span><\/span><\/h3>\n<p style=\"text-align: center;\"><span style=\"color: #ff0000; font-size: 10pt;\">\u2022\u2022\u2022\u2022\u2022\u2022\u2022\u2022\u2022\u2022\u2022\u2022\u2022\u2022\u2022\u2022\u2022\u2022\u2022\u2022\u2022\u2022\u2022\u2022\u2022\u2022\u2022<\/span><\/p>\n<p style=\"text-align: center;\"><span style=\"color: #ffffff;\">.<\/span><\/p>\n<pre style=\"text-align: center;\"><span style=\"color: #ff0000;\"><a style=\"color: #ff0000;\" href=\"https:\/\/www.la-academia-tango.net\/cms\/newsletter-anmeldung\/\">\u00bb hier kannst du dich f\u00fcr den Newsletter anmelden<\/a><\/span><\/pre>\n<address>\u00a0<\/address>\n<p>&nbsp;<\/p>\n<pre style=\"text-align: center;\"><span style=\"color: #ff0000;\"><a style=\"color: #ff0000;\" href=\"https:\/\/www.la-academia-tango.net\/cms\/keinen-newsletter-mehr\/\">\u00bb Hier kannst du den Newsletter abbestellen<\/a><\/span><\/pre>\n<p style=\"text-align: center;\"><span style=\"color: #ffffff;\">.<\/span><\/p>\n<p style=\"text-align: center;\"><span style=\"color: #ffffff;\">.<\/span><\/p>\n","protected":false},"excerpt":{"rendered":"<p>Der Raum kann \u00a0stundenweise oder tageweise angemietet werden f\u00fcr Kurse, Seminare oder individuelles \u00dcben. M\u00f6gliche Zeiten und Preise auf Anfrage bei Carsta &#8211; Tel +49 172 363 57 42 . \u2022\u2022\u2022\u2022\u2022\u2022\u2022\u2022\u2022\u2022\u2022\u2022\u2022\u2022\u2022\u2022\u2022\u2022\u2022\u2022\u2022\u2022\u2022\u2022\u2022\u2022\u2022 . \u00bb hier kannst[&#8230;]<\/p>\n","protected":false},"author":2,"featured_media":0,"parent":0,"menu_order":0,"comment_status":"closed","ping_status":"closed","template":"","meta":{"footnotes":""},"class_list":["post-6162","page","type-page","status-publish","hentry"],"_links":{"self":[{"href":"https:\/\/www.la-academia-tango.net\/cms\/wp-json\/wp\/v2\/pages\/6162","targetHints":{"allow":["GET"]}}],"collection":[{"href":"https:\/\/www.la-academia-tango.net\/cms\/wp-json\/wp\/v2\/pages"}],"about":[{"href":"https:\/\/www.la-academia-tango.net\/cms\/wp-json\/wp\/v2\/types\/page"}],"author":[{"embeddable":true,"href":"https:\/\/www.la-academia-tango.net\/cms\/wp-json\/wp\/v2\/users\/2"}],"replies":[{"embeddable":true,"href":"https:\/\/www.la-academia-tango.net\/cms\/wp-json\/wp\/v2\/comments?post=6162"}],"version-history":[{"count":7,"href":"https:\/\/www.la-academia-tango.net\/cms\/wp-json\/wp\/v2\/pages\/6162\/revisions"}],"predecessor-version":[{"id":6171,"href":"https:\/\/www.la-academia-tango.net\/cms\/wp-json\/wp\/v2\/pages\/6162\/revisions\/6171"}],"wp:attachment":[{"href":"https:\/\/www.la-academia-tango.net\/cms\/wp-json\/wp\/v2\/media?parent=6162"}],"curies":[{"name":"wp","href":"https:\/\/api.w.org\/{rel}","templated":true}]}}