{"id":5474,"date":"2020-02-07T09:57:42","date_gmt":"2020-02-07T08:57:42","guid":{"rendered":"http:\/\/www.la-academia-tango.net\/cms\/?page_id=5474"},"modified":"2025-07-15T14:41:36","modified_gmt":"2025-07-15T13:41:36","slug":"iron-tango-registration","status":"publish","type":"page","link":"https:\/\/www.la-academia-tango.net\/cms\/iron-tango-registration\/","title":{"rendered":"iron tango registration Dresden"},"content":{"rendered":"<div>\n<p style=\"text-align: center;\"><strong><span style=\"color: #ff0000;\"><span style=\"font-size: 18pt;\"><span style=\"font-size: 30px;\">\u00a010. <\/span>IRON TANGO<br \/>\n<\/span><\/span><\/strong><strong><span style=\"color: #ff0000;\"><span style=\"font-size: 18pt;\">Dresden<\/span><br \/>\n<\/span><\/strong><span style=\"color: #ff0000;\"><strong>26 | 27 |28\u00a0 Juni 2026<\/strong><br \/>\n<strong>Premilonga 25. Juni 2026 <\/strong><\/span><\/p>\n<p style=\"text-align: center;\"><span style=\"color: #ff0000; font-size: 20px;\"><strong><span style=\"font-size: 25px;\">&#x2665;<\/span> Lasst uns die 10 feiern <span style=\"font-size: 25px;\">&#x2665;<\/span><\/strong><\/span><\/p>\n<\/div>\n<div style=\"text-align: center;\"><span style=\"color: #ffffff; font-size: 8pt;\">\u2022<\/span><\/div>\n<div style=\"text-align: center;\"><\/div>\n<div>\n<p style=\"color: #ff0000; text-align: center;\"><span style=\"font-size: 14pt;\"><strong>Anmeldung\u00a0 Dresden \/ Registration Dresden :<\/strong><\/span><\/p>\n<p style=\"color: #ff0000; text-align: center;\"><span style=\"color: #ff0000;\">\u2022<br \/>\n<span style=\"color: #000000;\">Als Paar \u00a0(leader \/ follower) Jeder von euch meldet sich separat im Formular an &#8211; vom\u00a0Partner wird lediglich der\u00a0Name angegeben, damit die Zuordnung passt.<br \/>\n<\/span><\/span><span style=\"color: #ff0000;\"><span style=\"font-size: 12pt;\"><em><span style=\"color: #808080;\">Couples (leader \/ follower): each partner submits a separate form (noting the name of the other partner)<\/span><\/em><\/span><br \/>\n\u2022<br \/>\n<span style=\"color: #000000;\">Ohne PartnerIn mit Warteliste bis zur Zuordnung Leader\/ Follower.<br \/>\n<\/span><\/span><em><span style=\"color: #808080;\">Single dancers (without a partner) will be put on a waiting list until matched to a leader \/ follower (you will receive an e-mail from us when there is space for you)<\/span><\/em><br \/>\n<span style=\"color: #ff0000;\">\u2022<\/span><br \/>\n<span style=\"color: #000000;\">Als <strong>erfahrene\u00a0<\/strong> Doppelrollent\u00e4nzer*In, wenn du tats\u00e4chlich in beiden Rollen tanzen m\u00f6chtest \u00a0und die Lage von \u201eNotwendigkeiten\u201c zur Veranstaltung auf der Milonga erkennst\u00a0 &#8211; Warteliste f\u00fcr ein ausgeglichenes Verh\u00e4ltnis<br \/>\n<\/span><em><span style=\"color: #808080;\">If you are a <strong>experienced<\/strong> double-roll-dancer and are willing to dance in either roles depending on the role balance at the time, please indicate on your registration (Waitinglist after 10%)<\/span><\/em><\/p>\n<p style=\"text-align: center;\"><span style=\"color: #ff0000;\">\u2022<\/span><\/p>\n<p style=\"text-align: center;\">Habt ihr Fragen, ruft an oder schreibt an uns<br \/>\nKontakt IRON TANGO CRETE Carsta &amp; Alex:<span style=\"color: #ff0000;\"> iron [at] la-academia-tango-dresden.de<\/span><\/p>\n<p>&nbsp;<\/p>\n<p style=\"color: #ff0000; text-align: left;\"><span style=\"font-size: 20px;\">Wenn du dich mit Tanzpartner*In anmeldest, muss diese(r) ebenfalls das Anmeldeformular ausf\u00fcllen \/ <em>If you register with a dance partner, they must also complete the registration form<\/em><\/span><\/p>\n<p>&nbsp;<\/p>\n<div>\n<div><\/div>\n<\/div>\n<div class=\"blackform\">\n<div class=\"wpcf7 no-js\" id=\"wpcf7-f9269-o1\" lang=\"de-DE\" dir=\"ltr\" data-wpcf7-id=\"9269\">\n<div class=\"screen-reader-response\"><p role=\"status\" aria-live=\"polite\" aria-atomic=\"true\"><\/p> <ul><\/ul><\/div>\n<form action=\"\/cms\/wp-json\/wp\/v2\/pages\/5474#wpcf7-f9269-o1\" method=\"post\" class=\"wpcf7-form init\" aria-label=\"Kontaktformular\" novalidate=\"novalidate\" data-status=\"init\">\n<div style=\"display: none;\">\n<input type=\"hidden\" name=\"_wpcf7\" value=\"9269\" \/>\n<input type=\"hidden\" name=\"_wpcf7_version\" value=\"6.0.5\" \/>\n<input type=\"hidden\" name=\"_wpcf7_locale\" value=\"de_DE\" \/>\n<input type=\"hidden\" name=\"_wpcf7_unit_tag\" value=\"wpcf7-f9269-o1\" \/>\n<input type=\"hidden\" name=\"_wpcf7_container_post\" value=\"0\" \/>\n<input type=\"hidden\" name=\"_wpcf7_posted_data_hash\" value=\"\" \/>\n<\/div>\n<p><label> Deine Registrierung f\u00fcr IRON TANGO (25.) | 26. | 27.| 28. Juni 2026 | Your Registry <\/label>\n<\/p>\n<p><span class=\"wpcf7-form-control-wrap\" data-name=\"booking\"><span class=\"wpcf7-form-control wpcf7-checkbox wpcf7-validates-as-required wpcf7-exclusive-checkbox\"><span class=\"wpcf7-list-item first\"><label><input type=\"checkbox\" name=\"booking\" value=\"Buchung mit Partner - Booking With Partner\" \/><span class=\"wpcf7-list-item-label\">Buchung mit Partner - Booking With Partner<\/span><\/label><\/span><span class=\"wpcf7-list-item\"><label><input type=\"checkbox\" name=\"booking\" value=\"Buchung allein mit Warteliste - Single-Booking With Waitinglist\" \/><span class=\"wpcf7-list-item-label\">Buchung allein mit Warteliste - Single-Booking With Waitinglist<\/span><\/label><\/span><span class=\"wpcf7-list-item last\"><label><input type=\"checkbox\" name=\"booking\" value=\"Buchung als Doppelrollent\u00e4nzer(in) - Single-Booking for Double-Role-Dancer - Waitinglist\" \/><span class=\"wpcf7-list-item-label\">Buchung als Doppelrollent\u00e4nzer(in) - Single-Booking for Double-Role-Dancer - Waitinglist<\/span><\/label><\/span><\/span><\/span>\n<\/p>\n<p><label> Dein Vorname - Your Name *<br \/>\n<span class=\"wpcf7-form-control-wrap\" data-name=\"first-name\"><input size=\"40\" maxlength=\"400\" class=\"wpcf7-form-control wpcf7-text wpcf7-validates-as-required\" aria-required=\"true\" aria-invalid=\"false\" value=\"\" type=\"text\" name=\"first-name\" \/><\/span> <\/label>\n<\/p>\n<p><label> Dein Nachname - Your Surname *<br \/>\n<span class=\"wpcf7-form-control-wrap\" data-name=\"sur-name\"><input size=\"40\" maxlength=\"400\" class=\"wpcf7-form-control wpcf7-text wpcf7-validates-as-required\" aria-required=\"true\" aria-invalid=\"false\" value=\"\" type=\"text\" name=\"sur-name\" \/><\/span> <\/label>\n<\/p>\n<p><label> Facebook Username - Facebook-Username<br \/>\n<span class=\"wpcf7-form-control-wrap\" data-name=\"fb-name\"><input size=\"40\" maxlength=\"400\" class=\"wpcf7-form-control wpcf7-text\" aria-invalid=\"false\" value=\"\" type=\"text\" name=\"fb-name\" \/><\/span> <\/label>\n<\/p>\n<div id=\"partneranmeldung\">\n\t<p><label> Name Partner - Name Of Your Partner<br \/>\n<span class=\"wpcf7-form-control-wrap\" data-name=\"name-partner\"><input size=\"40\" maxlength=\"400\" class=\"wpcf7-form-control wpcf7-text\" aria-invalid=\"false\" value=\"\" type=\"text\" name=\"name-partner\" \/><\/span> <\/label>\n\t<\/p>\n\t<p><label> Partner Email - EMail Of Your Partner<br \/>\n<span class=\"wpcf7-form-control-wrap\" data-name=\"Partneremail-101\"><input size=\"40\" maxlength=\"400\" class=\"wpcf7-form-control wpcf7-email wpcf7-text wpcf7-validates-as-email\" aria-invalid=\"false\" value=\"\" type=\"email\" name=\"Partneremail-101\" \/><\/span> <\/label>\n\t<\/p>\n\t<p><label> Facebook Partnername<br \/>\n<span class=\"wpcf7-form-control-wrap\" data-name=\"fb-partnername\"><input size=\"40\" maxlength=\"400\" class=\"wpcf7-form-control wpcf7-text\" aria-invalid=\"false\" value=\"\" type=\"text\" name=\"fb-partnername\" \/><\/span> <\/label>\n\t<\/p>\n<\/div><!-- #Partneranmeldung -->\n<p><label> Deine Email - Your Mail *<br \/>\n<span class=\"wpcf7-form-control-wrap\" data-name=\"your-email\"><input size=\"40\" maxlength=\"400\" class=\"wpcf7-form-control wpcf7-email wpcf7-validates-as-required wpcf7-text wpcf7-validates-as-email\" aria-required=\"true\" aria-invalid=\"false\" value=\"\" type=\"email\" name=\"your-email\" \/><\/span> <\/label>\n<\/p>\n<p><label> Bitte Email best\u00e4tigen - Confirm Your Mail *<br \/>\n<span class=\"wpcf7-form-control-wrap\" data-name=\"confirm-email\"><input size=\"40\" maxlength=\"400\" class=\"wpcf7-form-control wpcf7-email wpcf7-validates-as-required wpcf7-text wpcf7-validates-as-email\" aria-required=\"true\" aria-invalid=\"false\" value=\"\" type=\"email\" name=\"confirm-email\" \/><\/span> <\/label>\n<\/p>\n<p><label> Dein Wohnort \/ City - Country *<br \/>\n<span class=\"wpcf7-form-control-wrap\" data-name=\"residence\"><input size=\"40\" maxlength=\"400\" class=\"wpcf7-form-control wpcf7-text wpcf7-validates-as-required\" aria-required=\"true\" aria-invalid=\"false\" value=\"\" type=\"text\" name=\"residence\" \/><\/span> <\/label>\n<\/p>\n<p><label> Deine bevorzugte Tanzrolle | Your Preferred Role:<\/label>\n<\/p>\n<p><span class=\"wpcf7-form-control-wrap\" data-name=\"role\"><span class=\"wpcf7-form-control wpcf7-checkbox wpcf7-exclusive-checkbox\"><span class=\"wpcf7-list-item first\"><label><input type=\"checkbox\" name=\"role\" value=\"Folgende Rolle - Following Role\" \/><span class=\"wpcf7-list-item-label\">Folgende Rolle - Following Role<\/span><\/label><\/span><span class=\"wpcf7-list-item last\"><label><input type=\"checkbox\" name=\"role\" value=\"F\u00fchrende Rolle - Leading Role\" \/><span class=\"wpcf7-list-item-label\">F\u00fchrende Rolle - Leading Role<\/span><\/label><\/span><\/span><\/span><br \/>\n<span class=\"wpcf7-form-control-wrap\" data-name=\"beiderollen\"><span class=\"wpcf7-form-control wpcf7-checkbox wpcf7-exclusive-checkbox\"><span class=\"wpcf7-list-item first last\"><label><input type=\"checkbox\" name=\"beiderollen\" value=\"Ich tanze beide Rollen gleich und gleichwertig gern - I Love and Dance To Dance Both Roles\" \/><span class=\"wpcf7-list-item-label\">Ich tanze beide Rollen gleich und gleichwertig gern - I Love and Dance To Dance Both Roles<\/span><\/label><\/span><\/span><\/span>\n<\/p>\n<p><label> Bevorzugst Du vegetarisches Essen? Andere W\u00fcnsche kannst du in die Mitteilungen schreiben - Do You Prefer Veggie Food? <\/label>\n<\/p>\n<p><span class=\"wpcf7-form-control-wrap\" data-name=\"checkbox-432\"><span class=\"wpcf7-form-control wpcf7-checkbox wpcf7-validates-as-required wpcf7-exclusive-checkbox seminarundpass\"><span class=\"wpcf7-list-item first\"><label><input type=\"checkbox\" name=\"checkbox-432\" value=\"ja \/ Yes\" \/><span class=\"wpcf7-list-item-label\">ja \/ Yes<\/span><\/label><\/span><span class=\"wpcf7-list-item last\"><label><input type=\"checkbox\" name=\"checkbox-432\" value=\"Nein \/ No\" \/><span class=\"wpcf7-list-item-label\">Nein \/ No<\/span><\/label><\/span><\/span><\/span>\n<\/p>\n<p><label> Alle helfen f\u00fcr eine kurze Zeit - wenn du dar\u00fcber hinaus helfen m\u00f6chtest bekommst du dies auf deinen Teilnehmerbeitrag angerechnet \/ Everyone helps for a short time - if you would like to help beyond that, you will be credited towards your participation fee? <\/label><br \/>\n<span class=\"wpcf7-form-control-wrap\" data-name=\"checkbox-773\"><span class=\"wpcf7-form-control wpcf7-checkbox wpcf7-validates-as-required WS A Donnerstag\"><span class=\"wpcf7-list-item first\"><label><input type=\"checkbox\" name=\"checkbox-773[]\" value=\"Ja - Yes\" \/><span class=\"wpcf7-list-item-label\">Ja - Yes<\/span><\/label><\/span><span class=\"wpcf7-list-item last\"><label><input type=\"checkbox\" name=\"checkbox-773[]\" value=\"Nein - No\" \/><span class=\"wpcf7-list-item-label\">Nein - No<\/span><\/label><\/span><\/span><\/span>\n<\/p>\n<p><label> Hast du Interesse an der Pre-Milonga am Donnerstag? Do you interested in Pre Milonga on Thursday? <\/label><br \/>\n<span class=\"wpcf7-form-control-wrap\" data-name=\"checkbox-908\"><span class=\"wpcf7-form-control wpcf7-checkbox wpcf7-validates-as-required\"><span class=\"wpcf7-list-item first\"><label><input type=\"checkbox\" name=\"checkbox-908[]\" value=\"Ja - Yes\" \/><span class=\"wpcf7-list-item-label\">Ja - Yes<\/span><\/label><\/span><span class=\"wpcf7-list-item last\"><label><input type=\"checkbox\" name=\"checkbox-908[]\" value=\"Nein - No\" \/><span class=\"wpcf7-list-item-label\">Nein - No<\/span><\/label><\/span><\/span><\/span>\n<\/p>\n<p><label> Ich habe Interesse an einen Platz im Schlafsaal (9 Schlafpl\u00e4tze), sonst im Tanzsaal - I Would Like To Sleep In The Sleepingroom (For 9 people), Otherwise On The Dancefloor <\/label><br \/>\n<span class=\"wpcf7-form-control-wrap\" data-name=\"checkbox-279\"><span class=\"wpcf7-form-control wpcf7-checkbox wpcf7-validates-as-required wpcf7-exclusive-checkbox dorm\"><span class=\"wpcf7-list-item first\"><label><input type=\"checkbox\" name=\"checkbox-279\" value=\"Ja \/ Yes\" \/><span class=\"wpcf7-list-item-label\">Ja \/ Yes<\/span><\/label><\/span><span class=\"wpcf7-list-item last\"><label><input type=\"checkbox\" name=\"checkbox-279\" value=\"Nein \/ No\" \/><span class=\"wpcf7-list-item-label\">Nein \/ No<\/span><\/label><\/span><\/span><\/span>\n<\/p>\n<p><label> Ich habe Interesse an einem Zeltplatz f\u00fcr mein Zelt \/ Camper im Garten - I Would Like To Have A Place For My Tent\/Camper In the Garden <\/label><br \/>\n<span class=\"wpcf7-form-control-wrap\" data-name=\"checkbox-914\"><span class=\"wpcf7-form-control wpcf7-checkbox wpcf7-validates-as-required zeltplatz\"><span class=\"wpcf7-list-item first\"><label><input type=\"checkbox\" name=\"checkbox-914[]\" value=\"Zeltplatz - Place for a tent - Zeltma\u00dfe bitte in die Mitteilungen \/ Please enter tent dimensions in the messages\" \/><span class=\"wpcf7-list-item-label\">Zeltplatz - Place for a tent - Zeltma\u00dfe bitte in die Mitteilungen \/ Please enter tent dimensions in the messages<\/span><\/label><\/span><span class=\"wpcf7-list-item\"><label><input type=\"checkbox\" name=\"checkbox-914[]\" value=\"Camperplatz - Place for a Camper - Campernma\u00dfe bitte in die Mitteilungen \/ Camper dimensions please in the messages\" \/><span class=\"wpcf7-list-item-label\">Camperplatz - Place for a Camper - Campernma\u00dfe bitte in die Mitteilungen \/ Camper dimensions please in the messages<\/span><\/label><\/span><span class=\"wpcf7-list-item\"><label><input type=\"checkbox\" name=\"checkbox-914[]\" value=\"Im Zelt\/Camper des Partners - In Tent\/Camper Of My Partner\" \/><span class=\"wpcf7-list-item-label\">Im Zelt\/Camper des Partners - In Tent\/Camper Of My Partner<\/span><\/label><\/span><span class=\"wpcf7-list-item last\"><label><input type=\"checkbox\" name=\"checkbox-914[]\" value=\"Ich k\u00fcmmere mich selbst um die \u00dcbernachtung \/ I will take care of accomodation myself\" \/><span class=\"wpcf7-list-item-label\">Ich k\u00fcmmere mich selbst um die \u00dcbernachtung \/ I will take care of accomodation myself<\/span><\/label><\/span><\/span><\/span>\n<\/p>\n<p><label>Deine Mitteilung f\u00fcr uns<br \/>\n<!-- label> Subject\n    <span class=\"wpcf7-form-control-wrap\" data-name=\"your-subject\"><input size=\"40\" maxlength=\"400\" class=\"wpcf7-form-control wpcf7-text\" aria-invalid=\"false\" value=\"\" type=\"text\" name=\"your-subject\" \/><\/span> <\/label --><br \/>\n<label>Mitteilungen \/ Your Message<\/label><br \/>\n<span class=\"wpcf7-form-control-wrap\" data-name=\"bemerkungen\"><textarea cols=\"40\" rows=\"10\" maxlength=\"2000\" class=\"wpcf7-form-control wpcf7-textarea\" aria-invalid=\"false\" name=\"bemerkungen\"><\/textarea><\/span><br \/>\n<label> <span class=\"wpcf7-form-control-wrap\" data-name=\"agbs\"><span class=\"wpcf7-form-control wpcf7-acceptance\"><span class=\"wpcf7-list-item\"><input type=\"checkbox\" name=\"agbs\" value=\"1\" aria-invalid=\"false\" \/><\/span><\/span><\/span> Ich bin mit den Teilnamebedingungen der Veranstaltung einverstanden - I Agree With The Terms Of The Event <\/label><br \/>\n<label class=\"quiz\">Sorry f\u00fcr die letzte Frage, es gab zu viele Spam-Nachrichten \/ Sorry for the last question. There were too many spam messages....<br \/>\nBitte beantworte noch diese Frage \/ Please answer additional this question:<br \/>\nRechne - Wieviel ist f\u00fcnf plus vier? \/ Maths - What is five plus four?<br \/>\n<span class=\"wpcf7-form-control-wrap\" data-name=\"Rechnen3\"><label><span class=\"wpcf7-quiz-label\">Antwort als Zahl \/ Answer as number<\/span> <input size=\"40\" class=\"wpcf7-form-control wpcf7-quiz\" autocomplete=\"off\" aria-required=\"true\" aria-invalid=\"false\" type=\"text\" name=\"Rechnen3\" \/><\/label><input type=\"hidden\" name=\"_wpcf7_quiz_answer_Rechnen3\" value=\"7ef7b748c6bfca4c8f1121415597da9c\" \/><\/span><\/label><br \/>\n<input class=\"wpcf7-form-control wpcf7-submit has-spinner\" type=\"submit\" value=\"Anmeldung absenden\" \/><\/label>\n<\/p><div class=\"wpcf7-response-output\" aria-hidden=\"true\"><\/div>\n<\/form>\n<\/div>\n<\/div>\n<div><\/div>\n<p>&nbsp;<\/p>\n<p>&nbsp;<\/p>\n<div>Bei erfolgreicher Registrierung erh\u00e4lst du automatisch und umgehend eine Kopie deiner Antworten an deine \u00a0E-Mail-Adresse geschickt. Wenn das nicht innerhalb kurzer Zeit passiert, \u00a0hattest du einen Tippfehler in deiner Mailadresse. Bitte wiederhole in diesem Fall den Registrierungsvorgang.<\/div>\n<div>Eine pers\u00f6nliche Antwort bekommst du dann sp\u00e4ter von uns. Die automatische Antwort ist noch keine Teilnahmezusage.<\/div>\n<div><span style=\"color: #ffffff;\">.<\/span><\/div>\n<div style=\"text-align: left;\"><em><span style=\"color: #808080;\">Upon successful registration you will automatically and immediately receive a copy of your answers sent to your e-mail address.<\/span><\/em><br \/>\n<em><span style=\"color: #808080;\">If this does not happen, you had a typo in your email address. Please repeat the registration process in this case.<\/span><\/em><br \/>\n<em><span style=\"color: #808080;\">You will receive a personal answer from us later.<\/span><\/em><\/div>\n<div><span style=\"color: #ffffff;\">.<\/span><\/div>\n<div><span style=\"color: #ffffff;\">.<\/span><\/div>\n<div><span style=\"color: #ffffff;\">.<\/span><\/div>\n<div><\/div>\n<div><\/div>\n<p><a href=\"https:\/\/www.la-academia-tango.net\/cms\/iron-terms-teilnahmebedingungen\/\" target=\"_blank\" rel=\"noopener\"><span style=\"color: #ff0000;\"><label>\u00bb Teilnahmebedingungen <\/label><\/span><\/a><\/p>\n<p><a href=\"https:\/\/www.la-academia-tango.net\/cms\/iron-terms-teilnahmebedingungen\/\" target=\"_blank\" rel=\"noopener\"><span style=\"color: #ff0000;\"><label>\u00bb Terms<\/label><\/span><\/a><\/p>\n<p><span style=\"color: #ffffff;\">.<\/span><\/p>\n<p><span style=\"color: #ffffff;\">.<\/span><\/p>\n<p>&nbsp;<\/p>\n<p><span style=\"color: #ffffff;\">.<\/span><\/p>\n<p><span style=\"color: #ffffff;\">.<\/span><\/p>\n<p><span style=\"color: #ffffff;\">.<\/span><\/p>\n<p><span style=\"color: #ffffff;\">.<\/span><\/p>\n<p><span style=\"color: #ffffff;\">.<\/span><\/p>\n<p><img loading=\"lazy\" decoding=\"async\" class=\"aligncenter size-full wp-image-8025\" src=\"https:\/\/www.la-academia-tango.net\/cms\/wp-content\/uploads\/Vorderseite-4-CMYK-DIN-lang-Original-Silke-e1731511329615.jpg\" alt=\"\" width=\"1000\" height=\"472\" \/><\/p>\n<p>&nbsp;<\/p>\n<p>&nbsp;<\/p>\n<p><span style=\"font-size: 10px;\"><a href=\"http:\/\/www.la-academia-tango.net\/cms\/iron-tango-registration\/\"><span style=\"color: #808080;\"><label>\u00bb Registration IRON TANGO Dresden online-link\u00a0<\/label><\/span><\/a><\/span><\/p>\n<p>&nbsp;<\/p>\n<p>&nbsp;<\/p>\n<p>&nbsp;<\/p>\n<div class=\"blackform\"><\/div>\n<div><\/div>\n<\/div>\n","protected":false},"excerpt":{"rendered":"<p>\u00a010. IRON TANGO Dresden 26 | 27 |28\u00a0 Juni 2026 Premilonga 25. Juni 2026 &#x2665; Lasst uns die 10 feiern &#x2665; \u2022 Anmeldung\u00a0 Dresden \/ Registration Dresden : \u2022 Als Paar \u00a0(leader \/ follower) Jeder[&#8230;]<\/p>\n","protected":false},"author":2,"featured_media":0,"parent":0,"menu_order":0,"comment_status":"closed","ping_status":"closed","template":"","meta":{"footnotes":""},"class_list":["post-5474","page","type-page","status-publish","hentry"],"_links":{"self":[{"href":"https:\/\/www.la-academia-tango.net\/cms\/wp-json\/wp\/v2\/pages\/5474","targetHints":{"allow":["GET"]}}],"collection":[{"href":"https:\/\/www.la-academia-tango.net\/cms\/wp-json\/wp\/v2\/pages"}],"about":[{"href":"https:\/\/www.la-academia-tango.net\/cms\/wp-json\/wp\/v2\/types\/page"}],"author":[{"embeddable":true,"href":"https:\/\/www.la-academia-tango.net\/cms\/wp-json\/wp\/v2\/users\/2"}],"replies":[{"embeddable":true,"href":"https:\/\/www.la-academia-tango.net\/cms\/wp-json\/wp\/v2\/comments?post=5474"}],"version-history":[{"count":48,"href":"https:\/\/www.la-academia-tango.net\/cms\/wp-json\/wp\/v2\/pages\/5474\/revisions"}],"predecessor-version":[{"id":9396,"href":"https:\/\/www.la-academia-tango.net\/cms\/wp-json\/wp\/v2\/pages\/5474\/revisions\/9396"}],"wp:attachment":[{"href":"https:\/\/www.la-academia-tango.net\/cms\/wp-json\/wp\/v2\/media?parent=5474"}],"curies":[{"name":"wp","href":"https:\/\/api.w.org\/{rel}","templated":true}]}}