{"id":5303,"date":"2019-12-10T13:00:18","date_gmt":"2019-12-10T12:00:18","guid":{"rendered":"http:\/\/www.la-academia-tango.net\/cms\/?page_id=5303"},"modified":"2026-01-27T14:05:35","modified_gmt":"2026-01-27T13:05:35","slug":"basics-seele-des-tangos","status":"publish","type":"page","link":"https:\/\/www.la-academia-tango.net\/cms\/kurse-2\/basics-seele-des-tangos\/","title":{"rendered":"Basics &#8211; Seele des Tangos"},"content":{"rendered":"<p style=\"text-align: center;\"><a href=\"https:\/\/www.la-academia-tango.net\/cms\/kurse-2\/basics-seele-des-tangos\/\"><span style=\"font-size: 18pt; color: #ff0000;\"><span style=\"caret-color: #000000;\"><b>\u00bb Basics &#8211; Seele des Tangos<\/b><\/span><\/span><\/a><\/p>\n<p>&nbsp;<\/p>\n<p style=\"text-align: center;\"><span style=\"color: #808080;\"><a style=\"color: #808080;\" href=\"https:\/\/www.la-academia-tango.net\/cms\/kalender\/\">\u00a0\u00bb Start in 2026 : Mittwoch, 7. Januar &#8211; weitere Termine klicke hier |<\/a><\/span><\/p>\n<p style=\"text-align: center;\">jeweils 19.00 &#8211; 20.30 Uhr<\/p>\n<p style=\"text-align: center;\"><span style=\"color: #000000;\">Ob du ganz neu bist, wieder einsteigst oder schon lange Tango tanzt &#8211; es sind immer wieder die Basics und die eigene K\u00f6rperwahrnehmung, an denen wir \u00fcben, um das\u00a0 Tanzen geschmeidig werden lassen. Es geht weniger um einstudierte Schritte, als \u00a0darum, die Musik in Bewegung, Rhythmus und Gef\u00fchl zu interpretieren und sich gegenseitig mitzuteilen &#8211; wie in einem anregenden, freudigen, aktiven Gespr\u00e4ch im Paar, aber ohne Worte<\/span><\/p>\n<p style=\"text-align: center;\">In diesem Kurs erlangst du den Wortschatz dazu &#8211; je gr\u00f6\u00dfer der Wortschatz, desto unbegrenzter werden die M\u00f6glichkeiten des Gespr\u00e4ches und des Tanzes mit SPA\u00df und FREUDE.<\/p>\n<p style=\"text-align: center;\">Ihr k\u00f6nnt euch im Paar anmelden oder allein. Solltet ihr euch allein anmelden, dann\u00a0 ist die Bereitschaft, in beiden Tanz-Rollen zu tanzen, die\u00a0 Voraussetzung f\u00fcr eure Teilnahme.<\/p>\n<p>&nbsp;<\/p>\n<p style=\"text-align: center;\"><span style=\"color: #ffffff;\">.<\/span><\/p>\n<h3 style=\"text-align: center;\"><a href=\"https:\/\/www.la-academia-tango.net\/cms\/kalender\/\"><span style=\"color: #ff0000;\">\u00bb hier im Kalender findet ihr alle weiteren Termine\u00a0<\/span><\/a><\/h3>\n<p style=\"text-align: center;\"><span style=\"font-size: 14pt; color: #ffffff;\">|<\/span><\/p>\n<h3 style=\"text-align: center;\"><span style=\"font-size: 36pt;\"><span style=\"color: #ff0000;\">.<\/span><\/span><\/h3>\n<p style=\"text-align: center;\"><span style=\"font-size: 14pt; color: #ffffff;\">|<\/span><\/p>\n<p><span style=\"color: #ffffff;\">.<\/span><\/p>\n<h6 style=\"text-align: center;\"><strong><span style=\"font-size: 12px;\"><em>Kosten pro Person<\/em><\/span><br \/>\n<\/strong><span style=\"color: #808080; font-size: 12px;\"><em>\u2022 Einzelbuchung pro Kurs = 22\u20ac \u2022 <\/em><\/span><br \/>\n<span style=\"color: #808080; font-size: 12px;\"><em>\u20225 <strong>zusammenh\u00e4ngende<\/strong> Termine = 65\u20ac (ohne Zeitfenster = 3 Termine) \u2022 <\/em><\/span><br \/>\n<span style=\"color: #808080; font-size: 12px;\"><em>\u202210\u00a0 Termine in 12 Wochen &#8211; Wer zu allen Terminen in diesen 12 Wochen kommt, hat 2 Termine gratis dabei \u00a0= 130\u20ac\u00a0 (ohne Zeitfenster = 6 Termine)<\/em><\/span><br \/>\n<span style=\"color: #808080; font-size: 12px;\"><em>\u2022 Studenten \u2013 Erm.20% \u2022<\/em><\/span><\/h6>\n<p style=\"text-align: center;\"><span style=\"color: #808080; font-size: 10pt;\">\u00a0<\/span><\/p>\n<p style=\"text-align: center;\"><span style=\"font-size: 14pt; color: #ffffff;\">|<\/span><\/p>\n<h3 style=\"text-align: center;\"><span style=\"font-size: 36pt;\"><span style=\"color: #ff0000;\">.<\/span><\/span><\/h3>\n<p style=\"text-align: center;\"><span style=\"font-size: 14pt; color: #ffffff;\">|<\/span><\/p>\n<p style=\"text-align: center;\"><span style=\"font-size: 20px; color: #ff0000;\">Einzelunterricht Einzelunterricht allein, zu zweit oder in Kleingruppe<\/span><\/p>\n<p style=\"text-align: center;\">Du \u00a0m\u00f6chtest dein eigenes individuelles Tanzthema bearbeiten, intensiver lernen, erg\u00e4nzen oder an deiner Tanztechnik intensiv arbeiten oder du findest nicht die passende Kurszeit \u2013 dann kann Einzelunterricht dich oder euch im Paar zeitlich individuell vorw\u00e4rts bringen. Auch\u00a0 als Kleingruppe k\u00f6nnt ihre individuelle Termine buchen.<\/p>\n<h3 style=\"text-align: center;\"><span style=\"color: #ff0000;\"><span style=\"color: #000000;\"><strong><span style=\"font-size: 10pt; color: #ffffff;\">.<\/span><\/strong><\/span><\/span><\/h3>\n<p style=\"text-align: center;\"><span style=\"font-size: 14pt; color: #ffffff;\">|<\/span><\/p>\n<h3 style=\"text-align: center;\"><span style=\"font-size: 36pt;\"><span style=\"color: #ff0000;\">.<\/span><\/span><\/h3>\n<p style=\"text-align: center;\"><span style=\"font-size: 14pt; color: #ffffff;\">|<\/span><\/p>\n<p style=\"text-align: center;\"><span style=\"color: #000000;\"><span style=\"font-size: 20px;\"><a href=\"https:\/\/www.la-academia-tango.net\/cms\/gutschein\/\"><span style=\"color: #ff0000;\">\u00bb Gutscheine<\/span><\/a><\/span><br \/>\nOb zu Weihnachten oder zum Geburtstag f\u00fcr einen Kurs, ein Event oder oder oder&#8230;.gern fertigen wir individuelle Gutscheine an.<\/span><\/p>\n<h3 style=\"text-align: center;\"><span style=\"color: #ff0000;\"><span style=\"color: #000000;\"><strong><span style=\"font-size: 10pt; color: #ffffff;\">.<\/span><\/strong><\/span><\/span><\/h3>\n<p style=\"text-align: center;\"><span style=\"font-size: 14pt; color: #ffffff;\">|<\/span><\/p>\n<h3 style=\"text-align: center;\"><span style=\"font-size: 36pt;\"><span style=\"color: #ff0000;\">.<\/span><\/span><\/h3>\n<p style=\"text-align: center;\"><span style=\"font-size: 14pt; color: #ffffff;\">|<\/span><\/p>\n<p>&nbsp;<\/p>\n<p>&nbsp;<\/p>\n<pre style=\"text-align: center;\"><span style=\"font-size: 20px; color: #ff0000;\"><a style=\"color: #ff0000;\" href=\"https:\/\/www.la-academia-tango.net\/cms\/kurs-workshop-anmeldung\/\" target=\"_blank\" rel=\"noopener\">\u00bb zur Anmeldung<\/a><\/span><\/pre>\n<p>&nbsp;<\/p>\n<p>&nbsp;<\/p>\n<p style=\"text-align: center;\"><span style=\"color: #ffffff;\">\u2022<\/span><\/p>\n<p style=\"text-align: center;\"><span style=\"font-size: 14pt; color: #ffffff;\">|<\/span><\/p>\n<h3 style=\"text-align: center;\"><span style=\"font-size: 36pt;\"><span style=\"color: #ff0000;\">.<\/span><\/span><\/h3>\n<p style=\"text-align: center;\"><span style=\"font-size: 14pt; color: #ffffff;\">|<\/span><\/p>\n<p style=\"text-align: center;\"><span style=\"color: #ffffff;\">.<\/span><\/p>\n<p>&nbsp;<\/p>\n<p>&nbsp;<\/p>\n<div class=\"line-red\" style=\"text-align: center;\"><\/div>\n<pre><span style=\"color: #ff0000;\"><a style=\"color: #ff0000;\" href=\"http:\/\/www.la-academia-tango.net\/cms\/newsletter-anmeldung\/\">\u00bb Wer vorzeitig per Mail \u00fcber Termine, Veranstaltungen... informiert werden m\u00f6chte, klickt bitte \u00a0hier<\/a><\/span><\/pre>\n<address>\u00a0<\/address>\n<p>&nbsp;<\/p>\n<pre><span style=\"color: #ff0000;\"><a style=\"color: #ff0000;\" href=\"https:\/\/www.la-academia-tango.net\/cms\/keinen-newsletter-mehr\/\">\u00bb Hier kannst du den Newsletter abbestellen<\/a><\/span><\/pre>\n<p style=\"text-align: center;\"><span style=\"color: #ffffff;\">.<\/span><span style=\"color: #ffffff;\">.<\/span><\/p>\n<p>&nbsp;<\/p>\n<p><img loading=\"lazy\" decoding=\"async\" class=\"aligncenter size-large wp-image-9183\" src=\"https:\/\/www.la-academia-tango.net\/cms\/wp-content\/uploads\/Seele-des-Tango-1024x483.jpg\" alt=\"\" width=\"1024\" height=\"483\" \/><\/p>\n<p>&nbsp;<\/p>\n<p>&nbsp;<\/p>\n<p>&nbsp;<\/p>\n<p style=\"text-align: center;\"><span style=\"color: #ffffff;\"><a href=\"https:\/\/www.la-academia-tango.net\/cms\/totally-in-tango-4\/\"><br \/>\n<\/a>.\u00a0<\/span><\/p>\n<p>&nbsp;<\/p>\n<p>&nbsp;<\/p>\n<p style=\"text-align: center;\"><span style=\"color: #ffffff;\">..<\/span><\/p>\n","protected":false},"excerpt":{"rendered":"<p>\u00bb Basics &#8211; Seele des Tangos &nbsp; \u00a0\u00bb Start in 2026 : Mittwoch, 7. Januar &#8211; weitere Termine klicke hier | jeweils 19.00 &#8211; 20.30 Uhr Ob du ganz neu bist, wieder einsteigst oder schon[&#8230;]<\/p>\n","protected":false},"author":2,"featured_media":0,"parent":8012,"menu_order":5,"comment_status":"closed","ping_status":"closed","template":"","meta":{"footnotes":""},"class_list":["post-5303","page","type-page","status-publish","hentry"],"_links":{"self":[{"href":"https:\/\/www.la-academia-tango.net\/cms\/wp-json\/wp\/v2\/pages\/5303","targetHints":{"allow":["GET"]}}],"collection":[{"href":"https:\/\/www.la-academia-tango.net\/cms\/wp-json\/wp\/v2\/pages"}],"about":[{"href":"https:\/\/www.la-academia-tango.net\/cms\/wp-json\/wp\/v2\/types\/page"}],"author":[{"embeddable":true,"href":"https:\/\/www.la-academia-tango.net\/cms\/wp-json\/wp\/v2\/users\/2"}],"replies":[{"embeddable":true,"href":"https:\/\/www.la-academia-tango.net\/cms\/wp-json\/wp\/v2\/comments?post=5303"}],"version-history":[{"count":42,"href":"https:\/\/www.la-academia-tango.net\/cms\/wp-json\/wp\/v2\/pages\/5303\/revisions"}],"predecessor-version":[{"id":9820,"href":"https:\/\/www.la-academia-tango.net\/cms\/wp-json\/wp\/v2\/pages\/5303\/revisions\/9820"}],"up":[{"embeddable":true,"href":"https:\/\/www.la-academia-tango.net\/cms\/wp-json\/wp\/v2\/pages\/8012"}],"wp:attachment":[{"href":"https:\/\/www.la-academia-tango.net\/cms\/wp-json\/wp\/v2\/media?parent=5303"}],"curies":[{"name":"wp","href":"https:\/\/api.w.org\/{rel}","templated":true}]}}