{"id":4680,"date":"2019-04-17T15:07:00","date_gmt":"2019-04-17T14:07:00","guid":{"rendered":"http:\/\/www.la-academia-tango.net\/cms\/?page_id=4680"},"modified":"2019-05-11T13:16:01","modified_gmt":"2019-05-11T12:16:01","slug":"newsletter-anmeldung","status":"publish","type":"page","link":"https:\/\/www.la-academia-tango.net\/cms\/newsletter-anmeldung\/","title":{"rendered":"Newsletter &#8211; Anmeldung \/ Subscribe"},"content":{"rendered":"<p style=\"text-align: center;\">Du m\u00f6chtest von uns Neuigkeiten und Termine per Mail erhalten,<br \/>\ndann f\u00fclle das Formular aus und wir \u00fcbernehmen dich in unseren Verteiler.<br \/>\nDu kannst deine Entscheidung jederzeit r\u00fcckg\u00e4ngig machen.<\/p>\n<p style=\"text-align: center;\">\n<div class=\"wpcf7 no-js\" id=\"wpcf7-f4679-o1\" lang=\"de-DE\" dir=\"ltr\" data-wpcf7-id=\"4679\">\n<div class=\"screen-reader-response\"><p role=\"status\" aria-live=\"polite\" aria-atomic=\"true\"><\/p> <ul><\/ul><\/div>\n<form action=\"\/cms\/wp-json\/wp\/v2\/pages\/4680#wpcf7-f4679-o1\" method=\"post\" class=\"wpcf7-form init\" aria-label=\"Kontaktformular\" novalidate=\"novalidate\" data-status=\"init\">\n<div style=\"display: none;\">\n<input type=\"hidden\" name=\"_wpcf7\" value=\"4679\" \/>\n<input type=\"hidden\" name=\"_wpcf7_version\" value=\"6.0.5\" \/>\n<input type=\"hidden\" name=\"_wpcf7_locale\" value=\"de_DE\" \/>\n<input type=\"hidden\" name=\"_wpcf7_unit_tag\" value=\"wpcf7-f4679-o1\" \/>\n<input type=\"hidden\" name=\"_wpcf7_container_post\" value=\"0\" \/>\n<input type=\"hidden\" name=\"_wpcf7_posted_data_hash\" value=\"\" \/>\n<\/div>\n<p><label> Dein Name \/ your name (Pflichtfeld)<br \/>\n<span class=\"wpcf7-form-control-wrap\" data-name=\"your-name\"><input size=\"40\" maxlength=\"400\" class=\"wpcf7-form-control wpcf7-text wpcf7-validates-as-required\" aria-required=\"true\" aria-invalid=\"false\" value=\"\" type=\"text\" name=\"your-name\" \/><\/span> <\/label>\n<\/p>\n<p><label> Deine E-Mail-Adresse \/ your email (Pflichtfeld)<br \/>\n<span class=\"wpcf7-form-control-wrap\" data-name=\"your-email\"><input size=\"40\" maxlength=\"400\" class=\"wpcf7-form-control wpcf7-email wpcf7-validates-as-required wpcf7-text wpcf7-validates-as-email\" aria-required=\"true\" aria-invalid=\"false\" value=\"\" type=\"email\" name=\"your-email\" \/><\/span> <\/label>\n<\/p>\n<p><label> Betreff: Newsletter abonnieren \/ subscribe<br \/>\n<label> Wohnort\/Land (zur besseren Auswahl der Infos)<br \/>\ncity \/ country (for better selection of informations)<br \/>\n<span class=\"wpcf7-form-control-wrap\" data-name=\"your-subject\"><input size=\"40\" maxlength=\"400\" class=\"wpcf7-form-control wpcf7-text\" aria-invalid=\"false\" value=\"\" type=\"text\" name=\"your-subject\" \/><\/span> <\/label><br \/>\n<label> Deine Nachricht an uns \/ Your message<br \/>\n<span class=\"wpcf7-form-control-wrap\" data-name=\"your-message\"><textarea cols=\"40\" rows=\"10\" maxlength=\"2000\" class=\"wpcf7-form-control wpcf7-textarea\" aria-invalid=\"false\" name=\"your-message\"><\/textarea><\/span> <\/label><br \/>\n<label class=\"quiz\">Sorry f\u00fcr die letzte Frage....Ich bin kein Roboter \/ I\u00b4m not a robot<br \/>\nBitte beantworte noch diese Frage \/ Please answer additional this question:<br \/>\n<span class=\"wpcf7-form-control-wrap\" data-name=\"quiz-836\"><label><span class=\"wpcf7-quiz-label\">In welcher Stadt haben wir unser Tanzstudio\/Wich german city our studio is located in?<\/span> <input size=\"40\" class=\"wpcf7-form-control wpcf7-quiz\" autocomplete=\"off\" aria-required=\"true\" aria-invalid=\"false\" type=\"text\" name=\"quiz-836\" \/><\/label><input type=\"hidden\" name=\"_wpcf7_quiz_answer_quiz-836\" value=\"b49a3e6476090f4d3eb3a034d4d91394\" \/><\/span><\/label><br \/>\n<input class=\"wpcf7-form-control wpcf7-submit has-spinner\" type=\"submit\" value=\"Senden\" \/><\/label>\n<\/p><div class=\"wpcf7-response-output\" aria-hidden=\"true\"><\/div>\n<\/form>\n<\/div>\n<\/p>\n","protected":false},"excerpt":{"rendered":"<p>Du m\u00f6chtest von uns Neuigkeiten und Termine per Mail erhalten, dann f\u00fclle das Formular aus und wir \u00fcbernehmen dich in unseren Verteiler. Du kannst deine Entscheidung jederzeit r\u00fcckg\u00e4ngig machen.<\/p>\n","protected":false},"author":2,"featured_media":0,"parent":0,"menu_order":0,"comment_status":"closed","ping_status":"closed","template":"","meta":{"footnotes":""},"class_list":["post-4680","page","type-page","status-publish","hentry"],"_links":{"self":[{"href":"https:\/\/www.la-academia-tango.net\/cms\/wp-json\/wp\/v2\/pages\/4680","targetHints":{"allow":["GET"]}}],"collection":[{"href":"https:\/\/www.la-academia-tango.net\/cms\/wp-json\/wp\/v2\/pages"}],"about":[{"href":"https:\/\/www.la-academia-tango.net\/cms\/wp-json\/wp\/v2\/types\/page"}],"author":[{"embeddable":true,"href":"https:\/\/www.la-academia-tango.net\/cms\/wp-json\/wp\/v2\/users\/2"}],"replies":[{"embeddable":true,"href":"https:\/\/www.la-academia-tango.net\/cms\/wp-json\/wp\/v2\/comments?post=4680"}],"version-history":[{"count":5,"href":"https:\/\/www.la-academia-tango.net\/cms\/wp-json\/wp\/v2\/pages\/4680\/revisions"}],"predecessor-version":[{"id":4832,"href":"https:\/\/www.la-academia-tango.net\/cms\/wp-json\/wp\/v2\/pages\/4680\/revisions\/4832"}],"wp:attachment":[{"href":"https:\/\/www.la-academia-tango.net\/cms\/wp-json\/wp\/v2\/media?parent=4680"}],"curies":[{"name":"wp","href":"https:\/\/api.w.org\/{rel}","templated":true}]}}