{"id":38,"date":"2008-11-15T13:56:41","date_gmt":"2008-11-15T12:56:41","guid":{"rendered":"http:\/\/www.la-academia-tango.net\/cms\/kontakt"},"modified":"2025-08-07T09:56:33","modified_gmt":"2025-08-07T08:56:33","slug":"kontakt","status":"publish","type":"page","link":"https:\/\/www.la-academia-tango.net\/cms\/kontakt\/","title":{"rendered":"Kontakt &#038; Anfahrt"},"content":{"rendered":"<address>\u00a0<\/address>\n<h2 style=\"color: #ff0000;\"><img loading=\"lazy\" decoding=\"async\" class=\"alignleft wp-image-4402\" src=\"https:\/\/www.la-academia-tango.net\/cms\/wp-content\/uploads\/La-academia-claim_1-Kopie.jpg\" alt=\"\" width=\"206\" height=\"61\" srcset=\"https:\/\/www.la-academia-tango.net\/cms\/wp-content\/uploads\/La-academia-claim_1-Kopie.jpg 2283w, https:\/\/www.la-academia-tango.net\/cms\/wp-content\/uploads\/La-academia-claim_1-Kopie-300x89.jpg 300w, https:\/\/www.la-academia-tango.net\/cms\/wp-content\/uploads\/La-academia-claim_1-Kopie-768x227.jpg 768w, https:\/\/www.la-academia-tango.net\/cms\/wp-content\/uploads\/La-academia-claim_1-Kopie-1024x303.jpg 1024w\" sizes=\"auto, (max-width: 206px) 100vw, 206px\" \/><\/h2>\n<p>&nbsp;<\/p>\n<p>&nbsp;<\/p>\n<p>&nbsp;<\/p>\n<p>La academia<br \/>\nCarsta &amp; Alexander Mock<br \/>\nAltleubnitz 11<br \/>\n01219 Dresden<\/p>\n<p>Mobil: 0172 \/ 363 57 42<br \/>\nMail: \u00a0 <a href=\"http:\/\/www.la-academia-tango.net\/cms\/kontakt-per-mail\/\"><span style=\"color: #0000ff;\">\u00bb\u00a0info [at] la-academia-tango-dresden.de<\/span><\/a><br \/>\nWeb:<strong><span style=\"color: #0000ff;\">\u00a0<a href=\"https:\/\/www.la-academia-tango.net\/cms\/\"><span style=\"color: #ff0000;\"> www.La-academia-<span style=\"color: #000000;\">T<\/span>an<span style=\"color: #000000;\">g<\/span>o-Dresden.de<\/span><\/a><\/span><\/strong><\/p>\n<address><span style=\"color: #ffffff;\">.<\/span><\/address>\n<p>Social Media:<\/p>\n<p><a href=\"https:\/\/www.facebook.com\/La-academia-Tango-Dresden-343034042807253\/\" target=\"_blank\" rel=\"noopener noreferrer nofollow\" data-wp-editing=\"1\"><img loading=\"lazy\" decoding=\"async\" class=\"alignnone wp-image-2328 size-full\" title=\"fb\" src=\"https:\/\/www.la-academia-tango.net\/cms\/wp-content\/uploads\/fb-.jpg\" alt=\"\" width=\"52\" height=\"52\" \/>\u00a0<\/a><\/p>\n<address><span style=\"color: #ffffff;\">.H<\/span><\/address>\n<h4>Wegbeschreibung \/ Anfahrt | <span style=\"color: #808080;\"><em>Directions \/How to get here<\/em><\/span><\/h4>\n<p>mit \u00f6ffentlichen Verkehrsmitteln\u00a0| <span style=\"font-size: 14px; color: #808080;\"><em>by public transport<\/em><\/span><\/p>\n<p>*Bus 68 bis Altleubnitz oder Klosterteichplatz (2 min Fu\u00dfweg <span style=\"color: #808080;\">| <em><span style=\"font-size: 14px;\">2 minutes walk<\/span><\/em><\/span>)<br \/>\n*Bus 87 bis Altleubnitz ( 3 min zu Fu\u00df <span style=\"color: #808080;\">| 3<em><span style=\"font-size: 14px;\">\u00a0minutes walk<\/span><\/em><\/span>)<br \/>\n*Bus 66 bis Spitzwegstr. (7 min zu Fu\u00df <span style=\"color: #808080;\">| z<em><span style=\"font-size: 14px;\">\u00a0minutes walk<\/span><\/em><\/span>)<br \/>\n*Stra\u00dfenbahn 13 bis Hugo-B\u00fcrkner-Str.(12 min zu Fu\u00df <span style=\"color: #808080;\">| <em><span style=\"font-size: 14px;\">12 minutes walk<\/span><\/em><\/span>)<\/p>\n<address><a title=\"Tango Dresden\" href=\"https:\/\/m.dvb.de\/#\/app\/connectionInfo\" target=\"_blank\" rel=\"noopener noreferrer nofollow\"><img loading=\"lazy\" decoding=\"async\" class=\"alignnone\" title=\"DVB\" src=\"http:\/\/www.la-academia-tango.net\/cms\/wp-content\/uploads\/DVB.jpg\" width=\"94\" height=\"113\" \/><\/a><\/address>\n<address><span style=\"color: #0000ff;\"><a style=\"color: #0000ff;\" title=\"Tango Dresden\" href=\"https:\/\/m.dvb.de\/#\/app\/connectionInfo\" target=\"_blank\" rel=\"noopener noreferrer nofollow\">\u00bb Verbindungsauskunft mit \u00f6ffentlichen Verkehrsmitteln | Connection information public transport\u00a0 \u00a0&#8211;\u00a0 \u00a0Smartphones<\/a><\/span><\/address>\n<address><span style=\"color: #ffffff;\">.<\/span><\/address>\n<address><span style=\"color: #ffffff;\">.<\/span><\/address>\n<address><a href=\"https:\/\/reiseauskunft.bahn.de\" target=\"_blank\" rel=\"noopener noreferrer nofollow\"><img loading=\"lazy\" decoding=\"async\" class=\"alignleft wp-image-6562\" src=\"https:\/\/www.la-academia-tango.net\/cms\/wp-content\/uploads\/DB-Auskunft-2.jpg\" alt=\"\" width=\"71\" height=\"71\" \/><\/a><\/address>\n<address>\u00a0<\/address>\n<address>\u00a0<\/address>\n<address>\u00a0<\/address>\n<address><a href=\"https:\/\/reiseauskunft.bahn.de\" target=\"_blank\" rel=\"noopener noreferrer nofollow\">\u00bb Verbindungsauskunft der Deutschen Bahn<\/a>\u00a0 \u00a0 \u00a0<em><span style=\"color: #808080;\"><a style=\"color: #808080;\" href=\"https:\/\/reiseauskunft.bahn.de\" target=\"_blank\" rel=\"noopener nofollow\">\u00bb Connection information with public transport<\/a><\/span><\/em><\/address>\n<p><iframe loading=\"lazy\" style=\"border: 0;\" src=\"https:\/\/www.google.com\/maps\/embed?pb=!1m18!1m12!1m3!1d2510.1072213829475!2d13.764271915751857!3d51.01416797955703!2m3!1f0!2f0!3f0!3m2!1i1024!2i768!4f13.1!3m3!1m2!1s0x4709c66d80d66031%3A0x47a3afaf52b4dda!2sLa+academia!5e0!3m2!1sde!2sde!4v1555009250974!5m2!1sde!2sde\" width=\"900\" height=\"300\" frameborder=\"0\" allowfullscreen=\"allowfullscreen\"><\/iframe><\/p>\n<p>&nbsp;<\/p>\n<p>&nbsp;<\/p>\n<p>Mit dem Auto gibt es mehrere Parkm\u00f6glichkeiten mit kurzen Fu\u00dfwegen, sollte direkt vor La academia kein Parkplatz mehr frei sein.<\/p>\n<p><a href=\"https:\/\/www.la-academia-tango.net\/cms\/wp-content\/uploads\/Parkplaetze-La-academia.png\"><img loading=\"lazy\" decoding=\"async\" class=\"prozent wp-image-8788 size-medium alignleft\" src=\"https:\/\/www.la-academia-tango.net\/cms\/wp-content\/uploads\/Parkplaetze-La-academia-300x300.png\" alt=\"\" width=\"300\" height=\"300\" \/><\/a><\/p>\n<p>&nbsp;<\/p>\n<p>&nbsp;<\/p>\n<p>&nbsp;<\/p>\n<p>&nbsp;<\/p>\n<p>&nbsp;<\/p>\n<p>&nbsp;<\/p>\n<p>&nbsp;<\/p>\n<p>&nbsp;<\/p>\n<p>&nbsp;<\/p>\n<p>&nbsp;<\/p>\n<p>&nbsp;<\/p>\n<h4><span style=\"color: #000000;\">\u00dcbernachtungsm\u00f6glichkeiten in der Umgebung \/ <\/span><span style=\"color: #808080;\"><em>Accommodation<\/em><\/span><span style=\"color: #000000;\">:<\/span><\/h4>\n<p>Zu den Veranstaltungen im Sommer ist es\u00a0 auch m\u00f6glich im Garten zu zelten oder im Dorm (mit eigener Isomatte + Schlafsack)\u00a0 zu schlafen.<br \/>\nAuch im Tanzraum kann \u00fcbernachtet werden mit eigener Isomatte und Schlafsack<\/p>\n<p><span style=\"color: #808080;\"><em>During summer events it is also possible to camp in the garden or sleep in the dormitory (with your own sleeping mat and sleeping bag).<\/em><\/span><br \/>\n<span style=\"color: #808080;\"><em>You can also sleep in the dance room with your own sleeping mat and sleeping bag\u00a0<\/em><\/span><\/p>\n<p><a href=\"https:\/\/www.la-academia-tango.net\/cms\/uebernachtung\/\"><span style=\"color: #ff0000;\">\u00bb Liste der umliegenden Ferienwohnungen-Hotels-Pensionen<\/span><\/a><\/p>\n<p><a href=\"https:\/\/www.la-academia-tango.net\/cms\/uebernachtung\/\"><span style=\"color: #ff0000;\">\u00bb list of other surrounding hotels * hostels * apartments<\/span><\/a><\/p>\n<p>&nbsp;<\/p>\n<p>&nbsp;<\/p>\n<h4><span style=\"color: #000000;\">Wissenswertes \u00fcber unseren Stadtteil Leubnitz-Neuostra\u00a0<\/span><\/h4>\n<p><span style=\"color: #808080;\"><a style=\"color: #808080;\" href=\"https:\/\/de.wikipedia.org\/wiki\/Leubnitz-Neuostra\" target=\"_blank\" rel=\"noopener nofollow\">\u00bb Hier in Wikipedia<\/a><\/span><\/p>\n<p>&nbsp;<\/p>\n<p>&nbsp;<\/p>\n<p>&nbsp;<\/p>\n<p>&nbsp;<\/p>\n<p>&nbsp;<\/p>\n<p>&nbsp;<\/p>\n<p>&nbsp;<\/p>\n<p><span style=\"color: #808080;\"><a style=\"color: #808080;\" href=\"https:\/\/www.la-academia-tango.net\/cms\/kontakt\/\">\u00bb Link zur Seite Kontakt &amp; Anfahrt<\/a><\/span><\/p>\n<p>&nbsp;<\/p>\n<p>&nbsp;<\/p>\n<p>&nbsp;<\/p>\n<p>&nbsp;<\/p>\n<div class=\"line-red\" style=\"text-align: center;\"><\/div>\n<pre><span style=\"color: #ff0000;\"><a style=\"color: #ff0000;\" href=\"http:\/\/www.la-academia-tango.net\/cms\/newsletter-anmeldung\/\"><em>\u00bb Subscribe to our newsletter \/<\/em> Wer vorzeitig per Mail \u00fcber Termine, Veranstaltungen... informiert werden m\u00f6chte, klickt bitte \u00a0hier<\/a><\/span><\/pre>\n<address>\u00a0<\/address>\n<p>&nbsp;<\/p>\n<pre><span style=\"color: #ff0000;\"><a style=\"color: #ff0000;\" href=\"https:\/\/www.la-academia-tango.net\/cms\/keinen-newsletter-mehr\/\">\u00bb Unsubscribe Newsletter \/ Newsletter abbestellen<\/a><\/span><\/pre>\n<address>\u00a0<\/address>\n<address>\u00a0<\/address>\n","protected":false},"excerpt":{"rendered":"<p>\u00a0 &nbsp; &nbsp; &nbsp; La academia Carsta &amp; Alexander Mock Altleubnitz 11 01219 Dresden Mobil: 0172 \/ 363 57 42 Mail: \u00a0 \u00bb\u00a0info [at] la-academia-tango-dresden.de Web:\u00a0 www.La-academia-Tango-Dresden.de . Social Media: \u00a0 .H Wegbeschreibung \/ Anfahrt[&#8230;]<\/p>\n","protected":false},"author":2,"featured_media":2208,"parent":0,"menu_order":2,"comment_status":"closed","ping_status":"closed","template":"","meta":{"footnotes":""},"class_list":["post-38","page","type-page","status-publish","has-post-thumbnail","hentry"],"_links":{"self":[{"href":"https:\/\/www.la-academia-tango.net\/cms\/wp-json\/wp\/v2\/pages\/38","targetHints":{"allow":["GET"]}}],"collection":[{"href":"https:\/\/www.la-academia-tango.net\/cms\/wp-json\/wp\/v2\/pages"}],"about":[{"href":"https:\/\/www.la-academia-tango.net\/cms\/wp-json\/wp\/v2\/types\/page"}],"author":[{"embeddable":true,"href":"https:\/\/www.la-academia-tango.net\/cms\/wp-json\/wp\/v2\/users\/2"}],"replies":[{"embeddable":true,"href":"https:\/\/www.la-academia-tango.net\/cms\/wp-json\/wp\/v2\/comments?post=38"}],"version-history":[{"count":105,"href":"https:\/\/www.la-academia-tango.net\/cms\/wp-json\/wp\/v2\/pages\/38\/revisions"}],"predecessor-version":[{"id":9421,"href":"https:\/\/www.la-academia-tango.net\/cms\/wp-json\/wp\/v2\/pages\/38\/revisions\/9421"}],"wp:featuredmedia":[{"embeddable":true,"href":"https:\/\/www.la-academia-tango.net\/cms\/wp-json\/wp\/v2\/media\/2208"}],"wp:attachment":[{"href":"https:\/\/www.la-academia-tango.net\/cms\/wp-json\/wp\/v2\/media?parent=38"}],"curies":[{"name":"wp","href":"https:\/\/api.w.org\/{rel}","templated":true}]}}