{"id":2143,"date":"2015-12-26T22:10:30","date_gmt":"2015-12-26T21:10:30","guid":{"rendered":"http:\/\/www.la-academia-tango.net\/cms\/?page_id=2143"},"modified":"2026-01-27T14:06:06","modified_gmt":"2026-01-27T13:06:06","slug":"tango-tanzen-mit-rollentausch","status":"publish","type":"page","link":"https:\/\/www.la-academia-tango.net\/cms\/kurse-2\/tango-tanzen-mit-rollentausch\/","title":{"rendered":"Wechselkurs &#8211; Open Role"},"content":{"rendered":"<p>&nbsp;<\/p>\n<p style=\"text-align: center;\"><strong><span style=\"color: #ff0000;\">WECHSELKURS<\/span> <span style=\"color: #000000;\">2:1<\/span><\/strong><\/p>\n<p style=\"text-align: center;\"><strong><br \/>\n<\/strong>Es gibt die unterschiedlichsten Gr\u00fcnde, beide Rollen tanzen zu wollen &#8211; doppelter Spa\u00df, besseres Verstehen der anderen Rolle, unabh\u00e4ngig auf Milongas tanzen k\u00f6nnen und&#8230;und&#8230;und&#8230;<\/p>\n<p style=\"text-align: center;\">In diesem Kurs werden gleicherma\u00dfen beide Rollen getanzt \/ beleuchtet \/ verfeinert \/ verbessert<br \/>\nBeide Rollen fallen nicht in den Scho\u00df \u2013 alles will gelernt sein:<br \/>\n<span style=\"color: #ff0000;\">\u2022<\/span><br \/>\n+ sich klar und sicher ausdr\u00fccken<br \/>\n<span style=\"color: #ff0000;\">\u2022<\/span><br \/>\n+ harmonisches gemeinsames sch\u00f6nes Bewegen<br \/>\n<span style=\"color: #ff0000;\">\u2022<\/span><br \/>\n+ musikalisch tanzen<br \/>\n<span style=\"color: #ff0000;\">\u2022<\/span><br \/>\n+ aktiv tanzen<br \/>\n<span style=\"color: #ff0000;\">\u2022<\/span><\/p>\n<p style=\"text-align: center;\">Wer in seiner Tanzrolle gern bleiben m\u00f6chte&#8230;sicherlich gibt es T\u00e4nzerInnen, denen es in der anderen Rolle genauso geht. Deshalb scheut euch nicht, euch trotzdem \u00a0anzumelden.<\/p>\n<p>&nbsp;<\/p>\n<h3 style=\"text-align: center;\"><span style=\"color: #ad0536;\"><a style=\"color: #ad0536;\" href=\"https:\/\/www.la-academia-tango.net\/cms\/kalender\/\"><span style=\"color: #ff0000;\">\u00bb Termine\u00a0<\/span><\/a><\/span><\/h3>\n<h3 style=\"text-align: center;\"><span style=\"color: #ff0000;\"><span style=\"color: #000000;\"><strong><span style=\"font-size: 10pt; color: #ffffff;\">.<\/span><\/strong><\/span><\/span><\/h3>\n<p style=\"text-align: center;\"><span style=\"color: #ff0000; font-size: 10pt;\">\u2022\u2022\u2022\u2022\u2022\u2022\u2022\u2022\u2022\u2022\u2022\u2022\u2022\u2022\u2022\u2022\u2022\u2022\u2022\u2022\u2022\u2022\u2022\u2022\u2022\u2022\u2022<\/span><\/p>\n<p style=\"text-align: center;\"><span style=\"color: #ffffff;\">.<\/span><\/p>\n<h6 style=\"text-align: center;\"><span style=\"color: #808080;\"><strong>Kurspreise pro Person\u00a0<\/strong><\/span><\/h6>\n<h6 style=\"text-align: center;\"><span style=\"color: #808080;\">\u2022 Einzelbuchung pro Kurs\u00a0 22\u20ac \u2022<\/span><br \/>\n<span style=\"color: #808080;\">\u2022 5-erKarte f\u00fcr 5 Wochen bzw. 5 zusammenh\u00e4ngende Kurstermine\u00a0 65\u20ac \u2022<\/span><br \/>\n<span style=\"color: #808080;\">\u2022 65\u20ac-Karte zeitunabh\u00e4ngig =3 Termine \u2022<\/span><br \/>\n<span style=\"color: #808080;\">\u2022 10-erKarte -10 zusammenh\u00e4ngende Termine \u2013 10+2 bedeutet, wenn du zu 12 zusammenh\u00e4ngenden Terminen Zeit hast f\u00fcr den Kurs bekommst du 2 gratis \u2014&gt; 130\u20ac \u2022<\/span><br \/>\n<span style=\"color: #808080;\">\u2022 130\u20ac-Karte zeitunabh\u00e4ngig = 7 Kurse \u2022<\/span><br \/>\n<span style=\"color: #808080;\">\u2022 Studenten \u2013 Erm.20% \u2022<\/span><\/h6>\n<p style=\"text-align: center;\"><span style=\"color: #808080; font-size: 10pt;\">\u00a0<\/span><\/p>\n<h3 style=\"text-align: center;\"><span style=\"color: #ff0000;\"><span style=\"color: #000000;\"><strong><span style=\"font-size: 10pt; color: #ffffff;\">.<\/span><\/strong><\/span><\/span><\/h3>\n<p>&nbsp;<\/p>\n<pre style=\"text-align: center;\"><span style=\"font-size: 20px; color: #ff0000;\"><a style=\"color: #ff0000;\" href=\"https:\/\/www.la-academia-tango.net\/cms\/kurs-workshop-anmeldung\/\" target=\"_blank\" rel=\"noopener\">\u00bb zur Anmeldung<\/a><\/span><\/pre>\n<p>&nbsp;<\/p>\n<p>&nbsp;<\/p>\n<h3 style=\"text-align: center;\"><span style=\"color: #ff0000;\"><span style=\"color: #000000;\"><strong><span style=\"font-size: 10pt; color: #ffffff;\">.<\/span><\/strong><\/span><\/span><\/h3>\n<p style=\"text-align: center;\"><span style=\"color: #ff0000; font-size: 10pt;\">\u2022\u2022\u2022\u2022\u2022\u2022\u2022\u2022\u2022\u2022\u2022\u2022\u2022\u2022\u2022\u2022\u2022\u2022\u2022\u2022\u2022\u2022\u2022\u2022\u2022\u2022\u2022<\/span><\/p>\n<p style=\"text-align: center;\"><span style=\"color: #ffffff;\">.<\/span><\/p>\n<pre style=\"text-align: center;\"><span style=\"color: #ff0000;\"><a style=\"color: #ff0000;\" href=\"https:\/\/www.la-academia-tango.net\/cms\/newsletter-anmeldung\/\">\u00bb Wer vorzeitig per Mail \u00fcber Termine, Veranstaltungen... informiert werden m\u00f6chte, klickt bi<\/a>tte \u00a0hier<\/span><\/pre>\n<address>\u00a0<\/address>\n<p>&nbsp;<\/p>\n<pre style=\"text-align: center;\"><span style=\"color: #ff0000;\"><a style=\"color: #ff0000;\" href=\"https:\/\/www.la-academia-tango.net\/cms\/keinen-newsletter-mehr\/\">\u00bb Hier kannst du den Newsletter abbestellen<\/a><\/span><\/pre>\n<p style=\"text-align: center;\"><span style=\"color: #ffffff;\">.<\/span><\/p>\n<p style=\"text-align: center;\"><span style=\"color: #ffffff;\">.<\/span><\/p>\n<p><a href=\"https:\/\/www.la-academia-tango.net\/cms\/wp-content\/uploads\/Wechselkurs-1.jpg\"><img loading=\"lazy\" decoding=\"async\" class=\"prozent aligncenter wp-image-8842 size-full\" src=\"https:\/\/www.la-academia-tango.net\/cms\/wp-content\/uploads\/Wechselkurs-1.jpg\" alt=\"\" width=\"2000\" height=\"943\" srcset=\"https:\/\/www.la-academia-tango.net\/cms\/wp-content\/uploads\/Wechselkurs-1.jpg 2000w, https:\/\/www.la-academia-tango.net\/cms\/wp-content\/uploads\/Wechselkurs-1-300x141.jpg 300w, https:\/\/www.la-academia-tango.net\/cms\/wp-content\/uploads\/Wechselkurs-1-1024x483.jpg 1024w, https:\/\/www.la-academia-tango.net\/cms\/wp-content\/uploads\/Wechselkurs-1-768x362.jpg 768w, https:\/\/www.la-academia-tango.net\/cms\/wp-content\/uploads\/Wechselkurs-1-1536x724.jpg 1536w, https:\/\/www.la-academia-tango.net\/cms\/wp-content\/uploads\/Wechselkurs-1-370x174.jpg 370w, https:\/\/www.la-academia-tango.net\/cms\/wp-content\/uploads\/Wechselkurs-1-1040x490.jpg 1040w\" sizes=\"auto, (max-width: 2000px) 100vw, 2000px\" \/><\/a><\/p>\n<p>&nbsp;<\/p>\n<p style=\"text-align: center;\"><span style=\"color: #ffffff;\">.<\/span><\/p>\n<p>&nbsp;<\/p>\n","protected":false},"excerpt":{"rendered":"<p>&nbsp; WECHSELKURS 2:1 Es gibt die unterschiedlichsten Gr\u00fcnde, beide Rollen tanzen zu wollen &#8211; doppelter Spa\u00df, besseres Verstehen der anderen Rolle, unabh\u00e4ngig auf Milongas tanzen k\u00f6nnen und&#8230;und&#8230;und&#8230; In diesem Kurs werden gleicherma\u00dfen beide Rollen getanzt[&#8230;]<\/p>\n","protected":false},"author":2,"featured_media":0,"parent":8012,"menu_order":10,"comment_status":"closed","ping_status":"closed","template":"","meta":{"footnotes":""},"class_list":["post-2143","page","type-page","status-publish","hentry"],"_links":{"self":[{"href":"https:\/\/www.la-academia-tango.net\/cms\/wp-json\/wp\/v2\/pages\/2143","targetHints":{"allow":["GET"]}}],"collection":[{"href":"https:\/\/www.la-academia-tango.net\/cms\/wp-json\/wp\/v2\/pages"}],"about":[{"href":"https:\/\/www.la-academia-tango.net\/cms\/wp-json\/wp\/v2\/types\/page"}],"author":[{"embeddable":true,"href":"https:\/\/www.la-academia-tango.net\/cms\/wp-json\/wp\/v2\/users\/2"}],"replies":[{"embeddable":true,"href":"https:\/\/www.la-academia-tango.net\/cms\/wp-json\/wp\/v2\/comments?post=2143"}],"version-history":[{"count":80,"href":"https:\/\/www.la-academia-tango.net\/cms\/wp-json\/wp\/v2\/pages\/2143\/revisions"}],"predecessor-version":[{"id":9821,"href":"https:\/\/www.la-academia-tango.net\/cms\/wp-json\/wp\/v2\/pages\/2143\/revisions\/9821"}],"up":[{"embeddable":true,"href":"https:\/\/www.la-academia-tango.net\/cms\/wp-json\/wp\/v2\/pages\/8012"}],"wp:attachment":[{"href":"https:\/\/www.la-academia-tango.net\/cms\/wp-json\/wp\/v2\/media?parent=2143"}],"curies":[{"name":"wp","href":"https:\/\/api.w.org\/{rel}","templated":true}]}}