{"id":1672,"date":"2015-03-01T16:36:23","date_gmt":"2015-03-01T15:36:23","guid":{"rendered":"http:\/\/www.la-academia-tango.net\/cms\/?page_id=1672"},"modified":"2020-05-23T19:28:54","modified_gmt":"2020-05-23T18:28:54","slug":"ueber-uns","status":"publish","type":"page","link":"https:\/\/www.la-academia-tango.net\/cms\/ueber-uns\/","title":{"rendered":"\u00fcber uns"},"content":{"rendered":"<h4 style=\"text-align: center;\"><span style=\"color: #ff0000;\">Zu unserem Gl\u00fcck&#8230;<\/span><\/h4>\n<p>&#8230;haben wir, Carsta und Alexander \u00a0gemeinsam den Tango \u00fcber unsere Tangolehrerin Mar\u00eda Rozas (Arg.) kennen und lieben gelernt.<br \/>\nDie Begeisterung und Faszination an diesem Tanz fesselte uns vom ersten Moment.<br \/>\nNach ca 2 Monaten Tanzunterricht reifte euphorisch die (aus verschiedenen Gesichtspunkten heraus notwendige) Idee, eine Tanzschule f\u00fcr Mar\u00eda zu gr\u00fcnden.<br \/>\nDie Realisierung erfolgte dann ein Jahr sp\u00e4ter im November 2006.<br \/>\nBei unseren Freunden m\u00f6chten wir uns f\u00fcr die gedankliche Unterst\u00fctzung bedanken!<br \/>\nSo haben wir mit der Gr\u00fcndung der Tanzschule\u00a0 also zun\u00e4chst das Pferd von hinten aufgez\u00e4umt und unseren Traum auf Stelzen aufgebaut.<br \/>\nDas Fundament wurde sp\u00e4ter p\u00f6 a p\u00f6 hinzugef\u00fcgt.<br \/>\nEs folgten jahrelanges Tanztraining bei Mar\u00eda und sp\u00e4ter bei anderen Lehrern sowie Lehreraus- und Fortbildungen.<br \/>\nCarsta hat von Anbeginn an die folgende und f\u00fchrende Rolle gelernt.<br \/>\nDas Wundervollste an diesem Tanz ist, dass man st\u00e4ndig Lernender bleibt. So bleibt alles lebendig und in st\u00e4ndiger Bewegung.<br \/>\nWir haben riesigen Spa\u00df, das Erlernte beim Unterrichten weiterzugeben. Unsere sch\u00f6nste Belohnung ist es zu sehen, wie die Sch\u00fcler mit Freude ihr eigenes Tanzen entwickeln.<br \/>\nEs ist immer wieder faszinierend und ein tiefes Gl\u00fccksgef\u00fchl, wenn es gelingt, dass zwei (sich fremde) Menschen f\u00fcr einen Moment des Tanzens zusammen mit der Musik verschmelzen, sich aufeinander einlassen, um miteinander zu gehen, zu tanzen und gemeinsam die Musik zu interpretieren.<br \/>\n<span style=\"color: #999999;\">.<\/span><br \/>\nTango hat unser Leben reicher, tiefer und intensiver werden lassen.<\/p>\n<p><img loading=\"lazy\" decoding=\"async\" class=\"wp-image-4275 aligncenter\" src=\"https:\/\/www.la-academia-tango.net\/cms\/wp-content\/uploads\/Werbung-Schnirkel-klein2.png\" alt=\"\" width=\"252\" height=\"38\" srcset=\"https:\/\/www.la-academia-tango.net\/cms\/wp-content\/uploads\/Werbung-Schnirkel-klein2.png 962w, https:\/\/www.la-academia-tango.net\/cms\/wp-content\/uploads\/Werbung-Schnirkel-klein2-300x45.png 300w, https:\/\/www.la-academia-tango.net\/cms\/wp-content\/uploads\/Werbung-Schnirkel-klein2-768x116.png 768w\" sizes=\"auto, (max-width: 252px) 100vw, 252px\" \/><\/p>\n<h4 style=\"text-align: center;\"><span style=\"color: #ff0000;\">To our happiness &#8230;\u2028\u2028&#8230;<\/span><\/h4>\n<p>we got to know and love the tango through our tango teacher Mar\u00eda Rozas (Arg.).<br \/>\nThe enthusiasm and fascination with this dance captured us from the first moment.<br \/>\nAfter about 2 months of dance lessons, the idea of setting up a dance school for Mar\u00eda was euphorically developed (from various points of view).<br \/>\nThe realization took place one year later in November 2006.<br \/>\nWe would like to thank our friends for their support!\u2028So, with the founding of the dance school, we put the cart before the horse and built our dream with a wish and a prayer.<br \/>\nThe foundation was added later on.\u2028This was followed by years of dance training with Mar\u00eda and later with other teachers as well as teacher training and more advanced training.<br \/>\nCarsta learned both to follow and lead from the very beginning.<br \/>\nAlex has been very supportive and has more recently developed skills in following, so he appreciates what leaders newly discovering following are going through.\u2028The most amazing thing about this dance is that one is constantly learning.<br \/>\nThus everything remains alive and in constant motion.<br \/>\nWe have tremendous fun teaching and sharing our experiences aand discoveries about tange with others.<br \/>\nOur most beautiful reward is to see how the students make the dance their own with joy.<br \/>\nIt is always fascinating and a deep sense of happiness when two people, previously strangers, merge together with the music, get into each other, walk together, dance together and interpret the music together.<\/p>\n<p>Tango has made our lives richer, deeper and more intense.<\/p>\n<p><img loading=\"lazy\" decoding=\"async\" class=\"wp-image-4275 aligncenter\" src=\"https:\/\/www.la-academia-tango.net\/cms\/wp-content\/uploads\/Werbung-Schnirkel-klein2.png\" alt=\"\" width=\"252\" height=\"38\" srcset=\"https:\/\/www.la-academia-tango.net\/cms\/wp-content\/uploads\/Werbung-Schnirkel-klein2.png 962w, https:\/\/www.la-academia-tango.net\/cms\/wp-content\/uploads\/Werbung-Schnirkel-klein2-300x45.png 300w, https:\/\/www.la-academia-tango.net\/cms\/wp-content\/uploads\/Werbung-Schnirkel-klein2-768x116.png 768w\" sizes=\"auto, (max-width: 252px) 100vw, 252px\" \/><\/p>\n<p><a href=\"https:\/\/www.la-academia-tango.net\/cms\/ueber-uns\/\"><img loading=\"lazy\" decoding=\"async\" class=\"prozent aligncenter wp-image-5725\" src=\"https:\/\/www.la-academia-tango.net\/cms\/wp-content\/uploads\/Alex-Carsta.jpg\" alt=\"\" width=\"267\" height=\"190\" srcset=\"https:\/\/www.la-academia-tango.net\/cms\/wp-content\/uploads\/Alex-Carsta.jpg 567w, https:\/\/www.la-academia-tango.net\/cms\/wp-content\/uploads\/Alex-Carsta-300x212.jpg 300w, https:\/\/www.la-academia-tango.net\/cms\/wp-content\/uploads\/Alex-Carsta-370x262.jpg 370w\" sizes=\"auto, (max-width: 267px) 100vw, 267px\" \/><br \/>\n<\/a><\/p>\n<p style=\"text-align: left;\">\n","protected":false},"excerpt":{"rendered":"<p>Zu unserem Gl\u00fcck&#8230; &#8230;haben wir, Carsta und Alexander \u00a0gemeinsam den Tango \u00fcber unsere Tangolehrerin Mar\u00eda Rozas (Arg.) kennen und lieben gelernt. Die Begeisterung und Faszination an diesem Tanz fesselte uns vom ersten Moment. Nach ca[&#8230;]<\/p>\n","protected":false},"author":2,"featured_media":2208,"parent":0,"menu_order":3,"comment_status":"closed","ping_status":"closed","template":"","meta":{"footnotes":""},"class_list":["post-1672","page","type-page","status-publish","has-post-thumbnail","hentry"],"_links":{"self":[{"href":"https:\/\/www.la-academia-tango.net\/cms\/wp-json\/wp\/v2\/pages\/1672","targetHints":{"allow":["GET"]}}],"collection":[{"href":"https:\/\/www.la-academia-tango.net\/cms\/wp-json\/wp\/v2\/pages"}],"about":[{"href":"https:\/\/www.la-academia-tango.net\/cms\/wp-json\/wp\/v2\/types\/page"}],"author":[{"embeddable":true,"href":"https:\/\/www.la-academia-tango.net\/cms\/wp-json\/wp\/v2\/users\/2"}],"replies":[{"embeddable":true,"href":"https:\/\/www.la-academia-tango.net\/cms\/wp-json\/wp\/v2\/comments?post=1672"}],"version-history":[{"count":18,"href":"https:\/\/www.la-academia-tango.net\/cms\/wp-json\/wp\/v2\/pages\/1672\/revisions"}],"predecessor-version":[{"id":5726,"href":"https:\/\/www.la-academia-tango.net\/cms\/wp-json\/wp\/v2\/pages\/1672\/revisions\/5726"}],"wp:featuredmedia":[{"embeddable":true,"href":"https:\/\/www.la-academia-tango.net\/cms\/wp-json\/wp\/v2\/media\/2208"}],"wp:attachment":[{"href":"https:\/\/www.la-academia-tango.net\/cms\/wp-json\/wp\/v2\/media?parent=1672"}],"curies":[{"name":"wp","href":"https:\/\/api.w.org\/{rel}","templated":true}]}}