{"id":1199,"date":"2014-01-06T19:49:08","date_gmt":"2014-01-06T18:49:08","guid":{"rendered":"http:\/\/www.la-academia-tango.net\/cms\/?page_id=1199"},"modified":"2019-04-26T19:07:57","modified_gmt":"2019-04-26T18:07:57","slug":"impressum","status":"publish","type":"page","link":"https:\/\/www.la-academia-tango.net\/cms\/impressum\/","title":{"rendered":"Impressum"},"content":{"rendered":"<h2><img loading=\"lazy\" decoding=\"async\" class=\"wp-image-4402 alignnone\" src=\"https:\/\/www.la-academia-tango.net\/cms\/wp-content\/uploads\/La-academia-claim_1-Kopie.jpg\" alt=\"\" width=\"216\" height=\"64\" srcset=\"https:\/\/www.la-academia-tango.net\/cms\/wp-content\/uploads\/La-academia-claim_1-Kopie.jpg 2283w, https:\/\/www.la-academia-tango.net\/cms\/wp-content\/uploads\/La-academia-claim_1-Kopie-300x89.jpg 300w, https:\/\/www.la-academia-tango.net\/cms\/wp-content\/uploads\/La-academia-claim_1-Kopie-768x227.jpg 768w, https:\/\/www.la-academia-tango.net\/cms\/wp-content\/uploads\/La-academia-claim_1-Kopie-1024x303.jpg 1024w\" sizes=\"auto, (max-width: 216px) 100vw, 216px\" \/><\/h2>\n<p>La academia<br \/>\nTanzstudio &amp; Galerie<br \/>\nAlexander Mock<br \/>\nAltleubnitz 11<br \/>\n01219 Dresden<\/p>\n<p>Steuer-Nr. 203\/250\/02116<br \/>\nUSt-IdNr. DE140 336 983<\/p>\n<p>&amp;<\/p>\n<p>La academia<br \/>\nCarsta Mock<br \/>\nAltleubnitz 11<br \/>\n01219 Dresden<\/p>\n<p>Steuer-Nr 203\/250\/03260<\/p>\n<p><span style=\"color: #ffffff;\">.<\/span><\/p>\n<p>Telefon: +49(0)351 \/ 470 66 30<br \/>\nMobil: +49(0)172 \/ 363 57 42<br \/>\nFax: +49(0)351 \/ 451 98 64<br \/>\nMail: \u00a0info(at)la-academia-tango-dresden.de<br \/>\nWeb: <a href=\"http:\/\/www.la-academia-tango-dresden.de\" rel=\"nofollow noopener\" target=\"_blank\">www.la-academia-tango-dresden.de<\/a><\/p>\n<h2>Realisierung:<\/h2>\n<p><a href=\"http:\/\/www.1unit.de\/\" rel=\"nofollow noopener\" target=\"_blank\">\u00bb 1unit.de<\/a><br \/>\nTel:\u00a0 +49(0)172 \/ 79 01 875<\/p>\n<h2>Datenschutzbestimmungen<\/h2>\n<p>Diese Website benutzt Google Analytics, einen Webanalysedienst der Google Inc. Google Analytics verwendet Cookies, Textdateien, die auf Ihrem Computer gespeichert werden und eine Analyse der Benutzung unserer Internetseite durch Sie erm\u00f6glicht. Die durch den Cookie erzeugten Informationen \u00fcber Ihr Benutzerverhalten, einschlie\u00dflich Ihrer IP-Adresse wird an einen Server der Google Inc. in den USA \u00fcbermittelt. Google wird diese Informationen benutzen, um Ihr Verhalten auf unserer Internetseite auszuwerten und f\u00fcr uns Berichte und Reporte \u00fcber die Aktivit\u00e4t der Nutzer auf unserer Seite zu erstellen. Google wird diese Informationen gegebenenfalls an Dritte \u00fcbertragen, sofern dies gesetzlich vorgeschrieben oder soweit Dritte diese Angaben im Auftrag von Google verarbeiten. Google wird in keinem Fall Ihre IP-Adresse mit anderen Daten der Google Inc. in Verbindung bringen. Sie k\u00f6nnen die Installation der Cookies durch eine entsprechende Einstellung in Ihrer Browser-Software verhindern. Wir weisen Sie an dieser Stelle allerdings darauf hin, das eventuell Funktionen auf unserer Internetseite ohne Cookies nur bedingt benutzbar sind. Mit dem Benutzen unserer Seite, erkl\u00e4ren Sie sich mit der Bearbeitung Ihrer Daten durch die Google Inc. in der zuvor beschriebenen Art und Weise, einverstanden.<\/p>\n<h2>Haftungshinweis<\/h2>\n<p>Trotz sorgf\u00e4ltiger inhaltlicher Kontrolle \u00fcbernehmen wir keine Haftung f\u00fcr die Inhalte externer Links. F\u00fcr den Inhalt der verlinkten Seiten sind ausschlie\u00dflich deren Betreiber verantwortlich.<\/p>\n<h2>Marken &amp; Logos<\/h2>\n<p>Alle Marken und Logos, sowie Produkte und Produktbezeichnungen unterliegen uneingeschr\u00e4nkt dem jeweiligen Kennzeichnungsrecht und den Besitzrechten der jeweiligen Eigent\u00fcmer.<\/p>\n<h2>Bildmaterial &amp; Grafiken<\/h2>\n<p>Alle Rechte an Bild-, Foto-, Grafik-, Video- und Text-Material sind vorbehalten. Bilder und Grafiken, sowie Kompositionen und Grafikelemente unterliegen Besitzrechten der jeweiligen Eigent\u00fcmer.<\/p>\n<h6><span style=\"text-decoration: underline;\"><a href=\"http:\/\/www.la-academia-tango.net\/cms\/wp-login.php?redirect_to=http%3A%2F%2Fwww.la-academia-tango.net%2Fcms%2Fwp-admin%2F\" target=\"_blank\" rel=\"noopener noreferrer\"><span style=\"color: #ffffff; text-decoration: underline;\">***<\/span><\/a><\/span><\/h6>\n","protected":false},"excerpt":{"rendered":"<p>La academia Tanzstudio &amp; Galerie Alexander Mock Altleubnitz 11 01219 Dresden Steuer-Nr. 203\/250\/02116 USt-IdNr. DE140 336 983 &amp; La academia Carsta Mock Altleubnitz 11 01219 Dresden Steuer-Nr 203\/250\/03260 . Telefon: +49(0)351 \/ 470 66 30[&#8230;]<\/p>\n","protected":false},"author":2,"featured_media":0,"parent":0,"menu_order":20,"comment_status":"closed","ping_status":"closed","template":"","meta":{"footnotes":""},"class_list":["post-1199","page","type-page","status-publish","hentry"],"_links":{"self":[{"href":"https:\/\/www.la-academia-tango.net\/cms\/wp-json\/wp\/v2\/pages\/1199","targetHints":{"allow":["GET"]}}],"collection":[{"href":"https:\/\/www.la-academia-tango.net\/cms\/wp-json\/wp\/v2\/pages"}],"about":[{"href":"https:\/\/www.la-academia-tango.net\/cms\/wp-json\/wp\/v2\/types\/page"}],"author":[{"embeddable":true,"href":"https:\/\/www.la-academia-tango.net\/cms\/wp-json\/wp\/v2\/users\/2"}],"replies":[{"embeddable":true,"href":"https:\/\/www.la-academia-tango.net\/cms\/wp-json\/wp\/v2\/comments?post=1199"}],"version-history":[{"count":19,"href":"https:\/\/www.la-academia-tango.net\/cms\/wp-json\/wp\/v2\/pages\/1199\/revisions"}],"predecessor-version":[{"id":4776,"href":"https:\/\/www.la-academia-tango.net\/cms\/wp-json\/wp\/v2\/pages\/1199\/revisions\/4776"}],"wp:attachment":[{"href":"https:\/\/www.la-academia-tango.net\/cms\/wp-json\/wp\/v2\/media?parent=1199"}],"curies":[{"name":"wp","href":"https:\/\/api.w.org\/{rel}","templated":true}]}}