{"id":9866,"date":"2026-03-06T14:05:04","date_gmt":"2026-03-06T13:05:04","guid":{"rendered":"https:\/\/www.la-academia-tango.net\/cms\/?page_id=9866"},"modified":"2026-03-06T15:16:05","modified_gmt":"2026-03-06T14:16:05","slug":"i","status":"publish","type":"page","link":"http:\/\/www.la-academia-tango.net\/cms\/i\/","title":{"rendered":"Teilnehmerinfos Crete 2026"},"content":{"rendered":"<p>Teilnehmerinfos 2026 iron tango crete<\/p>\n<p>&nbsp;<\/p>\n<p><span style=\"color: #ff0000; font-size: 20px;\">IRON TANGO CRETE<\/span><\/p>\n<p><span style=\"color: #ff0000; font-size: 20px;\">05. bis 12. September 2026<\/span><\/p>\n<p><span style=\"color: #008080; font-size: 20px;\">Ihr Lieben, <\/span><\/p>\n<p><span style=\"color: #008080; font-size: 20px;\"><span style=\"font-size: 16px;\">ich werde hier auf dieser internen Seite immer wieder mal was erg\u00e4nzen.\u00a0<\/span><\/span><\/p>\n<p><span style=\"color: #008080; font-size: 16px;\">Wir reisen bereits am 3. September an. Einige von euch sind auch schon eher da, dann k\u00f6nnen wir uns gern schon vorher verabreden f\u00fcr Strand, Essen oder andere sch\u00f6ne Dinge. <\/span><\/p>\n<p>&nbsp;<\/p>\n<p><span style=\"color: #ff0000; font-size: 16px;\"><span style=\"font-size: 20px;\">Zun\u00e4chst der\u00a0 Ablauf f\u00fcr die Ankunftstage<\/span><\/span><\/p>\n<p><span style=\"color: #008080;\">Am Samstag, 5.9.\u00a0 kann jeder erst mal gem\u00fctlich ankommen wenn ihr nicht schon vorher da seid.<\/span><\/p>\n<p><span style=\"color: #008080; font-size: 16px;\">Das erste gemeinsame Abendessen wird es am Sonntag geben. <\/span><\/p>\n<p><span style=\"color: #008080;\">Vorher ist jeder selbst f\u00fcr\u00b4s Essen verantwortlich.<\/span><\/p>\n<p><span style=\"color: #008080;\">Im Voukelara tanzen wir am Freigag\u00a0 von <\/span><span style=\"color: #008080;\">21.30 bis 1.00 Uhr.<\/span><\/p>\n<p><span style=\"color: #008080;\">Danach k\u00f6nnen wir noch ein halbes St\u00fcndchen an der Bar Getr\u00e4nke ordern.<\/span><\/p>\n<p><span style=\"color: #008080;\"><span style=\"color: #ff0000;\">Fr\u00fchst\u00fcck <span style=\"color: #008080;\">an allen Tagen ist von<\/span> 8.30 bis 10.30 Uhr<span style=\"color: #008080;\"> &#8211; auch f\u00fcr die externen \u00dcbernachtungen.<\/span><\/span><\/span><\/p>\n<p><span style=\"color: #008080;\">Danach starten wir mit der <span style=\"color: #ff0000;\">Praktika bis ca 13 Uhr<\/span> . Ihr k\u00f6nnt von mir, Carsta, Inspirationen bekommen soviel ihr wollt oder einfach \u00fcben oder tanzen. <\/span><\/p>\n<p><span style=\"color: #008080;\">Gemeinsame Essen im Voukelari sind wahrscheinlich am Sonntag und Donnerstag jeweils 19 Uhr<\/span><\/p>\n<p><span style=\"color: #008080;\">Am Abend k\u00f6nnen wir nach dem Abendessen von ca 21\u00a0 \u00a0bis 24 Uhr tanzen. Anschlie\u00dfend ist wieder noch ein halbes St\u00fcndchen Ausschank an der Bar.\u00a0<\/span><\/p>\n<p><span style=\"color: #008080;\"><span style=\"color: #ff0000;\">Mittwoch<\/span> ist <span style=\"color: #ff0000;\">abendlicher Pausentag<\/span> bei Stelios . Wir werden euch vor Ort einen Vorschlag machen f\u00fcr eine Unternehmung &#8211; ihr entscheidet, ob ihr mitkommt.<\/span><\/p>\n<p>&nbsp;<\/p>\n<p><span style=\"color: #008080;\">Ich habe eine <span style=\"color: #ff0000;\">WhatsApp-Gruppe<\/span> eingerichtet f\u00fcr eine gemeinsame Kommunikation zwischendrin. Das Internet reicht am Strand f\u00fcr WhatsApp meist noch aus. Telefonie ist oft erfolglos.<\/span><\/p>\n<p><span style=\"color: #008080;\">Hier ist der Link und der QR-Code f\u00fcr die Gruppe. Dann seht ihr auch wer alles dabei ist.<\/span><\/p>\n<p>&nbsp;<\/p>\n<p>&nbsp;<\/p>\n<p style=\"text-align: center;\"><a href=\"https:\/\/chat.whatsapp.com\/GfVHLUCKvjy2YTCOvNXr4m?mode=gi_t\" target=\"_blank\" rel=\"noopener nofollow\"><img loading=\"lazy\" decoding=\"async\" class=\"aligncenter wp-image-9870 size-medium\" src=\"https:\/\/www.la-academia-tango.net\/cms\/wp-content\/uploads\/WhatsApp-Gruppe-Crete-Kreta-300x300.jpg\" alt=\"\" width=\"300\" height=\"300\" srcset=\"https:\/\/www.la-academia-tango.net\/cms\/wp-content\/uploads\/WhatsApp-Gruppe-Crete-Kreta-300x300.jpg 300w, https:\/\/www.la-academia-tango.net\/cms\/wp-content\/uploads\/WhatsApp-Gruppe-Crete-Kreta-150x150.jpg 150w, https:\/\/www.la-academia-tango.net\/cms\/wp-content\/uploads\/WhatsApp-Gruppe-Crete-Kreta-370x370.jpg 370w, https:\/\/www.la-academia-tango.net\/cms\/wp-content\/uploads\/WhatsApp-Gruppe-Crete-Kreta.jpg 700w\" sizes=\"auto, (max-width: 300px) 100vw, 300px\" \/><\/a><\/p>\n<p style=\"text-align: center;\"><span style=\"color: #ff0000;\"><a style=\"color: #ff0000;\" href=\"https:\/\/chat.whatsapp.com\/GfVHLUCKvjy2YTCOvNXr4m?mode=gi_t\" target=\"_blank\" rel=\"noopener nofollow\"><strong>\u00bb<\/strong> Link zur WhatsApp-Gruppe\u00a0 Crete 2026 <span class=\"x19la9d6 x1fc57z9 x6ikm8r x10wlt62 x19co3pv x11tp94h xfibh0p xiy17q3 x1xsqp64 x1lkfr7t xexx8yu xyri2b x18d9i69 x1c1uobl\"><span class=\"xrtxmta x1bhl96m\">&#x1f3d6;&#xfe0f;<\/span><\/span><span class=\"x19la9d6 x1fc57z9 x6ikm8r x10wlt62 x19co3pv x11tp94h xfibh0p xiy17q3 x1xsqp64 x1lkfr7t xexx8yu xyri2b x18d9i69 x1c1uobl\"><span class=\"xrtxmta x1bhl96m\">&#x1f4ab;<\/span><\/span><span class=\"x19la9d6 x1fc57z9 x6ikm8r x10wlt62 x19co3pv x11tp94h xfibh0p xiy17q3 x1xsqp64 x1lkfr7t xexx8yu xyri2b x18d9i69 x1c1uobl\"><span class=\"xrtxmta x1bhl96m\">&#x2600;&#xfe0f;<\/span><\/span><\/a><\/span><\/p>\n<p>&nbsp;<\/p>\n<p>&nbsp;<\/p>\n<p>&nbsp;<\/p>\n<p><span style=\"color: #008080; font-size: 20px;\"><span style=\"font-size: 16px;\">Auch nochmals der \u00dcberblick \u00fcber die Kosten. Ich werde dann alles in bar vor Ort einsammeln. Ein Geldautomat steht in Plakias<\/span><br \/>\n<span style=\"font-size: 16px;\">\u00dcbernachtung, Fr\u00fchst\u00fcck und die beiden Abendessen werden von mir direkt durchgereicht.<\/span><br \/>\n<span style=\"font-size: 16px;\">Bei den externen \u00dcbernachtungen findet dann das Fr\u00fchst\u00fcck auch mit uns gemeinsam im Voukelari statt.<\/span><\/span><\/p>\n<p><strong>Kosten f\u00fcr 2026\u00a0<\/strong><\/p>\n<ul>\n<li style=\"list-style-type: none;\">\n<ul>\n<li>Doppelzimmer f\u00fcr 2 Personen im Voukelari\u00a0 <span style=\"font-size: 14px;\">(7 N\u00e4chte)<\/span>:\u00a0 808\u20ac\u00a0 incl. Fr\u00fchst\u00fcck und die beiden gemeinsamen Abendessen <span style=\"font-size: 14px; color: #808080;\">(ohne griech.Tax &#8211; hier kommt auf die Rechnung der Griechischen Gastgeber f\u00fcr \u00dcbernachtung 13% und f\u00fcr Essen 24% dazu, sowie 7\u20ac Touristensteuer pro Person pro Tag = 967\u20ac pro Zimmer)<\/span><br \/>\n<span style=\"font-size: 12px;\">(Zus\u00e4tzliche Buchung au\u00dferhalb der Tanzwoche pro Tag DZ incl Fr\u00fchst\u00fcck &#8211; 90\u20ac)<span style=\"color: #ff0000;\">\u00a0<\/span><\/span><\/li>\n<li>Einzelzimmer f\u00fcr eine Person im Voukelari <span style=\"font-size: 14px;\">(7 N\u00e4chte)<\/span>: 579\u20ac\u00a0 &#8211; incl Fr\u00fchst\u00fcck und die beiden gemeinsamen Abendessen <span style=\"font-size: 14px; color: #808080;\">(ohne griech.Tax &#8211; hier kommt auf die Rechnung der Griechischen Gastgeber f\u00fcr \u00dcbernachtung 13% und f\u00fcr Essen 24% dazu, sowie 7\u20ac Touristensteuer pro Person pro Tag = 681\u20ac)<\/span><br \/>\n<span style=\"font-size: 13px;\">(Zus\u00e4tzliche Buchung au\u00dferhalb der Tanzwoche EZ pro Tag incl Fr\u00fchst\u00fcck &#8211; 70\u20ac)\u00a0<\/span><\/li>\n<li>Einzelzimmer f\u00fcr eine Person im Voukelari -Zimmer an der Tanzfl\u00e4che OH <span style=\"font-size: 14px;\">(7 N\u00e4chte)<\/span>: 544\u20ac\u00a0 &#8211; incl Fr\u00fchst\u00fcck und die beiden gemeinsamen Abendessen <span style=\"font-size: 14px; color: #808080;\">(ohne griech.Tax &#8211; hier kommt auf die Rechnung der Griechischen Gastgeber f\u00fcr \u00dcbernachtung 13% und f\u00fcr Essen 24% dazu, sowie 7\u20ac Touristensteuer pro Person pro Tag = 641\u20ac )<\/span><br \/>\n<span style=\"font-size: 13px;\">(Zus\u00e4tzliche Buchung au\u00dferhalb der Tanzwoche EZ pro Tag incl Fr\u00fchst\u00fcck &#8211; 70\u20ac)\u00a0<\/span><\/li>\n<li>Zubuchung Fr\u00fchst\u00fcck in der Tanzwoche pro Person auch f\u00fcr alle, die au\u00dferhalb \u00fcbernachten: 15,00\u20ac pro Tag = f\u00fcr 7 Tage 105\u20ac <span style=\"font-size: 14px; color: #808080;\">(ohne griech.Tax &#8211; hier kommt auf die Rechnung der Griechischen Gastgeber f\u00fcr Essen 24% dazu)<\/span><\/li>\n<li>ohne Zubuchung\u00a0 Fr\u00fchst\u00fcck f\u00fcr Au\u00dferhalb-\u00dcbernachter kommen 10\u20ac pro Tag hinzu.<\/li>\n<li>Zubuchung &#8211; gemeinsame Abendessen f\u00fcr alle, die au\u00dferhalb \u00fcbernachten verbindlich pro Person pro Essen 27\u20ac &#8211; also beide Abendessen 54\u20ac <span style=\"font-size: 14px; color: #808080;\">(ohne griech.Tax &#8211; hier kommt auf die Rechnung der Griechischen Gastgeber f\u00fcr Essen 24% dazu)<\/span><\/li>\n<li>Teilnahmegeb\u00fchr f\u00fcr\u00b4s Tanzen in dieser Zeit &#8211; 298\u20ac pro Person inclusiv der Inspirationen von Carsta, Praktikas\u00a0 und Abendmilongas &#8211; also der gleiche Preis wie letztes Jahr<\/li>\n<li>Kosten f\u00fcr m\u00f6gliche Ausfl\u00fcge kommen hinzu, sofern du teilnehmen m\u00f6chtest<\/li>\n<li>eigenverantwortlich bucht ihr eure Fl\u00fcge, ggfls ein Mietauto.<\/li>\n<li>mit den <a href=\"https:\/\/www.la-academia-tango.net\/cms\/wp-content\/uploads\/IRON-TANGO-CRETE-Teilnahmebedingungen.pdf\" target=\"_blank\" rel=\"noopener\">\u00bb <\/a><a href=\"https:\/\/www.la-academia-tango.net\/cms\/iron-tango-crete\/iron-tango-crete-terms\/\" target=\"_blank\" rel=\"noopener\">Teilnahmebedingungen <\/a>erkl\u00e4rt ihr euch im Anmeldeformular einverstanden<\/li>\n<li>Die Kosten f\u00fcr \u00dcbernachtung und gemeinsame Essen werden vor Ort in bar bei eurer Ankunft bezahlt &#8211; f\u00fcr die Teilnahmekosten erh\u00e4lst du die Zahlungsmodalit\u00e4ten bei deiner Anmeldung<\/li>\n<li>Wir empfehlen euch, eine Reiseversicherung abzuschlie\u00dfen, die bei einer Absage durch euch die Stornierungskosten \u00fcbernimmt.<\/li>\n<\/ul>\n<\/li>\n<\/ul>\n<p>&nbsp;<\/p>\n<p style=\"text-align: left;\">Au\u00dferhalb der gemeinsamen Abendessen oder Fr\u00fchst\u00fcck gibt es in der Bucht direkt am Meer zus\u00e4tzlich neben Voukelari noch\u00a0 wundersch\u00f6ne Tavernen\u00a0 &#8211; das sind <a href=\"https:\/\/www.google.com\/maps\/place\/Taverna+Delfini\/@35.1919674,24.3611088,17z\/data=!4m14!1m7!3m6!1s0x149b6f160f103dc3:0x61987480dc1f2e23!2sTaverna+Delfini!8m2!3d35.1922111!4d24.3642768!16s%2Fg%2F12hxk5f9w!3m5!1s0x149b6f160f103dc3:0x61987480dc1f2e23!8m2!3d35.1922111!4d24.3642768!16s%2Fg%2F12hxk5f9w?authuser=0&amp;entry=ttu\" target=\"_blank\" rel=\"noopener nofollow\">\u00bbTaverna Delfini<\/a> und <a href=\"https:\/\/www.google.com\/maps\/place\/Galini+Tavern\/@35.1919674,24.3611088,17z\/data=!3m1!4b1!4m6!3m5!1s0x149b6f15fc5ea811:0xce335bcdad711f00!8m2!3d35.1919674!4d24.3636837!16s%2Fg%2F11bv5rqf94?authuser=0&amp;entry=ttu\" target=\"_blank\" rel=\"noopener nofollow\">\u00bb Taverna Galini\u00a0<\/a> und 15 Minuten bergauf die <a href=\"https:\/\/www.google.com\/maps\/place\/Foinikias+Kantina\/@35.1919674,24.3611088,17z\/data=!4m14!1m7!3m6!1s0x149b6f160f103dc3:0x61987480dc1f2e23!2sTaverna+Delfini!8m2!3d35.1922111!4d24.3642768!16s%2Fg%2F12hxk5f9w!3m5!1s0x149b6f045495798d:0xdbd55f128100c5fe!8m2!3d35.1909247!4d24.3619446!16s%2Fg%2F11jm_6mgsj?authuser=0&amp;entry=ttu\" target=\"_blank\" rel=\"noopener nofollow\">\u00bb Foinikias Kantina<\/a> . Mit dem Auto nach Sellia oder Myrthios oder die Tavernen in der Damnoni Bucht oder oder oder &#8230;\u00fcberall lauern kulinarische \u00dcberraschungen. Die Di\u00e4t also bitte vorher oder nachher. Die Preise sind erschwinglich, auch wenn sie seit Covid etwas intensiver geworden sind.<br \/>\nDer n\u00e4chste Supermarkt ist in Plakias oder Sellia &#8211; auch dort findet ihr immer regionale Produkte und heimisches Obst und Gem\u00fcse.<\/p>\n<p style=\"text-align: center;\"><iframe loading=\"lazy\" style=\"border: 0;\" src=\"https:\/\/www.google.com\/maps\/embed?pb=!1m18!1m12!1m3!1d3260.5855558660724!2d24.366415176993904!3d35.19188087274927!2m3!1f0!2f0!3f0!3m2!1i1024!2i768!4f13.1!3m3!1m2!1s0x149b6f17928e193d%3A0xe4c93ee792137e86!2sVoukelari%20Rooms!5e0!3m2!1sde!2sde!4v1692715181956!5m2!1sde!2sde\" width=\"600\" height=\"450\" allowfullscreen=\"allowfullscreen\" data-mce-fragment=\"1\"><\/iframe><\/p>\n<p><span style=\"color: #ffffff;\">.<\/span><\/p>\n<p><span style=\"color: #ffffff;\">.<\/span><\/p>\n<p style=\"text-align: left;\"><strong><span style=\"color: #ff0000;\">Wegbeschreibung<\/span><\/strong><\/p>\n<p style=\"text-align: left;\">Mit dem Auto vom Flughafen zum Voukelari &#8211; einfach auf\u00b4s Bild klicken, dann gelangt ihr zur Route.<br \/>\nAuch mit dem Bus k\u00f6nnt ihr bis Plakias fahren. Dann muss man in Rhethymnon umsteigen. Vielleicht kann ich diese Fahrtroute noch erg\u00e4nzen.<br \/>\nEin Taxi kostet ca 140\u20ac pro Fahrt. Das ist schon eine halbe Automiete.<\/p>\n<p><a href=\"https:\/\/www.google.com\/maps\/dir\/Heraklion+Airport+N.+Kazantzakis,+Iraklion,+Griechenland\/Voukelari+Rooms,+Souda+740+60,+Griechenland\/@35.2319958,24.6070078,11z\/data=!3m1!4b1!4m14!4m13!1m5!1m1!1s0x149a5bfbffffffff:0x2b99fcda10e0aed2!2m2!1d25.1747483!2d35.3395798!1m5!1m1!1s0x149b6f17928e193d:0xe4c93ee792137e86!2m2!1d24.3689901!2d35.1918809!3e0?authuser=0&amp;entry=ttu\" target=\"_blank\" rel=\"noopener nofollow\"><img loading=\"lazy\" decoding=\"async\" class=\"prozent aligncenter wp-image-7865\" src=\"https:\/\/www.la-academia-tango.net\/cms\/wp-content\/uploads\/Route-Flughafen-Souda-527x1024.jpeg\" alt=\"\" width=\"194\" height=\"377\" \/><\/a><\/p>\n<p>&nbsp;<\/p>\n<p>Mit \u00f6ffentlichen Verkehrsmitteln K\u00f6nnt ihr auch ganz unproblematisch ans Ziel gelangen. Vom Flughafen f\u00e4hrt ein Bus bis Rhethymnon, dort steigt ihr in den Bus nach Plakias. Von Plakias entweder mit dem Taxi oder es findet sich eine Abholgelegenheit f\u00fcr die letzten Minuten. In 2024 waren es mit dem Bus 19 \u20ac und 2 1\/2 Stunden Fahrt. Also wenig l\u00e4nger als mit dem Auto und recht preiswert.<\/p>\n<div><\/div>\n<div class=\"nl2go_class_30_white_b\"><span style=\"font-size: 18px; color: #ff0000;\"><strong>Transfer dem Taxi<\/strong><\/span><\/div>\n<div class=\"nl2go_class_30_white_b\"><strong>Kiriakos Kreta Taxi<\/strong><\/div>\n<div class=\"nl2go_class_30_white_b\">&#x1f4de; +30 694 5180469<\/div>\n<div class=\"nl2go_class_30_white_b\">&#x1f4e7; info@plakias-transfers.com<\/div>\n<p><strong>Victor, der am Strand bei Stelios mitarbeitet, f\u00e4hrt auch gern zum Flughafen. Das ist dann etwas g\u00fcnstiger als das Taxi &#8211; ich glaube zwischen 100 und 110\u20ac<br \/>\n<\/strong>&#x1f4de; +306996750065<\/p>\n<p>&nbsp;<\/p>\n<p><span style=\"color: #ff0000; font-size: 18px;\"><strong>Busverbindung: Flughafen Heraklion \u2192 Plakias<\/strong><\/span><\/p>\n<p><span style=\"font-size: 13px; color: #808080;\"><strong>&#x27a1;&#xfe0f;&#x20e3; Flughafen \u2192 Busbahnhof Heraklion<\/strong><\/span><\/p>\n<p><span style=\"font-size: 13px; color: #808080;\">Direkt vor dem Flughafen fahren Stadtbusse.<\/span><\/p>\n<ul>\n<li><span style=\"font-size: 13px; color: #808080;\">Bus: Flughafenbus Richtung <strong>Heraklion City \/ KTEL Busstation<\/strong><\/span><br \/>\n<span style=\"font-size: 13px; color: #808080;\">\u2022 Fahrzeit: ca. <strong>20 Minuten<\/strong><\/span><br \/>\n<span style=\"font-size: 13px; color: #808080;\">\u2022 Frequenz: etwa <strong>alle 10\u201320 Minuten<\/strong><\/span><\/li>\n<\/ul>\n<p><span style=\"font-size: 13px; color: #808080;\">Du steigst aus bei:<\/span><br \/>\n<span style=\"font-size: 13px; color: #808080;\"><strong>Heraklion Central Bus Station (KTEL)<br \/>\n<\/strong>Dort fahren die Fernbusse.<\/span><\/p>\n<p><span style=\"font-size: 13px; color: #808080;\"><strong>&#x27a1;&#xfe0f;&#x20e3; Heraklion \u2192 Rethymnon<br \/>\n<\/strong>Von dort nimmst du den \u00dcberlandbus.<\/span><\/p>\n<ul>\n<li><span style=\"font-size: 13px; color: #808080;\">Strecke: <strong>Heraklion \u2013 Rethymnon<\/strong><\/span><br \/>\n<span style=\"font-size: 13px; color: #808080;\">\u2022 Betreiber: KTEL<\/span><br \/>\n<span style=\"font-size: 13px; color: #808080;\">\u2022 Fahrzeit: etwa <strong>1 Stunde 15 Minuten<\/strong><\/span><br \/>\n<span style=\"font-size: 13px; color: #808080;\">\u2022 Frequenz: ungef\u00e4hr <strong>st\u00fcndlich<\/strong><\/span><br \/>\n<span style=\"font-size: 13px; color: #808080;\">\u2022 Preis: ca. <strong>7\u201311 \u20ac<\/strong><\/span><\/li>\n<\/ul>\n<p><span style=\"color: #808080;\"><span style=\"font-size: 13px;\">Busnummern sind dort <strong>nicht relevant<\/strong> \u2013 in Griechenland f\u00e4hrt man nach <strong>Zielort<\/strong>, nicht nach Liniennummer.<br \/>\n<\/span><span style=\"font-size: 13px;\">Du gehst einfach zu:<\/span><\/span><\/p>\n<p><span style=\"font-size: 13px; color: #808080;\">&#x27a1;&#xfe0f;\u00a0<strong>Bus nach Rethymnon<\/strong><\/span><\/p>\n<p><span style=\"font-size: 13px; color: #808080;\"><strong>&#x27a1;&#xfe0f;&#x20e3; Rethymnon \u2192 Plakias<\/strong><\/span><\/p>\n<p><span style=\"font-size: 13px; color: #808080;\">In Rethymnon musst du einmal umsteigen.<\/span><\/p>\n<ul>\n<li><span style=\"font-size: 13px; color: #808080;\">Strecke: <strong>Rethymnon \u2013 Plakias<\/strong><\/span><br \/>\n<span style=\"font-size: 13px; color: #808080;\">\u2022 Fahrzeit: ca. <strong>1 Stunde 20 Minuten<\/strong><\/span><br \/>\n<span style=\"font-size: 13px; color: #808080;\">\u2022 Frequenz: etwa <strong>3 Busse pro Tag<\/strong><\/span><br \/>\n<span style=\"font-size: 13px; color: #808080;\">\u2022 Preis: etwa <strong>3\u20136 \u20ac<\/strong><\/span><\/li>\n<\/ul>\n<p><span style=\"font-size: 13px; color: #808080;\">Diese Busse fahren typischerweise:<\/span><\/p>\n<ul>\n<li><span style=\"font-size: 13px; color: #808080;\">morgens<\/span><br \/>\n<span style=\"font-size: 13px; color: #808080;\">\u2022 mittags<\/span><br \/>\n<span style=\"font-size: 13px; color: #808080;\">\u2022 am sp\u00e4ten Nachmittag<\/span><\/li>\n<\/ul>\n<p><span style=\"font-size: 13px; color: #808080;\">(Im Sommer manchmal etwas h\u00e4ufiger.)<\/span><\/p>\n<p><span style=\"font-size: 13px; color: #808080;\"><strong>Gesamtzeit der Reise<br \/>\n<\/strong>Wenn alles gut passt:<\/span><\/p>\n<ul>\n<li><span style=\"font-size: 13px; color: #808080;\">Flughafen \u2192 Busstation: <strong>20 min<\/strong><\/span><br \/>\n<span style=\"font-size: 13px; color: #808080;\">\u2022 Heraklion \u2192 Rethymnon: <strong>1 h 15<\/strong><\/span><br \/>\n<span style=\"font-size: 13px; color: #808080;\">\u2022 Rethymnon \u2192 Plakias: <strong>1 h 20<\/strong><\/span><\/li>\n<\/ul>\n<p><span style=\"font-size: 13px; color: #808080;\">&#x27a1;&#xfe0f; <strong>Gesamt: etwa 3 \u2013 3,5 Stunden<\/strong><\/span><\/p>\n<p><span style=\"font-size: 13px; color: #808080;\">In Kreta l\u00e4uft das Busfahren so:<\/span><\/p>\n<ul>\n<li><span style=\"font-size: 13px; color: #808080;\">Tickets kaufst du <strong>direkt am Busbahnhof<\/strong><\/span><br \/>\n<span style=\"font-size: 13px; color: #808080;\">\u2022 Koffer werden <strong>unten im Bus verstaut<\/strong><\/span><br \/>\n<span style=\"font-size: 13px; color: #808080;\">\u2022 10\u201315 Minuten vor Abfahrt Boarding<\/span><br \/>\n<span style=\"font-size: 13px; color: #808080;\">\u2022 Anzeigen zeigen <strong>Zielort, nicht Busnummer<\/strong><\/span><\/li>\n<\/ul>\n<p>&nbsp;<\/p>\n<p>&nbsp;<\/p>\n<p>&nbsp;<\/p>\n<p>&nbsp;<\/p>\n<p><span style=\"color: #008080; font-size: 18px;\">M\u00f6glicherweise braucht ihr M\u00fcckenschutz. Die M\u00fccken sind ganz klein und unscheinbar, k\u00f6nnen aber super gut stechen. <\/span><\/p>\n<p>&nbsp;<\/p>\n<p><span style=\"color: #008080; font-size: 18px;\">Viele Gr\u00fc\u00dfe zu euch von Carsta und Alex<\/span><\/p>\n<p style=\"text-align: center;\"><span style=\"color: #ffffff;\">.\u00a0<\/span><\/p>\n<p style=\"text-align: center;\"><span style=\"color: #ffffff;\">.<\/span><\/p>\n<p>&nbsp;<\/p>\n<p><a href=\"https:\/\/www.la-academia-tango.net\/cms\/wp-content\/uploads\/iron-tango-crete-1-vorder-flyer.jpg\"><img loading=\"lazy\" decoding=\"async\" class=\"prozent aligncenter wp-image-7733 size-large\" src=\"https:\/\/www.la-academia-tango.net\/cms\/wp-content\/uploads\/iron-tango-crete-1-vorder-flyer-1024x483.jpg\" alt=\"\" width=\"1024\" height=\"483\" \/><\/a><\/p>\n<p style=\"text-align: center;\"><span style=\"color: #ffffff;\">.<\/span><\/p>\n<p><a href=\"https:\/\/www.la-academia-tango.net\/cms\/kreta-infos-intern\/\"><span style=\"color: #808080; font-size: 8px;\">\u00bb\u00a0 interne Kreta-Infos<\/span><\/a><\/p>\n","protected":false},"excerpt":{"rendered":"<p>Teilnehmerinfos 2026 iron tango crete &nbsp; IRON TANGO CRETE 05. bis 12. September 2026 Ihr Lieben, ich werde hier auf dieser internen Seite immer wieder mal was erg\u00e4nzen.\u00a0 Wir reisen bereits am 3. September an.[&#8230;]<\/p>\n","protected":false},"author":2,"featured_media":0,"parent":0,"menu_order":0,"comment_status":"closed","ping_status":"closed","template":"","meta":{"footnotes":""},"class_list":["post-9866","page","type-page","status-publish","hentry"],"_links":{"self":[{"href":"http:\/\/www.la-academia-tango.net\/cms\/wp-json\/wp\/v2\/pages\/9866","targetHints":{"allow":["GET"]}}],"collection":[{"href":"http:\/\/www.la-academia-tango.net\/cms\/wp-json\/wp\/v2\/pages"}],"about":[{"href":"http:\/\/www.la-academia-tango.net\/cms\/wp-json\/wp\/v2\/types\/page"}],"author":[{"embeddable":true,"href":"http:\/\/www.la-academia-tango.net\/cms\/wp-json\/wp\/v2\/users\/2"}],"replies":[{"embeddable":true,"href":"http:\/\/www.la-academia-tango.net\/cms\/wp-json\/wp\/v2\/comments?post=9866"}],"version-history":[{"count":4,"href":"http:\/\/www.la-academia-tango.net\/cms\/wp-json\/wp\/v2\/pages\/9866\/revisions"}],"predecessor-version":[{"id":9871,"href":"http:\/\/www.la-academia-tango.net\/cms\/wp-json\/wp\/v2\/pages\/9866\/revisions\/9871"}],"wp:attachment":[{"href":"http:\/\/www.la-academia-tango.net\/cms\/wp-json\/wp\/v2\/media?parent=9866"}],"curies":[{"name":"wp","href":"https:\/\/api.w.org\/{rel}","templated":true}]}}