{"id":9780,"date":"2026-01-26T22:17:23","date_gmt":"2026-01-26T21:17:23","guid":{"rendered":"https:\/\/www.la-academia-tango.net\/cms\/?page_id=9780"},"modified":"2026-03-04T16:03:29","modified_gmt":"2026-03-04T15:03:29","slug":"milonguero-die-kunst-der-engen-umarmung","status":"publish","type":"page","link":"http:\/\/www.la-academia-tango.net\/cms\/milonguero-die-kunst-der-engen-umarmung\/","title":{"rendered":"Milonguero &#8211; die Kunst der engen Umarmung"},"content":{"rendered":"<p>&nbsp;<\/p>\n<p>&nbsp;<\/p>\n<p style=\"text-align: center;\"><span style=\"font-size: 28px;\"><strong><span style=\"color: #ff0000;\"><span style=\"color: #ff0000;\"><span style=\"caret-color: #000000;\">\u00bb Milonguero &#8211; die Kunst der engen Umarmung<\/span><\/span><\/span><\/strong><\/span><\/p>\n<p>&nbsp;<\/p>\n<p style=\"text-align: center;\"><span style=\"color: #333333; font-size: 18px;\">5 Kurstermine<\/span><\/p>\n<p style=\"text-align: center;\"><span style=\"font-size: 18px;\">26.2. | 5.3. |\u00a0 12.3. |\u00a0 26.3. |\u00a0 9.4. | <\/span><\/p>\n<p style=\"text-align: center;\"><span style=\"font-size: 18px;\">jeweils 19.00 bis 20.30 Uhr<\/span><\/p>\n<p>&nbsp;<\/p>\n<p>&nbsp;<\/p>\n<p style=\"text-align: center;\">Inspiriert vom Milonguero-Style tanzen wir in enger Umarmung einen Tango, der geerdet, musikalisch und sozial tanzbar ist \u2013<\/p>\n<p style=\"text-align: center;\">und sich dabei \u00fcberraschend weit anf\u00fchlt und lebendig.<\/p>\n<p style=\"text-align: center;\">Raum entsteht durch Pr\u00e4senz,\u00a0 feine Dynamik und echte Verbindung.<\/p>\n<p style=\"text-align: center;\">Du m\u00f6chtest in enger\u00a0 Umarmung tanzen, den Unterschied Milonguero-Style und Tanzen in enger Umarmung kennenlernen, klein tanzen und gro\u00df sp\u00fcren? Dann melde dich f\u00fcr diese 5 Termine an.<\/p>\n<p>&nbsp;<\/p>\n<p style=\"text-align: center;\"><span style=\"font-size: 14px; color: #808080;\">Kosten: 5 Termine 65\u20ac pro Person (Einzeltermin 22\u20ac)<br \/>\nAls Ausweichtermin kann in Absprache auch der Mittwoch genutzt werden<\/span><\/p>\n<p>&nbsp;<\/p>\n<p>&nbsp;<\/p>\n<pre style=\"text-align: center;\"><span style=\"font-size: 20px; color: #ff0000;\"><a style=\"color: #ff0000;\" href=\"https:\/\/www.la-academia-tango.net\/cms\/kurs-workshop-anmeldung\/\" target=\"_blank\" rel=\"noopener\">\u00bb zur Anmeldung<\/a><\/span><\/pre>\n<p>&nbsp;<\/p>\n<p>&nbsp;<\/p>\n<p>&nbsp;<\/p>\n<p>&nbsp;<\/p>\n<p style=\"text-align: center;\"><span style=\"color: #ffffff;\">.<\/span><\/p>\n<p style=\"text-align: center;\"><a href=\"https:\/\/www.la-academia-tango.net\/cms\/kalender\/\"><span style=\"color: #ff0000;\">\u00bb hier im Kalender findet ihr weitere Aktivit\u00e4ten von und mit La academia<\/span><\/a><\/p>\n<p>&nbsp;<\/p>\n<p>&nbsp;<\/p>\n<p><img loading=\"lazy\" decoding=\"async\" class=\"aligncenter size-large wp-image-9794\" src=\"https:\/\/www.la-academia-tango.net\/cms\/wp-content\/uploads\/TangoKurse-Flyer-1024x483.jpg\" alt=\"\" width=\"1024\" height=\"483\" srcset=\"https:\/\/www.la-academia-tango.net\/cms\/wp-content\/uploads\/TangoKurse-Flyer-1024x483.jpg 1024w, https:\/\/www.la-academia-tango.net\/cms\/wp-content\/uploads\/TangoKurse-Flyer-300x141.jpg 300w, https:\/\/www.la-academia-tango.net\/cms\/wp-content\/uploads\/TangoKurse-Flyer-768x362.jpg 768w, https:\/\/www.la-academia-tango.net\/cms\/wp-content\/uploads\/TangoKurse-Flyer-1536x724.jpg 1536w, https:\/\/www.la-academia-tango.net\/cms\/wp-content\/uploads\/TangoKurse-Flyer-370x174.jpg 370w, https:\/\/www.la-academia-tango.net\/cms\/wp-content\/uploads\/TangoKurse-Flyer-1040x490.jpg 1040w, https:\/\/www.la-academia-tango.net\/cms\/wp-content\/uploads\/TangoKurse-Flyer.jpg 2000w\" sizes=\"auto, (max-width: 1024px) 100vw, 1024px\" \/><\/p>\n<div><\/div>\n<div><\/div>\n<pre><span style=\"color: #ff0000;\"><a style=\"color: #ff0000;\" href=\"http:\/\/www.la-academia-tango.net\/cms\/newsletter-anmeldung\/\">\u00bb Wer vorzeitig per Mail \u00fcber Termine, Veranstaltungen... informiert werden m\u00f6chte, klickt bitte \u00a0hier<\/a><\/span><\/pre>\n<address>\u00a0<\/address>\n<p>&nbsp;<\/p>\n<pre><span style=\"color: #ff0000;\"><a style=\"color: #ff0000;\" href=\"https:\/\/www.la-academia-tango.net\/cms\/keinen-newsletter-mehr\/\">\u00bb Hier kannst du den Newsletter abbestellen<\/a><\/span><\/pre>\n<p style=\"text-align: center;\"><span style=\"color: #ffffff;\">.<\/span><span style=\"color: #ffffff;\">.<\/span><\/p>\n<p>&nbsp;<\/p>\n","protected":false},"excerpt":{"rendered":"<p>&nbsp; &nbsp; \u00bb Milonguero &#8211; die Kunst der engen Umarmung &nbsp; 5 Kurstermine 26.2. | 5.3. |\u00a0 12.3. |\u00a0 26.3. |\u00a0 9.4. | jeweils 19.00 bis 20.30 Uhr &nbsp; &nbsp; Inspiriert vom Milonguero-Style tanzen wir[&#8230;]<\/p>\n","protected":false},"author":2,"featured_media":0,"parent":0,"menu_order":0,"comment_status":"closed","ping_status":"closed","template":"","meta":{"footnotes":""},"class_list":["post-9780","page","type-page","status-publish","hentry"],"_links":{"self":[{"href":"http:\/\/www.la-academia-tango.net\/cms\/wp-json\/wp\/v2\/pages\/9780","targetHints":{"allow":["GET"]}}],"collection":[{"href":"http:\/\/www.la-academia-tango.net\/cms\/wp-json\/wp\/v2\/pages"}],"about":[{"href":"http:\/\/www.la-academia-tango.net\/cms\/wp-json\/wp\/v2\/types\/page"}],"author":[{"embeddable":true,"href":"http:\/\/www.la-academia-tango.net\/cms\/wp-json\/wp\/v2\/users\/2"}],"replies":[{"embeddable":true,"href":"http:\/\/www.la-academia-tango.net\/cms\/wp-json\/wp\/v2\/comments?post=9780"}],"version-history":[{"count":15,"href":"http:\/\/www.la-academia-tango.net\/cms\/wp-json\/wp\/v2\/pages\/9780\/revisions"}],"predecessor-version":[{"id":9865,"href":"http:\/\/www.la-academia-tango.net\/cms\/wp-json\/wp\/v2\/pages\/9780\/revisions\/9865"}],"wp:attachment":[{"href":"http:\/\/www.la-academia-tango.net\/cms\/wp-json\/wp\/v2\/media?parent=9780"}],"curies":[{"name":"wp","href":"https:\/\/api.w.org\/{rel}","templated":true}]}}