{"id":9717,"date":"2026-01-14T15:31:39","date_gmt":"2026-01-14T14:31:39","guid":{"rendered":"https:\/\/www.la-academia-tango.net\/cms\/?page_id=9717"},"modified":"2026-02-05T08:37:16","modified_gmt":"2026-02-05T07:37:16","slug":"milonga-workshop","status":"publish","type":"page","link":"http:\/\/www.la-academia-tango.net\/cms\/milonga-workshop\/","title":{"rendered":"Milonga Workshop"},"content":{"rendered":"<p>&nbsp;<\/p>\n<p>&nbsp;<\/p>\n<p style=\"text-align: center;\"><a href=\"https:\/\/www.la-academia-tango.net\/cms\/milonga-workshop\/\"><span style=\"font-size: 28px;\"><strong><span style=\"color: #ff0000;\"><span style=\"color: #ff0000;\"><span style=\"caret-color: #000000;\">\u00bb Milonga &#8211; variantenreich in der Musik getanzt<\/span><\/span><\/span><\/strong><\/span><\/a><\/p>\n<p>&nbsp;<\/p>\n<p style=\"text-align: center;\"><span style=\"color: #ff0000; font-size: 24pt;\">7. Februar &#8211; <span class=\"a_GcMg font-feature-liga-off font-feature-clig-off font-feature-calt-off text-decoration-none text-strikethrough-none\">In-Depth Practice\u00a0<\/span><\/span><\/p>\n<p>&nbsp;<\/p>\n<p>&nbsp;<\/p>\n<p style=\"text-align: center;\">Milonga polarisiert.<\/p>\n<p style=\"text-align: center;\">F\u00fcr manche ist sie pure Freude,<\/p>\n<p style=\"text-align: center;\">f\u00fcr andere der Moment f\u00fcr eine Pause.<\/p>\n<p style=\"text-align: center;\">In diesem Workshop entdecken wir Milonga neu:<\/p>\n<p style=\"text-align: center;\">spielerisch, musikalisch, variantenreich<\/p>\n<p>&nbsp;<\/p>\n<p style=\"text-align: center;\"><span style=\"color: #ff0000;\"><strong>\u2022 \u2022 \u2022 \u2022 \u2022 \u2022 \u2022 \u2022 \u2022 \u2022<\/strong><\/span><\/p>\n<p>&nbsp;<\/p>\n<p style=\"text-align: center;\"><strong><span style=\"color: #ff0000; font-size: 16px;\">7. Februar &#8211; <span class=\"a_GcMg font-feature-liga-off font-feature-clig-off font-feature-calt-off text-decoration-none text-strikethrough-none\">In-Depth Practice\u00a0<\/span><\/span><\/strong><\/p>\n<p style=\"text-align: center;\"><span style=\"color: #000000;\">10.30 bis 13.30 Uhr<\/span><\/p>\n<p style=\"text-align: center;\"><strong><span style=\"color: #000000;\">Was erwartet dich?<\/span><\/strong><\/p>\n<p style=\"text-align: center;\"><span style=\"color: #000000;\"><strong>\u2022 <\/strong>3 Stunden Spa\u00df am Milonga tanzen<strong><br \/>\n\u2022 <\/strong>Vertiefung der Inhalte aus Core Elements f\u00fcr T\u00e4nzerinnen und T\u00e4nzer mit Tanzerfahrung<br \/>\n<\/span><span style=\"color: #000000;\"><strong>\u2022 <\/strong>Tempowechsel in der Musik bewusst wahrnehmen und gestalten und damit spielen<br \/>\n<strong>\u2022 <\/strong>Varianten erweitern<br \/>\n<strong>\u2022 <\/strong>Varianten musikalisch einsetzen<br \/>\n<\/span><span style=\"color: #000000;\"><strong>\u2022 <\/strong>Tempo ohne zu Hetzen<br \/>\n<strong>\u2022 <\/strong>Wie entwickle\/gestalte ich Dynamik<br \/>\n<strong>\u2022 <\/strong>mehr Sicherheit, Pr\u00e4senz und Spielfreude<\/span><\/p>\n<p>&nbsp;<\/p>\n<p style=\"text-align: center;\"><span style=\"color: #ff0000;\"><strong>\u2022 \u2022 \u2022 \u2022 \u2022 \u2022 \u2022 \u2022 \u2022 \u2022<\/strong><\/span><\/p>\n<p>&nbsp;<\/p>\n<p style=\"text-align: center;\"><span style=\"color: #ff0000;\">Es w\u00e4re sch\u00f6n, wenn ihr eine Kleinigkeit f\u00fcr das Pausen-Mitbringbuffet mitbringt<\/span><\/p>\n<p style=\"text-align: center;\"><span style=\"color: #000000;\">Anmeldung<br \/>\n<strong>\u2022 <\/strong>Als Paar in eurer bevorzugten Tanzrolle<br \/>\n<strong>\u2022<\/strong> Als Doppelrollent\u00e4nzer*in\u00a0<\/span><\/p>\n<p style=\"text-align: center;\">Kosten: Pro Workshop pro Person<br \/>\nAnmeldung bis 24. 1. &#8211; 39\u20ac <span style=\"font-size: 10pt;\"> |<\/span> danach 42\u20ac<\/p>\n<p>&nbsp;<\/p>\n<p style=\"text-align: center;\"><span style=\"color: #ff0000;\"><strong>\u2022 \u2022 \u2022 \u2022 \u2022 \u2022 \u2022 \u2022 \u2022 \u2022<\/strong><\/span><\/p>\n<p>&nbsp;<\/p>\n<p>&nbsp;<\/p>\n<p style=\"text-align: center;\"><span style=\"color: #ffffff;\">.<\/span><\/p>\n<pre style=\"text-align: center;\"><a href=\"https:\/\/www.la-academia-tango.net\/cms\/kurs-workshop-anmeldung\/\" target=\"_blank\" rel=\"noopener\"><span style=\"color: #ffffff;\"><span style=\"color: #ad0536;\"><span style=\"color: #000000;\"><span style=\"font-size: 32px;\"><strong><span style=\"color: #ff0000;\">\u00bb Anmeldung\r\n<\/span><\/strong><\/span><span style=\"color: #333333;\"><span style=\"font-size: 18px;\">mit einem Klick hier oder per Mail an: info[at]la-academia-tango-dresden.de<\/span> <\/span><\/span><\/span><\/span><\/a><\/pre>\n<p>&nbsp;<\/p>\n<p>&nbsp;<\/p>\n<p>&nbsp;<\/p>\n<p>&nbsp;<\/p>\n<p style=\"text-align: center;\"><span style=\"color: #ffffff;\">.<\/span><\/p>\n<p style=\"text-align: center;\"><a href=\"https:\/\/www.la-academia-tango.net\/cms\/kalender\/\"><span style=\"color: #ff0000;\">\u00bb hier im Kalender findet ihr weitere Aktivit\u00e4ten von und mit La academia<\/span><\/a><\/p>\n<div class=\"line-red\" style=\"text-align: center;\"><\/div>\n<div><\/div>\n<div><\/div>\n<div style=\"text-align: center;\"><img loading=\"lazy\" decoding=\"async\" class=\"aligncenter size-large wp-image-9825\" src=\"https:\/\/www.la-academia-tango.net\/cms\/wp-content\/uploads\/TangoKurse-Flyer-1-1024x483.jpg\" alt=\"\" width=\"1024\" height=\"483\" srcset=\"https:\/\/www.la-academia-tango.net\/cms\/wp-content\/uploads\/TangoKurse-Flyer-1-1024x483.jpg 1024w, https:\/\/www.la-academia-tango.net\/cms\/wp-content\/uploads\/TangoKurse-Flyer-1-300x141.jpg 300w, https:\/\/www.la-academia-tango.net\/cms\/wp-content\/uploads\/TangoKurse-Flyer-1-768x362.jpg 768w, https:\/\/www.la-academia-tango.net\/cms\/wp-content\/uploads\/TangoKurse-Flyer-1-1536x724.jpg 1536w, https:\/\/www.la-academia-tango.net\/cms\/wp-content\/uploads\/TangoKurse-Flyer-1-370x174.jpg 370w, https:\/\/www.la-academia-tango.net\/cms\/wp-content\/uploads\/TangoKurse-Flyer-1-1040x490.jpg 1040w, https:\/\/www.la-academia-tango.net\/cms\/wp-content\/uploads\/TangoKurse-Flyer-1.jpg 2000w\" sizes=\"auto, (max-width: 1024px) 100vw, 1024px\" \/><\/div>\n<div style=\"text-align: center;\"><\/div>\n<div><\/div>\n<div><\/div>\n<div><\/div>\n<pre><span style=\"color: #ff0000;\"><a style=\"color: #ff0000;\" href=\"http:\/\/www.la-academia-tango.net\/cms\/newsletter-anmeldung\/\">\u00bb Wer vorzeitig per Mail \u00fcber Termine, Veranstaltungen... informiert werden m\u00f6chte, klickt bitte \u00a0hier<\/a><\/span><\/pre>\n<address>\u00a0<\/address>\n<p>&nbsp;<\/p>\n<pre><span style=\"color: #ff0000;\"><a style=\"color: #ff0000;\" href=\"https:\/\/www.la-academia-tango.net\/cms\/keinen-newsletter-mehr\/\">\u00bb Hier kannst du den Newsletter abbestellen<\/a><\/span><\/pre>\n<p style=\"text-align: center;\"><span style=\"color: #ffffff;\">.<\/span><span style=\"color: #ffffff;\">.<\/span><\/p>\n<p>&nbsp;<\/p>\n","protected":false},"excerpt":{"rendered":"<p>&nbsp; &nbsp; \u00bb Milonga &#8211; variantenreich in der Musik getanzt &nbsp; 7. Februar &#8211; In-Depth Practice\u00a0 &nbsp; &nbsp; Milonga polarisiert. F\u00fcr manche ist sie pure Freude, f\u00fcr andere der Moment f\u00fcr eine Pause. In diesem[&#8230;]<\/p>\n","protected":false},"author":2,"featured_media":0,"parent":0,"menu_order":0,"comment_status":"closed","ping_status":"closed","template":"","meta":{"footnotes":""},"class_list":["post-9717","page","type-page","status-publish","hentry"],"_links":{"self":[{"href":"http:\/\/www.la-academia-tango.net\/cms\/wp-json\/wp\/v2\/pages\/9717","targetHints":{"allow":["GET"]}}],"collection":[{"href":"http:\/\/www.la-academia-tango.net\/cms\/wp-json\/wp\/v2\/pages"}],"about":[{"href":"http:\/\/www.la-academia-tango.net\/cms\/wp-json\/wp\/v2\/types\/page"}],"author":[{"embeddable":true,"href":"http:\/\/www.la-academia-tango.net\/cms\/wp-json\/wp\/v2\/users\/2"}],"replies":[{"embeddable":true,"href":"http:\/\/www.la-academia-tango.net\/cms\/wp-json\/wp\/v2\/comments?post=9717"}],"version-history":[{"count":12,"href":"http:\/\/www.la-academia-tango.net\/cms\/wp-json\/wp\/v2\/pages\/9717\/revisions"}],"predecessor-version":[{"id":9826,"href":"http:\/\/www.la-academia-tango.net\/cms\/wp-json\/wp\/v2\/pages\/9717\/revisions\/9826"}],"wp:attachment":[{"href":"http:\/\/www.la-academia-tango.net\/cms\/wp-json\/wp\/v2\/media?parent=9717"}],"curies":[{"name":"wp","href":"https:\/\/api.w.org\/{rel}","templated":true}]}}