{"id":9508,"date":"2025-09-25T18:12:23","date_gmt":"2025-09-25T17:12:23","guid":{"rendered":"https:\/\/www.la-academia-tango.net\/cms\/?page_id=9508"},"modified":"2025-09-25T18:27:38","modified_gmt":"2025-09-25T17:27:38","slug":"privatstunden","status":"publish","type":"page","link":"http:\/\/www.la-academia-tango.net\/cms\/privatstunden\/","title":{"rendered":"Privatstunden"},"content":{"rendered":"<p style=\"text-align: center;\"><span style=\"font-size: 14pt; color: #ffffff;\">|<\/span><\/p>\n<p style=\"text-align: center;\"><strong><a href=\"https:\/\/www.la-academia-tango.net\/cms\/privatstunden\/\"><span style=\"font-size: 26px; color: #ff0000;\">\u00bb Einzelunterricht allein, zu zweit oder in\u00a0 Kleingruppe<\/span><\/a><\/strong><\/p>\n<p style=\"text-align: center;\">Du m\u00f6chtest dein eigenes individuelles Tanzthema bearbeiten, intensiver lernen, erg\u00e4nzen oder an deiner Tanztechnik intensiv arbeiten oder du findest nicht die passende Kurszeit \u2013 dann kann Einzelunterricht dich oder euch im Paar zeitlich individuell vorw\u00e4rts bringen. Auch als Kleingruppe k\u00f6nnt ihre individuelle Termine buchen.<\/p>\n<p>&nbsp;<\/p>\n<p><img loading=\"lazy\" decoding=\"async\" class=\"prozent aligncenter wp-image-9512 size-large\" src=\"https:\/\/www.la-academia-tango.net\/cms\/wp-content\/uploads\/Privatstunden-1024x483.jpg\" alt=\"\" width=\"1024\" height=\"483\" srcset=\"https:\/\/www.la-academia-tango.net\/cms\/wp-content\/uploads\/Privatstunden-1024x483.jpg 1024w, https:\/\/www.la-academia-tango.net\/cms\/wp-content\/uploads\/Privatstunden-300x141.jpg 300w, https:\/\/www.la-academia-tango.net\/cms\/wp-content\/uploads\/Privatstunden-768x362.jpg 768w, https:\/\/www.la-academia-tango.net\/cms\/wp-content\/uploads\/Privatstunden-1536x724.jpg 1536w, https:\/\/www.la-academia-tango.net\/cms\/wp-content\/uploads\/Privatstunden-370x174.jpg 370w, https:\/\/www.la-academia-tango.net\/cms\/wp-content\/uploads\/Privatstunden-1040x490.jpg 1040w, https:\/\/www.la-academia-tango.net\/cms\/wp-content\/uploads\/Privatstunden.jpg 2000w\" sizes=\"auto, (max-width: 1024px) 100vw, 1024px\" \/><\/p>\n<p style=\"text-align: center;\"><span style=\"font-size: 14pt; color: #ffffff;\">|<\/span><\/p>\n<p style=\"text-align: center;\"><span style=\"font-size: 14pt; color: #ffffff;\">|<\/span><\/p>\n<p style=\"text-align: center;\"><span style=\"font-size: 25px;\"><span style=\"color: #ff0000;\"><strong>.<\/strong><\/span><\/span><\/p>\n<p>&nbsp;<\/p>\n<p style=\"text-align: center;\"><a href=\"https:\/\/www.la-academia-tango.net\/cms\/gutschein\/\"><span style=\"font-size: 25px;\"><span style=\"color: #ff0000;\"><strong>\u00bb Gutscheine<\/strong><\/span><\/span><\/a><\/p>\n<p>&nbsp;<\/p>\n<p style=\"text-align: center;\">Verschenke Spa\u00df, Freude, Leidenschaft, magische Momente und magische Energie, Verf\u00fchrerisches, tiefes Erleben, Sch\u00f6nheit, Ver\u00e4nderung, Bewegung und noch so viel mehr Wohlf\u00fchlen f\u00fcr die Seele.<\/p>\n<p style=\"text-align: center;\">Verschenke einen Gutschein f\u00fcr dich selbst oder an liebe Freunde.<\/p>\n<p style=\"text-align: center;\">Melde dich bei uns \u2013 wir gestalten dir gern einen individuellen Gutschein<br \/>\nf\u00fcr eine Einzelstunde<br \/>\noder<br \/>\neinen Kurs<br \/>\noder<br \/>\nein Event<br \/>\noder\u2026oder\u2026oder<\/p>\n<p>&nbsp;<\/p>\n<p>&nbsp;<\/p>\n<p style=\"text-align: center;\"><span style=\"font-size: 14pt; color: #ffffff;\">|<\/span><\/p>\n<p>&nbsp;<\/p>\n<p style=\"text-align: center;\"><span style=\"color: #ffffff;\">..<\/span><\/p>\n<p>&nbsp;<\/p>\n<div class=\"line-red\"><\/div>\n<pre><span style=\"color: #ff0000;\"><a style=\"color: #ff0000;\" href=\"http:\/\/www.la-academia-tango.net\/cms\/newsletter-anmeldung\/\">\u00bb Wer vorzeitig per Mail \u00fcber Termine, Veranstaltungen... informiert werden m\u00f6chte, klickt bitte \u00a0hier<\/a><\/span><\/pre>\n<address>\u00a0<\/address>\n<p>&nbsp;<\/p>\n<pre><span style=\"color: #ff0000;\"><a style=\"color: #ff0000;\" href=\"https:\/\/www.la-academia-tango.net\/cms\/keinen-newsletter-mehr\/\">\u00bb Hier kannst du den Newsletter abbestellen<\/a><\/span><\/pre>\n<p style=\"text-align: center;\"><span style=\"color: #ffffff;\">.<\/span><\/p>\n<p>&nbsp;<\/p>\n","protected":false},"excerpt":{"rendered":"<p>| \u00bb Einzelunterricht allein, zu zweit oder in\u00a0 Kleingruppe Du m\u00f6chtest dein eigenes individuelles Tanzthema bearbeiten, intensiver lernen, erg\u00e4nzen oder an deiner Tanztechnik intensiv arbeiten oder du findest nicht die passende Kurszeit \u2013 dann kann[&#8230;]<\/p>\n","protected":false},"author":2,"featured_media":0,"parent":0,"menu_order":0,"comment_status":"closed","ping_status":"closed","template":"","meta":{"footnotes":""},"class_list":["post-9508","page","type-page","status-publish","hentry"],"_links":{"self":[{"href":"http:\/\/www.la-academia-tango.net\/cms\/wp-json\/wp\/v2\/pages\/9508","targetHints":{"allow":["GET"]}}],"collection":[{"href":"http:\/\/www.la-academia-tango.net\/cms\/wp-json\/wp\/v2\/pages"}],"about":[{"href":"http:\/\/www.la-academia-tango.net\/cms\/wp-json\/wp\/v2\/types\/page"}],"author":[{"embeddable":true,"href":"http:\/\/www.la-academia-tango.net\/cms\/wp-json\/wp\/v2\/users\/2"}],"replies":[{"embeddable":true,"href":"http:\/\/www.la-academia-tango.net\/cms\/wp-json\/wp\/v2\/comments?post=9508"}],"version-history":[{"count":9,"href":"http:\/\/www.la-academia-tango.net\/cms\/wp-json\/wp\/v2\/pages\/9508\/revisions"}],"predecessor-version":[{"id":9518,"href":"http:\/\/www.la-academia-tango.net\/cms\/wp-json\/wp\/v2\/pages\/9508\/revisions\/9518"}],"wp:attachment":[{"href":"http:\/\/www.la-academia-tango.net\/cms\/wp-json\/wp\/v2\/media?parent=9508"}],"curies":[{"name":"wp","href":"https:\/\/api.w.org\/{rel}","templated":true}]}}