{"id":9433,"date":"2025-08-07T16:08:29","date_gmt":"2025-08-07T15:08:29","guid":{"rendered":"https:\/\/www.la-academia-tango.net\/cms\/?page_id=9433"},"modified":"2025-12-18T13:25:15","modified_gmt":"2025-12-18T12:25:15","slug":"cuarteto-rotterdam","status":"publish","type":"page","link":"http:\/\/www.la-academia-tango.net\/cms\/cuarteto-rotterdam\/","title":{"rendered":"Cuarteto Rotterdam"},"content":{"rendered":"<p>&nbsp;<\/p>\n<p style=\"text-align: center;\"><span style=\"font-size: 14pt;\"><strong><span style=\"color: #ff0000;\"><span style=\"font-size: 30px;\">\u00bb Cuarteto Rotterdam Live zur Milonga<\/span><\/span><\/strong><\/span><a href=\"https:\/\/www.la-academia-tango.net\/cms\/loco-motivo-deutsch\/\"><span style=\"font-size: 14pt;\"><strong><span style=\"color: #ff0000;\"><span style=\"font-size: 30px;\"><br \/>\n<\/span><\/span><\/strong><\/span><\/a><\/p>\n<p style=\"text-align: center;\"><span style=\"font-size: 18px;\">Samstag, 13. Dezember <\/span><\/p>\n<p style=\"text-align: center;\"><span style=\"font-size: 18px;\">20 Uhr\u00a0<\/span><\/p>\n<p style=\"text-align: center;\"><span style=\"font-size: 18px;\">Das Cuarteto Rotterdam gilt <\/span><span style=\"font-size: 18px;\">als eines der besten europ\u00e4ischen Tango-Ensembles. Sie treten international auf, sind mehrfache Preistr\u00e4ger internationaler Wettbewerbe und haben vor einiger Zeit auch schon bei uns die Tangot\u00e4nzer*Innen begeistert.<br \/>\nIhre Musik ist wunderbar tanzbar, lebendig und kraftvoll. <\/span><\/p>\n<p style=\"text-align: center;\"><span style=\"font-size: 18px;\">Gegr\u00fcndet wurde das Quartett 2004 w\u00e4hrend des gemeinsamen Studiums in Rotterdam (Niederlande) an der<br \/>\nAcademy for Worldmusic (Studienrichtung \u201eTango\u201c) und nach dessen \u201eGeburtsort\u201c benannt. 2007 zog es sie<br \/>\nalle nach Deutschland und heute leben sie in Berlin, Stuttgart und Paris.<\/span><\/p>\n<p style=\"text-align: center;\"><span style=\"font-size: 18px;\">Die Besetzung:<\/span><\/p>\n<p style=\"text-align: center;\"><span style=\"font-size: 18px;\">Michael Dolak (Deutschland) \u2013 Bandone\u00f3n<br \/>\nSusanne Cordula Welsch (Deutschland) \u2013 Violine<br \/>\nJudy Ruks (Niederlande) \u2013 Piano<br \/>\nFacundo Le\u00f3nidas Di Pietro (Argentinien) \u2013 Kontrabass<\/span><\/p>\n<p style=\"text-align: center;\"><span style=\"font-size: 14px;\"><i>&#8230;<\/i><\/span><\/p>\n<p>&nbsp;<\/p>\n<p>&nbsp;<\/p>\n<p>&nbsp;<\/p>\n<p><img loading=\"lazy\" decoding=\"async\" class=\"aligncenter size-large wp-image-9434\" src=\"https:\/\/www.la-academia-tango.net\/cms\/wp-content\/uploads\/Cuarteto-Rotterdam-211mm-x-100mm-Flyergroesse-La-academia-1024x483.jpg\" alt=\"\" width=\"1024\" height=\"483\" \/><\/p>\n<p>&nbsp;<\/p>\n<p><span style=\"font-size: 8px; color: #999999;\">https:\/\/tinyurl.com\/27z4l3nr<\/span><\/p>\n<p style=\"text-align: center;\"><span style=\"color: #ffffff;\">.<\/span><\/p>\n<pre style=\"text-align: center;\"><a style=\"color: #ff0000;\" href=\"http:\/\/www.la-academia-tango.net\/cms\/newsletter-anmeldung\/\" target=\"_blank\" rel=\"noopener noreferrer\">\u00bb Newsletter abonnieren<\/a><\/pre>\n<pre style=\"text-align: center;\"><span style=\"color: #ff0000;\"><a style=\"color: #ff0000;\" href=\"https:\/\/www.la-academia-tango.net\/cms\/keinen-newsletter-mehr\/\" target=\"_blank\" rel=\"noopener noreferrer\">\u00bb Newsletter abbestellen - antworte auf die Mail und schreibe \"ich m\u00f6chte keine Infos mehr\" oder klicke hier<\/a>\r\n<\/span><\/pre>\n<p>&nbsp;<\/p>\n<p>&nbsp;<\/p>\n","protected":false},"excerpt":{"rendered":"<p>&nbsp; \u00bb Cuarteto Rotterdam Live zur Milonga Samstag, 13. Dezember 20 Uhr\u00a0 Das Cuarteto Rotterdam gilt als eines der besten europ\u00e4ischen Tango-Ensembles. Sie treten international auf, sind mehrfache Preistr\u00e4ger internationaler Wettbewerbe und haben vor einiger[&#8230;]<\/p>\n","protected":false},"author":2,"featured_media":0,"parent":0,"menu_order":0,"comment_status":"closed","ping_status":"closed","template":"","meta":{"footnotes":""},"class_list":["post-9433","page","type-page","status-publish","hentry"],"_links":{"self":[{"href":"http:\/\/www.la-academia-tango.net\/cms\/wp-json\/wp\/v2\/pages\/9433","targetHints":{"allow":["GET"]}}],"collection":[{"href":"http:\/\/www.la-academia-tango.net\/cms\/wp-json\/wp\/v2\/pages"}],"about":[{"href":"http:\/\/www.la-academia-tango.net\/cms\/wp-json\/wp\/v2\/types\/page"}],"author":[{"embeddable":true,"href":"http:\/\/www.la-academia-tango.net\/cms\/wp-json\/wp\/v2\/users\/2"}],"replies":[{"embeddable":true,"href":"http:\/\/www.la-academia-tango.net\/cms\/wp-json\/wp\/v2\/comments?post=9433"}],"version-history":[{"count":8,"href":"http:\/\/www.la-academia-tango.net\/cms\/wp-json\/wp\/v2\/pages\/9433\/revisions"}],"predecessor-version":[{"id":9654,"href":"http:\/\/www.la-academia-tango.net\/cms\/wp-json\/wp\/v2\/pages\/9433\/revisions\/9654"}],"wp:attachment":[{"href":"http:\/\/www.la-academia-tango.net\/cms\/wp-json\/wp\/v2\/media?parent=9433"}],"curies":[{"name":"wp","href":"https:\/\/api.w.org\/{rel}","templated":true}]}}