{"id":9189,"date":"2025-05-01T07:15:19","date_gmt":"2025-05-01T06:15:19","guid":{"rendered":"https:\/\/www.la-academia-tango.net\/cms\/?page_id=9189"},"modified":"2025-09-06T07:25:53","modified_gmt":"2025-09-06T06:25:53","slug":"tango-meeting-deutsch","status":"publish","type":"page","link":"http:\/\/www.la-academia-tango.net\/cms\/tango-meeting-deutsch\/","title":{"rendered":"Tango Meeting Deutsch"},"content":{"rendered":"<p style=\"text-align: center;\"><a href=\"https:\/\/www.la-academia-tango.net\/cms\/tango-meeting-deutsch\/\"><img loading=\"lazy\" decoding=\"async\" class=\"aligncenter wp-image-2300 size-full\" src=\"https:\/\/www.la-academia-tango.net\/cms\/wp-content\/uploads\/IRON-TANGO-GERMAN-VERSION.jpg\" alt=\"\" width=\"41\" height=\"24\" \/><\/a> \u00a0\u00bb Deutsch<\/p>\n<p style=\"text-align: center;\"><a href=\"https:\/\/www.la-academia-tango.net\/cms\/summer-tango-meeting\/\"><span style=\"font-size: 14pt;\"><strong><span style=\"color: #ff0000;\"><span style=\"font-size: 30px;\">\u00bb Summer Tango Meeting<\/span><\/span><\/strong><\/span><\/a><a href=\"https:\/\/www.la-academia-tango.net\/cms\/loco-motivo-deutsch\/\"><span style=\"font-size: 14pt;\"><strong><span style=\"color: #ff0000;\"><span style=\"font-size: 30px;\"><br \/>\n<\/span><\/span><\/strong><\/span><\/a><a href=\"https:\/\/www.la-academia-tango.net\/cms\/loco-motivo-tango-meeting\/\"><span style=\"font-size: 14pt;\"><strong><span style=\"color: #ff0000;\"><br \/>\n<\/span><\/strong><\/span><\/a><\/p>\n<p style=\"text-align: center;\"><span style=\"font-size: 18px;\">in La academia Dresden<\/span><\/p>\n<p style=\"text-align: center;\"><span style=\"font-size: 20px;\"><strong><span style=\"color: #ff0000;\">Die Milongas sind offen ohne Anmeldung<\/span><\/strong><\/span><\/p>\n<p>&nbsp;<\/p>\n<p>&nbsp;<\/p>\n<p style=\"text-align: center;\"><strong><span style=\"font-size: 18px; color: #ff0000;\">Intensives Lernen\u00a0 \u00a0 \u00a0&amp;\u00a0 \u00a0 Tanzen\u00a0<\/span><\/strong><\/p>\n<p style=\"text-align: center;\"><strong><span style=\"font-size: 18px; color: #ff0000;\">Workshops &amp; Seminare mit Maria Filali &amp; Sigrid van Tilbeurgh<\/span><\/strong><\/p>\n<p style=\"text-align: center;\"><span style=\"font-size: 18px;\"><span style=\"font-size: 14px;\">\u00a0<\/span>28. <span style=\"font-size: 14px;\">| <span style=\"font-size: 18px;\">29.<\/span>|\u00a0<\/span> 30. <span style=\"font-size: 14px;\">| <\/span> 31. August 2025<br \/>\nin La academia Dresden<\/span><\/p>\n<p>&nbsp;<\/p>\n<p style=\"text-align: center;\"><span style=\"font-size: 18px; color: #ffffff;\"><span style=\"font-size: 14px;\">|<\/span><\/span><\/p>\n<p style=\"text-align: center;\"><span style=\"font-size: 18px; color: #ffffff;\"><span style=\"font-size: 14px;\">|<\/span><\/span><\/p>\n<pre style=\"text-align: center;\"><span style=\"font-family: 'comic sans ms', sans-serif; font-size: 27px; color: #ff0000;\">Was erwartet euch?<\/span><\/pre>\n<p style=\"text-align: center;\"><span style=\"font-size: 14pt; color: #ffffff;\">|<\/span><\/p>\n<p style=\"text-align: center;\">\u00a0Gemeinsam <strong><span style=\"color: #ff0000; font-size: 20px;\">tanzen &amp; lernen<\/span><\/strong> auf dem Dreiseithof von Carsta &amp; Alex &#8211; La academia<br \/>\n&amp; <strong><span style=\"color: #ff0000; font-size: 20px;\">Workshop + Seminar<\/span><\/strong> mit<br \/>\n<strong><span style=\"font-size: 20px;\"><span style=\"color: #ff0000;\">DANCE DUO &#8222;ENTRE-DOS&#8220; Maria Filali &amp; Sigrid van Tilbeurgh<\/span><\/span><\/strong>,<\/p>\n<p style=\"text-align: center;\"><span style=\"font-size: 18px; color: #ffffff;\"><span style=\"font-size: 14px;\">| <\/span><\/span><\/p>\n<p style=\"text-align: center;\">Bei sch\u00f6nem Wetter tanzen wir auf unserer gro\u00dfz\u00fcgigen Au\u00dfentanzfl\u00e4che, umgeben von Natur und Vogelgezwitscher (bis 22 Uhr).<\/p>\n<p style=\"text-align: center;\">Wer mag, kann zwischendurch im Garten entspannen und einfach mal die Seele baumeln lassen.<\/p>\n<p style=\"text-align: center;\">In den Pausen und am Nachmittag bis zur abendlichen Milonga ist Raum f\u00fcr eure Tanz-\u00dcbungs-Zeit \u2013 ihr k\u00f6nnt tanzen, \u00fcben und das Gelernte vertiefen.<\/p>\n<p style=\"text-align: center;\">Am Abend laden wir euch ein zu stimmungsvollen Milongas am Donnerstag, Freitag und Samstag.<\/p>\n<p style=\"text-align: center;\">Den Ausklang feiern wir am Sonntag mit einer gem\u00fctlichen Caf\u00e9-Milonga.<\/p>\n<p style=\"text-align: center;\">F\u00fcr die passende Atmosph\u00e4re zu den Milongas sorgt die feine Musikauswahl der DJs<\/p>\n<p style=\"text-align: center;\">Wir tanzen <span style=\"color: #ff0000;\">sozial<\/span> + wir tanzen <span style=\"color: #ff0000;\">achtsam<\/span> + wir tanzen in einer gepflegten <span style=\"color: #ff0000;\">Ronda<\/span><\/p>\n<p style=\"text-align: center;\"><span style=\"font-size: 18px; color: #ffffff;\"><span style=\"font-size: 14px;\">|<\/span><\/span><\/p>\n<pre style=\"text-align: center;\"><span style=\"font-family: 'comic sans ms', sans-serif; font-size: 27px;\"><span style=\"color: #ff0000;\">Workshops  &amp; Seminar - Themen\r\n<\/span><\/span>\r\n<\/pre>\n<p style=\"text-align: center;\"><span style=\"color: #ff0000;\"><span style=\"font-size: 20px;\"><b>Donnerstag Workshop<\/b><\/span><\/span><\/p>\n<p style=\"text-align: center;\">Dieser Workshop kann extra gebucht werden.<\/p>\n<p style=\"text-align: center;\"><strong><span style=\"color: #ff0000;\">&#8222;The body is music&#8220; Imagination and Emotion<\/span><\/strong><\/p>\n<p style=\"text-align: center;\">Emotionen sind in die DNA des Tangos eingewoben, und wenn man sich auf sie einl\u00e4sst, kann man in den Tanz eintauchen, ohne Angst zu haben, \u00fcberw\u00e4ltigt zu werden. Die Vorstellungskraft wird zu einem magischen Tor zum pers\u00f6nlichen Ausdruck, das neue Tiefen in der Bewegung freisetzt. Wir erforschen, wie Emotion und Vorstellungskraft deinen Tanz ver\u00e4ndern und den K\u00f6rper in ein wahres Musikinstrument verwandeln, das mit dem Rhythmus flie\u00dft und das Herz der Musik zum Ausdruck bringt.<\/p>\n<p style=\"text-align: center;\">anschlie\u00dfend Milonga<\/p>\n<p style=\"text-align: center;\"><span style=\"font-size: 18px; color: #ffffff;\"><span style=\"font-size: 14px;\">|<\/span><\/span><\/p>\n<p style=\"text-align: center;\"><span style=\"font-size: 18px; color: #ffffff;\"><span style=\"font-size: 14px;\">|<\/span><\/span><\/p>\n<p style=\"text-align: center;\"><strong><span style=\"font-size: 20px; color: #ff0000;\">Seminar am Freitag | Samstag | Sonntag\u00a0 <\/span><\/strong><\/p>\n<p style=\"text-align: center;\"><strong><span style=\"color: #ff0000;\">The MARVELOUS: Perception, Sensory Communication an Interpretation<\/span><\/strong><\/p>\n<p style=\"text-align: center;\">10 Stunden\u00a0 intensiver freudvoller Unterricht mit Maria &amp; Sigrid<\/p>\n<p style=\"text-align: center;\">Ziel des Seminars ist es, unseren Tanz sensibler und ausdrucksst\u00e4rker gestalten zu k\u00f6nnen.<br \/>\nEin hohes Niveau an sensorischer Kommunikation zu entwickeln steht im Mittelpunkt.<br \/>\nKommunikation hei\u00dft sowohl wahrnehmen als auch interpretieren.<br \/>\nWir werden uns intensiv mit verschiedenen Ebenen der Wahrnehmung und des Zuh\u00f6rens besch\u00e4ftigen.<br \/>\nH\u00f6ren ist eine Sache, sich auszudr\u00fccken eine andere.<br \/>\nNachdem wir gelernt haben zuzuh\u00f6ren, werden wir herausfinden, wie wir uns durch Interpretation ausdr\u00fccken k\u00f6nnen. Was wir wahrnehmen und was in uns pulsiert, wird nicht l\u00e4nger stumm bleiben.<br \/>\nWir erforschen die Besonderheiten der Kommunikation in jeder der beiden Rollen, die Modi der Verst\u00e4ndigung zwischen den Partnern, und die M\u00f6glichkeiten , die Musik zu interpretieren.<\/p>\n<p style=\"text-align: center;\">Mit der neuen Art des Dialogs werden wir entdecken, wie sich unsere Sinne f\u00fcr viele Subtilit\u00e4ten dieses Tanzes \u00f6ffnen und sich unser Tanz freudvoll ver\u00e4ndern wird.<br \/>\nDieses Seminar ist eine wunderbare Reise in das Herz unserer Sinne, die uns helfen,\u00a0zu fliegen. Nie wieder werden wir taub und stumm sein<\/p>\n<p style=\"text-align: center;\"><span style=\"font-size: 18px; color: #ffffff;\"><span style=\"font-size: 14px;\">|<\/span><\/span><\/p>\n<p style=\"text-align: center;\"><span style=\"font-size: 18px; color: #ffffff;\"><span style=\"font-size: 14px;\">|<\/span><\/span><\/p>\n<p style=\"text-align: center;\"><span style=\"font-size: 18px; color: #ffffff;\"><span style=\"font-size: 14px;\">|<\/span><\/span><\/p>\n<p style=\"text-align: center;\"><span style=\"font-size: 18px; color: #ffffff;\"><span style=\"font-size: 14px;\">|\u00a0<\/span><\/span><\/p>\n<pre style=\"text-align: center;\"><span style=\"font-family: 'comic sans ms', sans-serif; font-size: 27px; color: #ff0000;\">Wie sehen die Buchungspakete aus?<\/span><\/pre>\n<p>&nbsp;<\/p>\n<p>&nbsp;<\/p>\n<p style=\"text-align: center;\">Der Workshop am Donnerstag kann einzeln \/ extra gebucht werden<\/p>\n<p style=\"text-align: center;\">Das Wochenende Freitag + Samstag + Sonntag gibt es als Paket.<\/p>\n<p style=\"text-align: center;\">Seminar und Workshop\u00a0 sind teilnehmerbegrenzt.<\/p>\n<p style=\"text-align: center;\">Die Milongas k\u00f6nnen zus\u00e4tzlich extra gebucht werden.<\/p>\n<p style=\"text-align: center;\"><span style=\"font-size: 18px; color: #ffffff;\"><span style=\"font-size: 14px;\">|\u00a0<\/span><\/span><\/p>\n<p>&nbsp;<\/p>\n<pre style=\"text-align: center;\"><span style=\"font-family: 'comic sans ms', sans-serif; font-size: 27px; color: #ff0000;\">Wie sind die Anmeldevarianten?<\/span><\/pre>\n<p>&nbsp;<\/p>\n<p style=\"text-align: center;\">F\u00fcr das Seminar wird eine gerade Zahl ben\u00f6tigt, das hei\u00dft, Einzelanmeldungen als F\u00fchrende, Folgende oder Doppelrollent\u00e4nzer kommen zun\u00e4chst auf die Warteliste.<\/p>\n<p style=\"text-align: center;\">Bei Anmeldung\u00a0 als Paar besteht keine Warteliste<\/p>\n<p style=\"text-align: center;\"><span style=\"font-size: 18px; color: #ffffff;\"><span style=\"font-size: 14px;\">|\u00a0<\/span><\/span><\/p>\n<p>&nbsp;<\/p>\n<pre style=\"text-align: center;\"><span style=\"font-family: 'comic sans ms', sans-serif; font-size: 27px; color: #ff0000;\">Verpflegung?<\/span><\/pre>\n<p>&nbsp;<\/p>\n<p>&nbsp;<\/p>\n<p style=\"text-align: center;\">W\u00e4hrend der Veranstaltung stehen Filterkaffee und Wasser kostenlos f\u00fcr dich bereit.<\/p>\n<p style=\"text-align: center;\">Wenn ihr m\u00f6gt, k\u00f6nnen wir gemeinsam fr\u00fchst\u00fccken und essen. Jeder bringt einfach etwas mit \u2013 so entsteht ganz unkompliziert ein buntes Buffet. Eure Eink\u00e4ufe k\u00f6nnt ihr gerne im K\u00fchlschrank lagern. Einkaufsm\u00f6glichkeiten gibt es im unmittelbaren Umkreis.<\/p>\n<p style=\"text-align: center;\">Wer sich lieber bekochen lassen m\u00f6chte: Im Umkreis gibt es mindestens drei fu\u00dfl\u00e4ufig erreichbare Restaurants \u2013 mit deutscher, griechischer oder t\u00fcrkischer K\u00fcche.<\/p>\n<p style=\"text-align: center;\"><span style=\"font-size: 18px; color: #ffffff;\"><span style=\"font-size: 14px;\">|\u00a0<\/span><\/span><\/p>\n<p>&nbsp;<\/p>\n<pre style=\"text-align: center;\"><span style=\"font-family: 'comic sans ms', sans-serif; font-size: 27px; color: #ff0000;\">\u00dcbernachtung?<\/span><\/pre>\n<p>&nbsp;<\/p>\n<p class=\"\" style=\"text-align: center;\" data-start=\"230\" data-end=\"424\">\u00a0<span style=\"color: #000000;\">im eigenen Zelt\u00a0<span style=\"color: #808080; font-size: 10pt;\">\u00a0<\/span><\/span><br \/>\n<span style=\"color: #000000;\">oder<\/span><br \/>\n<span style=\"color: #000000;\">Schlafsaal auf eigener Isomatte und Schlafsack<br \/>\n<\/span><span style=\"color: #ff0000;\"><span style=\"color: #000000;\">oder<br \/>\n<\/span><\/span><span style=\"color: #ff0000;\"><span style=\"color: #000000;\">im eigenen Wohnmobil<\/span><\/span><\/p>\n<p style=\"text-align: center;\">Die Pl\u00e4tze im Schlafsaal und Garten f\u00fcr Womos und Zelte sind begrenzt und werden bevorzugt an Teilnehmer*Innen am Seminar bzw <strong>bei Buchung f\u00fcr das gesamte Wochenende<\/strong>\u00a0 vergeben<br \/>\n<span style=\"color: #000000;\"><br \/>\nSelbstorganisation in umliegenden FeWos \/ Hotels<\/span><\/p>\n<p style=\"color: #ff0000; text-align: center;\"><span style=\"color: #00ffff;\"><br \/>\n<a href=\"https:\/\/www.la-academia-tango.net\/cms\/uebernachtung\/\" target=\"_blank\" rel=\"noopener\"><span style=\"color: #0000ff;\">\u00bb Liste der umliegenden Hotels-Pensionen-Ferienwohnungen<\/span><\/a><\/span><\/p>\n<p style=\"text-align: center;\">\n<p>&nbsp;<\/p>\n<pre style=\"text-align: center;\"><span style=\"font-family: 'comic sans ms', sans-serif; font-size: 27px; color: #ff0000;\"> Welcher Zeitplan?<\/span> \r\n\r\n<\/pre>\n<p>&nbsp;<\/p>\n<p style=\"text-align: center;\"><span style=\"font-size: 16px;\"><span style=\"color: #ff0000; font-size: 19px;\"><strong>Workshop am Donnerstag\u00a0<\/strong><\/span><br \/>\n19.00 &#8211; 21.00 Uhr<br \/>\nkann extra gebucht werden neben dem Seminar<br \/>\n21.30 &#8211; 0.30 Uhr Milonga<\/span><\/p>\n<p>&nbsp;<\/p>\n<p style=\"text-align: center;\"><strong><span style=\"font-size: 19px;\"><span style=\"color: #ff0000;\">Wochenend &#8211; Paket<\/span><\/span><\/strong><\/p>\n<p style=\"text-align: center;\"><span style=\"font-size: 16px;\"><span style=\"color: #ff0000;\">Freitag<\/span><br \/>\n<\/span><\/p>\n<p style=\"text-align: center;\"><span style=\"font-size: 16px;\">19 &#8211; 21 Uhr Seminar<br \/>\n21.30 &#8211; 1.00 Uhr Milonga\u00a0<\/span><\/p>\n<p style=\"text-align: center;\"><span style=\"font-size: 16px; color: #ff0000;\">Samstag<\/span><\/p>\n<p style=\"text-align: center;\"><span style=\"font-size: 16px;\">9.30 &#8211; 10.30 Uhr Fr\u00fchst\u00fcck wer mag (Mitbringbuffet)<br \/>\n11.00 &#8211; 13.00 Uhr Seminar<br \/>\n14.30 &#8211; 16.30 Uhr\u00a0 Seminar<br \/>\nin den Pausen Musik zur \u00dcbungs-Praktika<br \/>\ngern auch mit einem Nachmittags-Mitbring-Buffet f\u00fcr die Pausen<br \/>\n19.00 &#8211; 20.30 Uhr gemeinsam Abendessen wer mag (Mitbringbuffet)<br \/>\n20.30 &#8211; 1.00 Uhr Abendmilonga\u00a0\u00a0<\/span><\/p>\n<p style=\"text-align: center;\"><span style=\"font-size: 16px;\"><span style=\"color: #ff0000;\">Sonntag<\/span><br \/>\n<\/span><\/p>\n<p style=\"text-align: center;\"><span style=\"font-size: 16px;\">9.30 &#8211; 10.30 Uhr Fr\u00fchst\u00fcck wer mag (Mitbringbuffet)<br \/>\n11.00 &#8211; 13.00 Uhr Seminar<br \/>\n14.30 &#8211; 16.30 Uhr\u00a0 Seminar<br \/>\nin den Pausen Musik zur \u00dcbungs-Praktika<br \/>\ngern auch mit Mitbring-Buffet f\u00fcr die Pausen am Nachmittag und Abend<br \/>\n18.00 &#8211; 21.00 Uhr Milonga\u00a0<\/span><\/p>\n<p style=\"text-align: center;\"><span style=\"font-size: 16px;\">| <\/span><\/p>\n<p style=\"text-align: center;\"><span style=\"font-size: 18px; color: #ffffff;\"><span style=\"font-size: 14px;\">|\u00a0<\/span><\/span><\/p>\n<p>&nbsp;<\/p>\n<pre style=\"text-align: center;\"><span style=\"font-family: 'comic sans ms', sans-serif; font-size: 27px; color: #ff0000;\">Wer Sigrid &amp; Maria noch nicht kennt...<\/span> \r\n\r\n<\/pre>\n<p>&nbsp;<\/p>\n<p style=\"text-align: center;\"><span style=\"color: #808080;\"><a style=\"color: #808080;\" href=\"https:\/\/youtu.be\/99v0xDtCG50\" target=\"_blank\" rel=\"noopener nofollow\">\u00bb Video You tube<\/a>\u00a0 <\/span><\/p>\n<p style=\"text-align: center;\"><span style=\"color: #808080;\"><a style=\"color: #808080;\" href=\"https:\/\/youtu.be\/YYMN2aI1xxw\" target=\"_blank\" rel=\"noopener nofollow\">\u00bb Video You tube<\/a>\u00a0 <\/span><\/p>\n<p style=\"text-align: center;\"><span style=\"color: #808080;\"><a style=\"color: #808080;\" href=\"https:\/\/www.google.de\/search?sca_esv=e05ade750ba4d55d&amp;sxsrf=AHTn8zrC7NNzFdbJxBkLJDkhWo5viNe6Zg:1746896670646&amp;q=Entre+dos+Siegrid+und+Maria&amp;udm=7&amp;fbs=ABzOT_DDfJxgmsKFIwrWKcoyw2Rf7ED7CYyDAoRz3agYVnoe8UVw8adpCRzSzq6xx654mB8SrwXfVVO-7Tv6OBhK4S8C3f-Zbgt3_KWeEqX-sQ3aLZMan22wfBxYMNBCHLA1OzOdZuvwG_k-JUhE0CWN2O4ROeB4LDFQK1drjNSe7olNeQTOWjpw7_nwL0EcQfd2LoKLr493&amp;sa=X&amp;ved=2ahUKEwikp42csZmNAxUv7AIHHQcVFl8QtKgLegQIHBAB&amp;biw=1528&amp;bih=990&amp;dpr=1.25#fpstate=ive&amp;vld=cid:e2d6ab2c,vid:M9ttthnfE9A,st:0\" target=\"_blank\" rel=\"noopener nofollow\">\u00bb Video You tube<\/a>\u00a0 <\/span><\/p>\n<p style=\"text-align: center;\"><span style=\"color: #808080;\"><a style=\"color: #808080;\" href=\"https:\/\/www.google.de\/search?sca_esv=c37ae9ef215b3b56&amp;sxsrf=AHTn8zpHcZQrRHu60b6tZuVeyh8i7vipJA:1746898527490&amp;q=entre+dos+siegrid+und+maria&amp;udm=7&amp;fbs=ABzOT_DDfJxgmsKFIwrWKcoyw2Rf7ED7CYyDAoRz3agYVnoe8UVw8adpCRzSzq6xx654mB8SrwXfVVO-7Tv6OBhK4S8C3f-Zbgt3_KWeEqX-sQ3aLZMan22wfBxYMNBCHLA1OzOdZuvwG_k-JUhE0CWN2O4ROeB4LDFQK1drjNSe7olNeQTOWjpw7_nwL0EcQfd2LoKLr493&amp;sa=X&amp;ved=2ahUKEwjhhcKRuJmNAxUq7AIHHYaiHqMQtKgLegQIFxAB&amp;biw=1528&amp;bih=990&amp;dpr=1.25#fpstate=ive&amp;vld=cid:736373db,vid:hVkVxTMUhgY,st:0\" target=\"_blank\" rel=\"noopener nofollow\">\u00bb Video You tube<\/a>\u00a0<\/span><\/p>\n<p style=\"text-align: center;\"><span style=\"color: #808080;\"><a style=\"color: #808080;\" href=\"https:\/\/www.facebook.com\/entredosduotango\/videos\/710221640944006\" target=\"_blank\" rel=\"noopener nofollow\"> \u00bb Video You tube\u00a0 <\/a><\/span><\/p>\n<p style=\"text-align: center;\"><span style=\"color: #808080;\">\u00bb\u00a0 \u00a0<\/span><span style=\"color: #808080;\">\u00bb\u00a0<\/span><\/p>\n<p>&nbsp;<\/p>\n<p>&nbsp;<\/p>\n<p>&nbsp;<\/p>\n<p>&nbsp;<\/p>\n<p>&nbsp;<\/p>\n<p>&nbsp;<\/p>\n<p>&nbsp;<\/p>\n<p><a href=\"https:\/\/www.la-academia-tango.net\/cms\/wp-content\/uploads\/Flyer-Sigrid-Maria-1.jpg\"><img loading=\"lazy\" decoding=\"async\" class=\"prozent aligncenter wp-image-9280 size-full\" src=\"https:\/\/www.la-academia-tango.net\/cms\/wp-content\/uploads\/Flyer-Sigrid-Maria-1.jpg\" alt=\"\" width=\"2000\" height=\"943\" \/><\/a><\/p>\n<p>&nbsp;<\/p>\n<p>&nbsp;<\/p>\n<p>&nbsp;<\/p>\n<p>&nbsp;<\/p>\n<p>&nbsp;<\/p>\n<p>&nbsp;<\/p>\n<p>\u00bb<br \/>\n<span style=\"font-size: 6px; color: #808080;\">https:\/\/tinyurl.com\/2al9fez8<\/span><\/p>\n<p>&nbsp;<\/p>\n<pre style=\"text-align: center;\"><a style=\"color: #ff0000;\" href=\"http:\/\/www.la-academia-tango.net\/cms\/newsletter-anmeldung\/\" target=\"_blank\" rel=\"noopener noreferrer\">\u00bb Newsletter abonnieren<\/a><\/pre>\n<pre style=\"text-align: center;\"><span style=\"color: #ff0000;\"><a style=\"color: #ff0000;\" href=\"https:\/\/www.la-academia-tango.net\/cms\/keinen-newsletter-mehr\/\" target=\"_blank\" rel=\"noopener noreferrer\">\u00bb Newsletter abbestellen - antworte auf die Mail und schreibe \"ich m\u00f6chte keine Infos mehr\" oder klicke hier<\/a>\r\n<\/span><\/pre>\n<p>&nbsp;<\/p>\n<p>&nbsp;<\/p>\n","protected":false},"excerpt":{"rendered":"<p>\u00a0\u00bb Deutsch \u00bb Summer Tango Meeting in La academia Dresden Die Milongas sind offen ohne Anmeldung &nbsp; &nbsp; Intensives Lernen\u00a0 \u00a0 \u00a0&amp;\u00a0 \u00a0 Tanzen\u00a0 Workshops &amp; Seminare mit Maria Filali &amp; Sigrid van Tilbeurgh \u00a028.[&#8230;]<\/p>\n","protected":false},"author":2,"featured_media":0,"parent":0,"menu_order":0,"comment_status":"closed","ping_status":"closed","template":"","meta":{"footnotes":""},"class_list":["post-9189","page","type-page","status-publish","hentry"],"_links":{"self":[{"href":"http:\/\/www.la-academia-tango.net\/cms\/wp-json\/wp\/v2\/pages\/9189","targetHints":{"allow":["GET"]}}],"collection":[{"href":"http:\/\/www.la-academia-tango.net\/cms\/wp-json\/wp\/v2\/pages"}],"about":[{"href":"http:\/\/www.la-academia-tango.net\/cms\/wp-json\/wp\/v2\/types\/page"}],"author":[{"embeddable":true,"href":"http:\/\/www.la-academia-tango.net\/cms\/wp-json\/wp\/v2\/users\/2"}],"replies":[{"embeddable":true,"href":"http:\/\/www.la-academia-tango.net\/cms\/wp-json\/wp\/v2\/comments?post=9189"}],"version-history":[{"count":32,"href":"http:\/\/www.la-academia-tango.net\/cms\/wp-json\/wp\/v2\/pages\/9189\/revisions"}],"predecessor-version":[{"id":9485,"href":"http:\/\/www.la-academia-tango.net\/cms\/wp-json\/wp\/v2\/pages\/9189\/revisions\/9485"}],"wp:attachment":[{"href":"http:\/\/www.la-academia-tango.net\/cms\/wp-json\/wp\/v2\/media?parent=9189"}],"curies":[{"name":"wp","href":"https:\/\/api.w.org\/{rel}","templated":true}]}}