{"id":3782,"date":"2018-01-06T22:48:03","date_gmt":"2018-01-06T21:48:03","guid":{"rendered":"http:\/\/www.la-academia-tango.net\/cms\/?page_id=3782"},"modified":"2026-01-20T17:27:58","modified_gmt":"2026-01-20T16:27:58","slug":"live-mit-gervasio-manuel-ledesma","status":"publish","type":"page","link":"http:\/\/www.la-academia-tango.net\/cms\/live-mit-gervasio-manuel-ledesma\/","title":{"rendered":"Gervasio Manuel Ledesma LIVE"},"content":{"rendered":"<p style=\"text-align: center;\"><span style=\"color: #ff0000;\"><strong><span style=\"font-size: 24pt;\">Gervasio Manuel Ledesma<\/span><\/strong><\/span><\/p>\n<p style=\"text-align: center;\"><span style=\"color: #ff0000;\"><strong><span style=\"font-size: 24pt;\">LIVE <\/span><\/strong><\/span><\/p>\n<p style=\"text-align: center;\"><span style=\"color: #ff0000;\"><strong><span style=\"font-size: 24pt;\">zur Geburtstags &#8211; Milonga <\/span><\/strong><\/span><\/p>\n<p style=\"text-align: center;\"><span style=\"color: #ff0000;\"><strong><span style=\"font-size: 24pt;\">20 Jahre La academia<\/span><\/strong><\/span><\/p>\n<p>&nbsp;<\/p>\n<p style=\"text-align: center;\"><span style=\"font-size: 18pt;\">Samstag, 7. November<\/span><\/p>\n<p>&nbsp;<\/p>\n<p>&nbsp;<\/p>\n<p>&nbsp;<\/p>\n<p style=\"text-align: left;\"><span style=\"color: #ffffff;\">.<\/span><\/p>\n<p style=\"text-align: left;\"><span style=\"color: #ffffff;\">.<\/span><\/p>\n<p style=\"text-align: center;\"><strong>Gervasio Manuel Ledesma<\/strong> ist vielen bekannt als <strong>Gr\u00fcndungsmitglied des Sexteto Milonguero<\/strong>.<br \/>\nEs ist schon eine Weile her als er bei uns gespielt hat &#8211; wer sich erinnert, ist es unglaublich wie ein einziger Musiker spielt, als w\u00e4re ein ganzes Orchester auf der B\u00fchne.<\/p>\n<p style=\"text-align: center;\">\u00a0 Mit ausgew\u00e4hlten Tagos, Milongas und argentinischer Folklore entf\u00fchrt er uns in die facettenreiche Klangwelt seiner Heimat und besticht durch Klarheit, Virtuosit\u00e4t und sensible Arrangements.<br \/>\nTangoklassiker wie \u201eNunca tuvo novio\u201c, \u201eRecuerdo\u201c oder \u201eGar\u00faa\u201c interpretiert er ebenso kontrastreich wie die Milongas \u201eTaquito Militar\u201c, \u201eLa Punalada\u201c und \u201eCampo afrera\u201c, deren rhythmisch-perkussivem Anschlag man sich kaum zu entziehen vermag.<br \/>\nDabei bleibt er den \u00fcberaus <strong>tanzbaren Arragements<\/strong> treu, ohne jemals plakativ zu werden. Eine Hommage an die Musik des Rio de la Plata &#8211; zum H\u00f6ren und nat\u00fcrlich garantiert\u00a0 <strong>zum Tanzen!<\/strong><\/p>\n<p style=\"text-align: left;\"><span style=\"color: #ffffff;\">.<\/span><\/p>\n<p>&nbsp;<\/p>\n<p><img loading=\"lazy\" decoding=\"async\" class=\"aligncenter size-large wp-image-9652\" src=\"https:\/\/www.la-academia-tango.net\/cms\/wp-content\/uploads\/Gervasio-Ledesma-1024x483.jpg\" alt=\"\" width=\"1024\" height=\"483\" srcset=\"https:\/\/www.la-academia-tango.net\/cms\/wp-content\/uploads\/Gervasio-Ledesma-1024x483.jpg 1024w, https:\/\/www.la-academia-tango.net\/cms\/wp-content\/uploads\/Gervasio-Ledesma-300x141.jpg 300w, https:\/\/www.la-academia-tango.net\/cms\/wp-content\/uploads\/Gervasio-Ledesma-768x362.jpg 768w, https:\/\/www.la-academia-tango.net\/cms\/wp-content\/uploads\/Gervasio-Ledesma-1536x724.jpg 1536w, https:\/\/www.la-academia-tango.net\/cms\/wp-content\/uploads\/Gervasio-Ledesma-370x174.jpg 370w, https:\/\/www.la-academia-tango.net\/cms\/wp-content\/uploads\/Gervasio-Ledesma-1040x490.jpg 1040w, https:\/\/www.la-academia-tango.net\/cms\/wp-content\/uploads\/Gervasio-Ledesma.jpg 2000w\" sizes=\"auto, (max-width: 1024px) 100vw, 1024px\" \/><\/p>\n<p>&nbsp;<\/p>\n<p>&nbsp;<\/p>\n<p style=\"text-align: center;\"><span style=\"color: #ffffff;\">.<\/span><\/p>\n<pre style=\"text-align: center;\"><a style=\"color: #ff0000;\" href=\"http:\/\/www.la-academia-tango.net\/cms\/newsletter-anmeldung\/\" target=\"_blank\" rel=\"noopener noreferrer\">\u00bb Newsletter abonnieren<\/a><\/pre>\n<pre style=\"text-align: center;\"><span style=\"color: #ff0000;\"><a style=\"color: #ff0000;\" href=\"https:\/\/www.la-academia-tango.net\/cms\/keinen-newsletter-mehr\/\" target=\"_blank\" rel=\"noopener noreferrer\">\u00bb Newsletter abbestellen - antworte auf die Mail und schreibe \"ich m\u00f6chte keine Infos mehr\" oder klicke hier<\/a>\r\n<\/span><\/pre>\n<p>&nbsp;<\/p>\n","protected":false},"excerpt":{"rendered":"<p>Gervasio Manuel Ledesma LIVE zur Geburtstags &#8211; Milonga 20 Jahre La academia &nbsp; Samstag, 7. November &nbsp; &nbsp; &nbsp; . . Gervasio Manuel Ledesma ist vielen bekannt als Gr\u00fcndungsmitglied des Sexteto Milonguero. Es ist schon[&#8230;]<\/p>\n","protected":false},"author":2,"featured_media":0,"parent":0,"menu_order":0,"comment_status":"closed","ping_status":"closed","template":"","meta":{"footnotes":""},"class_list":["post-3782","page","type-page","status-publish","hentry"],"_links":{"self":[{"href":"http:\/\/www.la-academia-tango.net\/cms\/wp-json\/wp\/v2\/pages\/3782","targetHints":{"allow":["GET"]}}],"collection":[{"href":"http:\/\/www.la-academia-tango.net\/cms\/wp-json\/wp\/v2\/pages"}],"about":[{"href":"http:\/\/www.la-academia-tango.net\/cms\/wp-json\/wp\/v2\/types\/page"}],"author":[{"embeddable":true,"href":"http:\/\/www.la-academia-tango.net\/cms\/wp-json\/wp\/v2\/users\/2"}],"replies":[{"embeddable":true,"href":"http:\/\/www.la-academia-tango.net\/cms\/wp-json\/wp\/v2\/comments?post=3782"}],"version-history":[{"count":15,"href":"http:\/\/www.la-academia-tango.net\/cms\/wp-json\/wp\/v2\/pages\/3782\/revisions"}],"predecessor-version":[{"id":9769,"href":"http:\/\/www.la-academia-tango.net\/cms\/wp-json\/wp\/v2\/pages\/3782\/revisions\/9769"}],"wp:attachment":[{"href":"http:\/\/www.la-academia-tango.net\/cms\/wp-json\/wp\/v2\/media?parent=3782"}],"curies":[{"name":"wp","href":"https:\/\/api.w.org\/{rel}","templated":true}]}}